{"id":988,"date":"2018-09-05T18:35:33","date_gmt":"2018-09-05T16:35:33","guid":{"rendered":"http:\/\/www.fairwinds.at\/1604\/?page_id=988"},"modified":"2024-02-02T10:31:32","modified_gmt":"2024-02-02T09:31:32","slug":"assisted-sailing","status":"publish","type":"page","link":"https:\/\/www.fairwinds.at\/1604\/spezielle-segeltoerns\/assisted-sailing\/","title":{"rendered":"Assisted Sailing"},"content":{"rendered":"<h1>Sicherheit an Bord<\/h1>\n<p>F\u00fcr diejenigen, die durch das Mitsegeln eines erfahrenen Skippers f\u00fcr sich und ihrer Crew\/familie Sicherheit gewinnen wollen und von der Erfahrung eines Skippers profitieren wollen.<\/p>\n<p><img loading=\"lazy\" decoding=\"async\" class=\"wp-image-1001 alignright\" src=\"https:\/\/www.fairwinds.at\/1604\/wp-content\/uploads\/2018\/09\/P9110034-300x225.jpg\" alt=\"\" width=\"299\" height=\"224\" srcset=\"https:\/\/www.fairwinds.at\/1604\/wp-content\/uploads\/2018\/09\/P9110034-300x225.jpg 300w, https:\/\/www.fairwinds.at\/1604\/wp-content\/uploads\/2018\/09\/P9110034-768x576.jpg 768w, https:\/\/www.fairwinds.at\/1604\/wp-content\/uploads\/2018\/09\/P9110034.jpg 1024w, https:\/\/www.fairwinds.at\/1604\/wp-content\/uploads\/2018\/09\/P9110034-600x450.jpg 600w\" sizes=\"auto, (max-width: 299px) 100vw, 299px\" \/><\/p>\n<p><img loading=\"lazy\" decoding=\"async\" class=\"wp-image-995 alignleft\" src=\"https:\/\/www.fairwinds.at\/1604\/wp-content\/uploads\/2018\/09\/assisted-sailing-4-300x200.jpg\" alt=\"\" width=\"295\" height=\"197\" srcset=\"https:\/\/www.fairwinds.at\/1604\/wp-content\/uploads\/2018\/09\/assisted-sailing-4-300x200.jpg 300w, https:\/\/www.fairwinds.at\/1604\/wp-content\/uploads\/2018\/09\/assisted-sailing-4-768x512.jpg 768w, https:\/\/www.fairwinds.at\/1604\/wp-content\/uploads\/2018\/09\/assisted-sailing-4-600x400.jpg 600w, https:\/\/www.fairwinds.at\/1604\/wp-content\/uploads\/2018\/09\/assisted-sailing-4.jpg 900w\" sizes=\"auto, (max-width: 295px) 100vw, 295px\" \/><\/p>\n<p>&nbsp;<\/p>\n<p>&nbsp;<\/p>\n<p>&nbsp;<\/p>\n<p>&nbsp;<\/p>\n<p>&nbsp;<\/p>\n<p>&nbsp;<\/p>\n<p>Du bist schon qualifiziert, willst aber ein wenig Hilfe?<\/p>\n<p><img loading=\"lazy\" decoding=\"async\" class=\" wp-image-992 alignright\" src=\"https:\/\/www.fairwinds.at\/1604\/wp-content\/uploads\/2018\/09\/assisted-Sailing-0-300x225.png\" alt=\"\" width=\"313\" height=\"235\" srcset=\"https:\/\/www.fairwinds.at\/1604\/wp-content\/uploads\/2018\/09\/assisted-Sailing-0-300x225.png 300w, https:\/\/www.fairwinds.at\/1604\/wp-content\/uploads\/2018\/09\/assisted-Sailing-0-768x576.png 768w, https:\/\/www.fairwinds.at\/1604\/wp-content\/uploads\/2018\/09\/assisted-Sailing-0-600x450.png 600w, https:\/\/www.fairwinds.at\/1604\/wp-content\/uploads\/2018\/09\/assisted-Sailing-0.png 817w\" sizes=\"auto, (max-width: 313px) 100vw, 313px\" \/><\/p>\n<p>Du segelst nur ein- oder zweimal im Jahr, hast wenig Erfahrung oder die Kenntnisse sind schon ein wenig verrostet\u2026<\/p>\n<p><span class=\"tlid-translation translation\" lang=\"de\">Eine\u00a0 \u00dcberfahrt kann eine fantastische Gelegenheit und Erfahrung sein. Es ist die perfekte M\u00f6glichkeit, mehr \u00fcber die Yacht zu erfahren und von den F\u00e4higkeiten eines erfahrenen Seglers zu profitieren. Als leidenschaftliche Segler k\u00f6nnen wir Dir helfen, die Erfahrung und das Vertrauen zu gewinnen, um ohne uns weiterzumachen \u2013 unabh\u00e4ngig davon, ob Du auf eine gr\u00f6\u00dfere Yacht oder von einem Einr\u00fcmpfer auf einen Katamaran umgestiegen bist. Es kann von unsch\u00e4tzbarem Wert sein, einen erfahrenen Kapit\u00e4n an Bord zu haben: F\u00fcr Deine erste Nachtpassage oder in unbekannten Revieren mit zB Tiden und Str\u00f6mungen, kann Dir ein Kapit\u00e4n mit tausenden von Meilen Erfahrung die n\u00f6tige Selbstsicherheit verschaffen.<\/span>Assisted Sailing bietet Unterst\u00fctzung f\u00fcr deinen <a href=\"https:\/\/www.fairwinds.at\/1604\/spezielle-segeltoerns\/massgeschneiderte-trainingstoern\/\">T\u00f6rn<\/a>.<\/p>\n<p><img loading=\"lazy\" decoding=\"async\" class=\" wp-image-992 alignright\" src=\"https:\/\/www.fairwinds.at\/1604\/wp-content\/uploads\/2018\/09\/assisted-Sailing-0-300x225.png\" sizes=\"auto, (max-width: 313px) 100vw, 313px\" srcset=\"https:\/\/www.fairwinds.at\/1604\/wp-content\/uploads\/2018\/09\/assisted-Sailing-0-300x225.png 300w, https:\/\/www.fairwinds.at\/1604\/wp-content\/uploads\/2018\/09\/assisted-Sailing-0-768x576.png 768w, https:\/\/www.fairwinds.at\/1604\/wp-content\/uploads\/2018\/09\/assisted-Sailing-0-600x450.png 600w, https:\/\/www.fairwinds.at\/1604\/wp-content\/uploads\/2018\/09\/assisted-Sailing-0.png 817w\" alt=\"\" width=\"313\" height=\"235\" \/><\/p>\n<p>Sei es beim Ankern, beim Anlegen, einem einfachem Auffrischen der MOB-Techniken oder beim Segeln. Wenn\u00a0Familie oder Freunde mitsegeln ist dies eine gro\u00dfartige M\u00f6glichkeit, Selbstvertrauen aufzubauen.<\/p>\n<p>Assisted Sailing ist Training und Vorbereitung f\u00fcr deinen <a href=\"https:\/\/www.fairwinds.at\/1604\/spezielle-segeltoerns\/massgeschneiderte-trainingstoern\/\">T\u00f6rn\u00a0\u00a0<\/a>bzw. die <a href=\"http:\/\/www.yachttransfer.eu\">\u00dcberstellung<\/a> deines Boots in den Heimathafen.<\/p>\n<p>&nbsp;<\/p>\n<p>Sei es beim Ankern, beim Anlegen, einem einfachem Auffrischen der MOB-Techniken oder beim Segeln.<\/p>\n<p><img loading=\"lazy\" decoding=\"async\" class=\"wp-image-996 alignleft\" src=\"https:\/\/www.fairwinds.at\/1604\/wp-content\/uploads\/2018\/09\/assisted-sailing-5-300x300.jpg\" alt=\"\" width=\"246\" height=\"246\" srcset=\"https:\/\/www.fairwinds.at\/1604\/wp-content\/uploads\/2018\/09\/assisted-sailing-5-300x300.jpg 300w, https:\/\/www.fairwinds.at\/1604\/wp-content\/uploads\/2018\/09\/assisted-sailing-5-150x150.jpg 150w, https:\/\/www.fairwinds.at\/1604\/wp-content\/uploads\/2018\/09\/assisted-sailing-5.jpg 600w, https:\/\/www.fairwinds.at\/1604\/wp-content\/uploads\/2018\/09\/assisted-sailing-5-100x100.jpg 100w\" sizes=\"auto, (max-width: 246px) 100vw, 246px\" \/><\/p>\n<p>&nbsp;<\/p>\n<p style=\"text-align: left;\">Du genie\u00dft den Spa\u00df und die Freiheit des Segelns, entspannen sich und lernen dabei auch noch.<\/p>\n<p>&nbsp;<\/p>\n<p>&nbsp;<\/p>\n<p>&nbsp;<\/p>\n<p>&nbsp;<\/p>\n<p>&nbsp;<\/p>\n<p>&nbsp;<\/p>\n<p>&nbsp;<\/p>\n<div id=\"kpm-root\" class=\"kpm_LTR notranslate\" translate=\"no\"><\/div>\n<div id=\"kpm-root\" class=\"kpm_LTR notranslate\" translate=\"no\"><\/div>\n","protected":false},"excerpt":{"rendered":"<p>Sicherheit an Bord F\u00fcr diejenigen, die durch das Mitsegeln eines erfahrenen Skippers f\u00fcr sich und ihrer Crew\/familie Sicherheit gewinnen wollen und von der Erfahrung eines Skippers profitieren wollen. &nbsp; &nbsp; &nbsp; &nbsp; &nbsp; &nbsp; Du bist schon qualifiziert, willst aber ein wenig Hilfe? Du segelst nur ein- oder zweimal im Jahr, hast wenig Erfahrung oder &hellip; <\/p>\n<p><a class=\"more-link btn\" href=\"https:\/\/www.fairwinds.at\/1604\/spezielle-segeltoerns\/assisted-sailing\/\">Weiterlesen<\/a><\/p>\n","protected":false},"author":1,"featured_media":0,"parent":41,"menu_order":4,"comment_status":"closed","ping_status":"closed","template":"","meta":{"footnotes":""},"class_list":["post-988","page","type-page","status-publish","hentry","nodate","item-wrap"],"yoast_head":"<!-- This site is optimized with the Yoast SEO plugin v27.6 - https:\/\/yoast.com\/product\/yoast-seo-wordpress\/ -->\n<title>Assistenz f\u00fcr den Skipper - Sicherheit durch mitsegeln<\/title>\n<meta name=\"description\" content=\"Unterst\u00fctzung f\u00fcr den Skipper\u2713 mitsegeln und Erfahrung sammeln\u2713 Praxistraining\u2713 Sicherheit f\u00fcr ihre Familie\/Crew\u2713 Mittelmeer\u2713 Segelt\u00f6rn\u2713 Segelurlaub\u2713\" \/>\n<meta name=\"robots\" content=\"index, follow, max-snippet:-1, max-image-preview:large, max-video-preview:-1\" \/>\n<link rel=\"canonical\" href=\"https:\/\/www.fairwinds.at\/1604\/spezielle-segeltoerns\/assisted-sailing\/\" \/>\n<meta property=\"og:locale\" content=\"de_DE\" \/>\n<meta property=\"og:type\" content=\"article\" \/>\n<meta property=\"og:title\" content=\"Assistenz f\u00fcr den Skipper - Sicherheit durch mitsegeln\" \/>\n<meta property=\"og:description\" content=\"Unterst\u00fctzung f\u00fcr den Skipper\u2713 mitsegeln und Erfahrung sammeln\u2713 Praxistraining\u2713 Sicherheit f\u00fcr ihre Familie\/Crew\u2713 Mittelmeer\u2713 Segelt\u00f6rn\u2713 Segelurlaub\u2713\" \/>\n<meta property=\"og:url\" content=\"https:\/\/www.fairwinds.at\/1604\/spezielle-segeltoerns\/assisted-sailing\/\" \/>\n<meta property=\"og:site_name\" content=\"Yachtsport Training Center\" \/>\n<meta property=\"article:publisher\" content=\"http:\/\/www.fairwinds.at\" \/>\n<meta property=\"article:modified_time\" content=\"2024-02-02T09:31:32+00:00\" \/>\n<meta property=\"og:image\" content=\"http:\/\/www.fairwinds.at\/1604\/wp-content\/uploads\/2018\/09\/P9110034-300x225.jpg\" \/>\n<meta name=\"twitter:card\" content=\"summary_large_image\" \/>\n<meta name=\"twitter:label1\" content=\"Gesch\u00e4tzte Lesezeit\" \/>\n\t<meta name=\"twitter:data1\" content=\"3\u00a0Minuten\" \/>\n<script type=\"application\/ld+json\" class=\"yoast-schema-graph\">{\"@context\":\"https:\\\/\\\/schema.org\",\"@graph\":[{\"@type\":\"WebPage\",\"@id\":\"https:\\\/\\\/www.fairwinds.at\\\/1604\\\/spezielle-segeltoerns\\\/assisted-sailing\\\/\",\"url\":\"https:\\\/\\\/www.fairwinds.at\\\/1604\\\/spezielle-segeltoerns\\\/assisted-sailing\\\/\",\"name\":\"Assistenz f\u00fcr den Skipper - Sicherheit durch mitsegeln\",\"isPartOf\":{\"@id\":\"https:\\\/\\\/www.fairwinds.at\\\/1604\\\/#website\"},\"primaryImageOfPage\":{\"@id\":\"https:\\\/\\\/www.fairwinds.at\\\/1604\\\/spezielle-segeltoerns\\\/assisted-sailing\\\/#primaryimage\"},\"image\":{\"@id\":\"https:\\\/\\\/www.fairwinds.at\\\/1604\\\/spezielle-segeltoerns\\\/assisted-sailing\\\/#primaryimage\"},\"thumbnailUrl\":\"http:\\\/\\\/www.fairwinds.at\\\/1604\\\/wp-content\\\/uploads\\\/2018\\\/09\\\/P9110034-300x225.jpg\",\"datePublished\":\"2018-09-05T16:35:33+00:00\",\"dateModified\":\"2024-02-02T09:31:32+00:00\",\"description\":\"Unterst\u00fctzung f\u00fcr den Skipper\u2713 mitsegeln und Erfahrung sammeln\u2713 Praxistraining\u2713 Sicherheit f\u00fcr ihre Familie\\\/Crew\u2713 Mittelmeer\u2713 Segelt\u00f6rn\u2713 Segelurlaub\u2713\",\"breadcrumb\":{\"@id\":\"https:\\\/\\\/www.fairwinds.at\\\/1604\\\/spezielle-segeltoerns\\\/assisted-sailing\\\/#breadcrumb\"},\"inLanguage\":\"de\",\"potentialAction\":[{\"@type\":\"ReadAction\",\"target\":[\"https:\\\/\\\/www.fairwinds.at\\\/1604\\\/spezielle-segeltoerns\\\/assisted-sailing\\\/\"]}]},{\"@type\":\"ImageObject\",\"inLanguage\":\"de\",\"@id\":\"https:\\\/\\\/www.fairwinds.at\\\/1604\\\/spezielle-segeltoerns\\\/assisted-sailing\\\/#primaryimage\",\"url\":\"http:\\\/\\\/www.fairwinds.at\\\/1604\\\/wp-content\\\/uploads\\\/2018\\\/09\\\/P9110034-300x225.jpg\",\"contentUrl\":\"http:\\\/\\\/www.fairwinds.at\\\/1604\\\/wp-content\\\/uploads\\\/2018\\\/09\\\/P9110034-300x225.jpg\"},{\"@type\":\"BreadcrumbList\",\"@id\":\"https:\\\/\\\/www.fairwinds.at\\\/1604\\\/spezielle-segeltoerns\\\/assisted-sailing\\\/#breadcrumb\",\"itemListElement\":[{\"@type\":\"ListItem\",\"position\":1,\"name\":\"Startseite\",\"item\":\"https:\\\/\\\/www.fairwinds.at\\\/1604\\\/\"},{\"@type\":\"ListItem\",\"position\":2,\"name\":\"Praxis: Segeln speziell\",\"item\":\"https:\\\/\\\/www.fairwinds.at\\\/1604\\\/spezielle-segeltoerns\\\/\"},{\"@type\":\"ListItem\",\"position\":3,\"name\":\"Assisted Sailing\"}]},{\"@type\":\"WebSite\",\"@id\":\"https:\\\/\\\/www.fairwinds.at\\\/1604\\\/#website\",\"url\":\"https:\\\/\\\/www.fairwinds.at\\\/1604\\\/\",\"name\":\"Yachtsport Training Center\",\"description\":\"\",\"potentialAction\":[{\"@type\":\"SearchAction\",\"target\":{\"@type\":\"EntryPoint\",\"urlTemplate\":\"https:\\\/\\\/www.fairwinds.at\\\/1604\\\/?s={search_term_string}\"},\"query-input\":{\"@type\":\"PropertyValueSpecification\",\"valueRequired\":true,\"valueName\":\"search_term_string\"}}],\"inLanguage\":\"de\"}]}<\/script>\n<!-- \/ Yoast SEO plugin. -->","yoast_head_json":{"title":"Assistenz f\u00fcr den Skipper - Sicherheit durch mitsegeln","description":"Unterst\u00fctzung f\u00fcr den Skipper\u2713 mitsegeln und Erfahrung sammeln\u2713 Praxistraining\u2713 Sicherheit f\u00fcr ihre Familie\/Crew\u2713 Mittelmeer\u2713 Segelt\u00f6rn\u2713 Segelurlaub\u2713","robots":{"index":"index","follow":"follow","max-snippet":"max-snippet:-1","max-image-preview":"max-image-preview:large","max-video-preview":"max-video-preview:-1"},"canonical":"https:\/\/www.fairwinds.at\/1604\/spezielle-segeltoerns\/assisted-sailing\/","og_locale":"de_DE","og_type":"article","og_title":"Assistenz f\u00fcr den Skipper - Sicherheit durch mitsegeln","og_description":"Unterst\u00fctzung f\u00fcr den Skipper\u2713 mitsegeln und Erfahrung sammeln\u2713 Praxistraining\u2713 Sicherheit f\u00fcr ihre Familie\/Crew\u2713 Mittelmeer\u2713 Segelt\u00f6rn\u2713 Segelurlaub\u2713","og_url":"https:\/\/www.fairwinds.at\/1604\/spezielle-segeltoerns\/assisted-sailing\/","og_site_name":"Yachtsport Training Center","article_publisher":"http:\/\/www.fairwinds.at","article_modified_time":"2024-02-02T09:31:32+00:00","og_image":[{"url":"http:\/\/www.fairwinds.at\/1604\/wp-content\/uploads\/2018\/09\/P9110034-300x225.jpg","type":"","width":"","height":""}],"twitter_card":"summary_large_image","twitter_misc":{"Gesch\u00e4tzte Lesezeit":"3\u00a0Minuten"},"schema":{"@context":"https:\/\/schema.org","@graph":[{"@type":"WebPage","@id":"https:\/\/www.fairwinds.at\/1604\/spezielle-segeltoerns\/assisted-sailing\/","url":"https:\/\/www.fairwinds.at\/1604\/spezielle-segeltoerns\/assisted-sailing\/","name":"Assistenz f\u00fcr den Skipper - Sicherheit durch mitsegeln","isPartOf":{"@id":"https:\/\/www.fairwinds.at\/1604\/#website"},"primaryImageOfPage":{"@id":"https:\/\/www.fairwinds.at\/1604\/spezielle-segeltoerns\/assisted-sailing\/#primaryimage"},"image":{"@id":"https:\/\/www.fairwinds.at\/1604\/spezielle-segeltoerns\/assisted-sailing\/#primaryimage"},"thumbnailUrl":"http:\/\/www.fairwinds.at\/1604\/wp-content\/uploads\/2018\/09\/P9110034-300x225.jpg","datePublished":"2018-09-05T16:35:33+00:00","dateModified":"2024-02-02T09:31:32+00:00","description":"Unterst\u00fctzung f\u00fcr den Skipper\u2713 mitsegeln und Erfahrung sammeln\u2713 Praxistraining\u2713 Sicherheit f\u00fcr ihre Familie\/Crew\u2713 Mittelmeer\u2713 Segelt\u00f6rn\u2713 Segelurlaub\u2713","breadcrumb":{"@id":"https:\/\/www.fairwinds.at\/1604\/spezielle-segeltoerns\/assisted-sailing\/#breadcrumb"},"inLanguage":"de","potentialAction":[{"@type":"ReadAction","target":["https:\/\/www.fairwinds.at\/1604\/spezielle-segeltoerns\/assisted-sailing\/"]}]},{"@type":"ImageObject","inLanguage":"de","@id":"https:\/\/www.fairwinds.at\/1604\/spezielle-segeltoerns\/assisted-sailing\/#primaryimage","url":"http:\/\/www.fairwinds.at\/1604\/wp-content\/uploads\/2018\/09\/P9110034-300x225.jpg","contentUrl":"http:\/\/www.fairwinds.at\/1604\/wp-content\/uploads\/2018\/09\/P9110034-300x225.jpg"},{"@type":"BreadcrumbList","@id":"https:\/\/www.fairwinds.at\/1604\/spezielle-segeltoerns\/assisted-sailing\/#breadcrumb","itemListElement":[{"@type":"ListItem","position":1,"name":"Startseite","item":"https:\/\/www.fairwinds.at\/1604\/"},{"@type":"ListItem","position":2,"name":"Praxis: Segeln speziell","item":"https:\/\/www.fairwinds.at\/1604\/spezielle-segeltoerns\/"},{"@type":"ListItem","position":3,"name":"Assisted Sailing"}]},{"@type":"WebSite","@id":"https:\/\/www.fairwinds.at\/1604\/#website","url":"https:\/\/www.fairwinds.at\/1604\/","name":"Yachtsport Training Center","description":"","potentialAction":[{"@type":"SearchAction","target":{"@type":"EntryPoint","urlTemplate":"https:\/\/www.fairwinds.at\/1604\/?s={search_term_string}"},"query-input":{"@type":"PropertyValueSpecification","valueRequired":true,"valueName":"search_term_string"}}],"inLanguage":"de"}]}},"amp_enabled":true,"_links":{"self":[{"href":"https:\/\/www.fairwinds.at\/1604\/wp-json\/wp\/v2\/pages\/988","targetHints":{"allow":["GET"]}}],"collection":[{"href":"https:\/\/www.fairwinds.at\/1604\/wp-json\/wp\/v2\/pages"}],"about":[{"href":"https:\/\/www.fairwinds.at\/1604\/wp-json\/wp\/v2\/types\/page"}],"author":[{"embeddable":true,"href":"https:\/\/www.fairwinds.at\/1604\/wp-json\/wp\/v2\/users\/1"}],"replies":[{"embeddable":true,"href":"https:\/\/www.fairwinds.at\/1604\/wp-json\/wp\/v2\/comments?post=988"}],"version-history":[{"count":19,"href":"https:\/\/www.fairwinds.at\/1604\/wp-json\/wp\/v2\/pages\/988\/revisions"}],"predecessor-version":[{"id":3320,"href":"https:\/\/www.fairwinds.at\/1604\/wp-json\/wp\/v2\/pages\/988\/revisions\/3320"}],"up":[{"embeddable":true,"href":"https:\/\/www.fairwinds.at\/1604\/wp-json\/wp\/v2\/pages\/41"}],"wp:attachment":[{"href":"https:\/\/www.fairwinds.at\/1604\/wp-json\/wp\/v2\/media?parent=988"}],"curies":[{"name":"wp","href":"https:\/\/api.w.org\/{rel}","templated":true}]}}