{"id":854,"date":"2018-06-06T17:43:39","date_gmt":"2018-06-06T15:43:39","guid":{"rendered":"http:\/\/www.fairwinds.at\/1604\/?page_id=854"},"modified":"2019-01-02T10:49:10","modified_gmt":"2019-01-02T09:49:10","slug":"skippercoaching","status":"publish","type":"page","link":"https:\/\/www.fairwinds.at\/1604\/skippercoaching\/","title":{"rendered":"Skippercoaching"},"content":{"rendered":"<h1><strong><span style=\"color: #333399;\">Individualit\u00e4t, Flexibilit\u00e4t und Intensit\u00e4t &#8211;<br \/>\n<\/span><\/strong><strong><span style=\"color: #333399;\">intensiv, ma\u00dfgeschneidert, zielorientiert<\/span><\/strong><\/h1>\n<h1><img loading=\"lazy\" decoding=\"async\" class=\" wp-image-859 alignright\" src=\"https:\/\/www.fairwinds.at\/1604\/wp-content\/uploads\/2018\/06\/Solent-z248-300x225.jpg\" alt=\"\" width=\"275\" height=\"206\" srcset=\"https:\/\/www.fairwinds.at\/1604\/wp-content\/uploads\/2018\/06\/Solent-z248-300x225.jpg 300w, https:\/\/www.fairwinds.at\/1604\/wp-content\/uploads\/2018\/06\/Solent-z248-768x576.jpg 768w, https:\/\/www.fairwinds.at\/1604\/wp-content\/uploads\/2018\/06\/Solent-z248-1024x768.jpg 1024w, https:\/\/www.fairwinds.at\/1604\/wp-content\/uploads\/2018\/06\/Solent-z248-600x450.jpg 600w, https:\/\/www.fairwinds.at\/1604\/wp-content\/uploads\/2018\/06\/Solent-z248.jpg 1440w\" sizes=\"auto, (max-width: 275px) 100vw, 275px\" \/><\/h1>\n<p>Der Erfolg best\u00e4tigt: Skippercoaching, ein Einzeltraining ist die beste und zielf\u00fchrendste Art Sicherheit im Umgang mit der Yacht zu gewinnen. Einerseits f\u00fcr Neulinge und ebenso auch f\u00fcr Skipper mit einiger Erfahrung.<\/p>\n<h2><span style=\"color: #333399;\"><strong>F\u00fchlen Sie Unsicherheit wenn Sie einen Hafen ansteuern sollen?<\/strong><\/span><\/h2>\n<p>Bei meinem Training bzw. Coachings hole ich Sie dort ab wo Sie stehen,\u00a0 bringe meine Erfahrung ein und unterst\u00fctze Sie bei der Durchf\u00fchrung der Man\u00f6ver bis Sie Sicherheit gewonnen haben. Beim Anlegen l\u00e4ngsseits, mit unterschiedlichen Winden, beim Ablegen aus verschiedenen Positionen, N\u00fctzung des Radeffekts, Man\u00f6ver mit den Springs, \u2026..<\/p>\n<p><img loading=\"lazy\" decoding=\"async\" class=\" wp-image-866 alignright\" src=\"https:\/\/www.fairwinds.at\/1604\/wp-content\/uploads\/2018\/06\/5-169x300.jpg\" alt=\"\" width=\"128\" height=\"227\" srcset=\"https:\/\/www.fairwinds.at\/1604\/wp-content\/uploads\/2018\/06\/5-169x300.jpg 169w, https:\/\/www.fairwinds.at\/1604\/wp-content\/uploads\/2018\/06\/5-768x1365.jpg 768w, https:\/\/www.fairwinds.at\/1604\/wp-content\/uploads\/2018\/06\/5-576x1024.jpg 576w, https:\/\/www.fairwinds.at\/1604\/wp-content\/uploads\/2018\/06\/5-600x1067.jpg 600w\" sizes=\"auto, (max-width: 128px) 100vw, 128px\" \/><\/p>\n<h2><strong><span style=\"color: #333399;\">Passage planning\u00a0<\/span><\/strong><\/h2>\n<p>Sie planen einen T\u00f6rn \u2013 ob Urlaub oder \u00dcberstellung: eine gute Planung ist die Basis f\u00fcr eine sichere und erfolgreiche Fahrt.<\/p>\n<p>Ich unterst\u00fctze Sie, mache Sie fit, zu den wichtigsten Themen:<\/p>\n<ul>\n<li>Woher bekomme ich die besten Wetterinformationen?<\/li>\n<li>Welche Strategien w\u00e4hle ich f\u00fcr eine\u00a0bevorstehende Passage unter Ber\u00fccksichtigung der Wetterverh\u00e4ltnisse\u00a0und der Gezeiten (z.B.: Channel Crossing)<\/li>\n<li>Wie plane ich Steuerkurs, Geschwindigkeit, ETA, KVR (colregs),.\u2026.?<\/li>\n<li>Trimm und wann ist es Zeit zu reffen?<\/li>\n<li>Rechtzeitige Entscheidungen und Kommandos<\/li>\n<li>Crewf\u00fchrung, Umgang mit Angst, Seekrankheit. Funkverkehr, Ankertechniken. Motor, Energiemanagement, Fehlersuche<\/li>\n<li>Sinnvoller Einsatz von Radar und AIS<\/li>\n<li>Richtig reagieren bei einem Seenotfall?<\/li>\n<li>Organisation des Alltags an Bord bei Langfahrt \u2013 Bunkern, Wasserreserven, \u2026.?<\/li>\n<\/ul>\n<h5><span style=\"color: #333399;\"><strong>Der schnellste Kontakt:<\/strong><\/span><\/h5>\n<p><strong>T: \u00a0 +43 664 234 13 15<\/strong><\/p>\n<p><strong>M: \u00a0 <a href=\"mailto:office@fairwinds.at\">office@fairwinds.at<\/a><\/strong><\/p>\n","protected":false},"excerpt":{"rendered":"<p>Individualit\u00e4t, Flexibilit\u00e4t und Intensit\u00e4t &#8211; intensiv, ma\u00dfgeschneidert, zielorientiert Der Erfolg best\u00e4tigt: Skippercoaching, ein Einzeltraining ist die beste und zielf\u00fchrendste Art Sicherheit im Umgang mit der Yacht zu gewinnen. Einerseits f\u00fcr Neulinge und ebenso auch f\u00fcr Skipper mit einiger Erfahrung. F\u00fchlen Sie Unsicherheit wenn Sie einen Hafen ansteuern sollen? Bei meinem Training bzw. Coachings hole ich &hellip; <\/p>\n<p><a class=\"more-link btn\" href=\"https:\/\/www.fairwinds.at\/1604\/skippercoaching\/\">Weiterlesen<\/a><\/p>\n","protected":false},"author":1,"featured_media":0,"parent":0,"menu_order":4,"comment_status":"closed","ping_status":"closed","template":"","meta":{"footnotes":""},"class_list":["post-854","page","type-page","status-publish","hentry","nodate","item-wrap"],"yoast_head":"<!-- This site is optimized with the Yoast SEO plugin v27.4 - https:\/\/yoast.com\/product\/yoast-seo-wordpress\/ -->\n<title>Skippercoaching - Segelerfahrung sammeln - Sicherheit gewinnen<\/title>\n<meta name=\"description\" content=\"Learning by doing\u2713 Einzeltraining\u2713 beste und zielf\u00fchrendste Art Sicherheit im Umgang mit der Yacht zu gewinnen\u2713 auch f\u00fcrerfahrene Skipper\u2713 Beratung RYA Yachtmaster\u2713 Sailing Instructor\u2713 Skippercoaching \u2713\" \/>\n<meta name=\"robots\" content=\"index, follow, max-snippet:-1, max-image-preview:large, max-video-preview:-1\" \/>\n<link rel=\"canonical\" href=\"https:\/\/www.fairwinds.at\/1604\/skippercoaching\/\" \/>\n<meta property=\"og:locale\" content=\"de_DE\" \/>\n<meta property=\"og:type\" content=\"article\" \/>\n<meta property=\"og:title\" content=\"Skippercoaching - Segelerfahrung sammeln - Sicherheit gewinnen\" \/>\n<meta property=\"og:description\" content=\"Learning by doing\u2713 Einzeltraining\u2713 beste und zielf\u00fchrendste Art Sicherheit im Umgang mit der Yacht zu gewinnen\u2713 auch f\u00fcrerfahrene Skipper\u2713 Beratung RYA Yachtmaster\u2713 Sailing Instructor\u2713 Skippercoaching \u2713\" \/>\n<meta property=\"og:url\" content=\"https:\/\/www.fairwinds.at\/1604\/skippercoaching\/\" \/>\n<meta property=\"og:site_name\" content=\"Yachtsport Training Center\" \/>\n<meta property=\"article:publisher\" content=\"http:\/\/www.fairwinds.at\" \/>\n<meta property=\"article:modified_time\" content=\"2019-01-02T09:49:10+00:00\" \/>\n<meta property=\"og:image\" content=\"http:\/\/www.fairwinds.at\/1604\/wp-content\/uploads\/2018\/06\/Solent-z248-300x225.jpg\" \/>\n<meta name=\"twitter:card\" content=\"summary_large_image\" \/>\n<meta name=\"twitter:label1\" content=\"Gesch\u00e4tzte Lesezeit\" \/>\n\t<meta name=\"twitter:data1\" content=\"1\u00a0Minute\" \/>\n<script type=\"application\/ld+json\" class=\"yoast-schema-graph\">{\"@context\":\"https:\\\/\\\/schema.org\",\"@graph\":[{\"@type\":\"WebPage\",\"@id\":\"https:\\\/\\\/www.fairwinds.at\\\/1604\\\/skippercoaching\\\/\",\"url\":\"https:\\\/\\\/www.fairwinds.at\\\/1604\\\/skippercoaching\\\/\",\"name\":\"Skippercoaching - Segelerfahrung sammeln - Sicherheit gewinnen\",\"isPartOf\":{\"@id\":\"https:\\\/\\\/www.fairwinds.at\\\/1604\\\/#website\"},\"primaryImageOfPage\":{\"@id\":\"https:\\\/\\\/www.fairwinds.at\\\/1604\\\/skippercoaching\\\/#primaryimage\"},\"image\":{\"@id\":\"https:\\\/\\\/www.fairwinds.at\\\/1604\\\/skippercoaching\\\/#primaryimage\"},\"thumbnailUrl\":\"http:\\\/\\\/www.fairwinds.at\\\/1604\\\/wp-content\\\/uploads\\\/2018\\\/06\\\/Solent-z248-300x225.jpg\",\"datePublished\":\"2018-06-06T15:43:39+00:00\",\"dateModified\":\"2019-01-02T09:49:10+00:00\",\"description\":\"Learning by doing\u2713 Einzeltraining\u2713 beste und zielf\u00fchrendste Art Sicherheit im Umgang mit der Yacht zu gewinnen\u2713 auch f\u00fcrerfahrene Skipper\u2713 Beratung RYA Yachtmaster\u2713 Sailing Instructor\u2713 Skippercoaching \u2713\",\"breadcrumb\":{\"@id\":\"https:\\\/\\\/www.fairwinds.at\\\/1604\\\/skippercoaching\\\/#breadcrumb\"},\"inLanguage\":\"de\",\"potentialAction\":[{\"@type\":\"ReadAction\",\"target\":[\"https:\\\/\\\/www.fairwinds.at\\\/1604\\\/skippercoaching\\\/\"]}]},{\"@type\":\"ImageObject\",\"inLanguage\":\"de\",\"@id\":\"https:\\\/\\\/www.fairwinds.at\\\/1604\\\/skippercoaching\\\/#primaryimage\",\"url\":\"http:\\\/\\\/www.fairwinds.at\\\/1604\\\/wp-content\\\/uploads\\\/2018\\\/06\\\/Solent-z248-300x225.jpg\",\"contentUrl\":\"http:\\\/\\\/www.fairwinds.at\\\/1604\\\/wp-content\\\/uploads\\\/2018\\\/06\\\/Solent-z248-300x225.jpg\"},{\"@type\":\"BreadcrumbList\",\"@id\":\"https:\\\/\\\/www.fairwinds.at\\\/1604\\\/skippercoaching\\\/#breadcrumb\",\"itemListElement\":[{\"@type\":\"ListItem\",\"position\":1,\"name\":\"Startseite\",\"item\":\"https:\\\/\\\/www.fairwinds.at\\\/1604\\\/\"},{\"@type\":\"ListItem\",\"position\":2,\"name\":\"Skippercoaching\"}]},{\"@type\":\"WebSite\",\"@id\":\"https:\\\/\\\/www.fairwinds.at\\\/1604\\\/#website\",\"url\":\"https:\\\/\\\/www.fairwinds.at\\\/1604\\\/\",\"name\":\"Yachtsport Training Center\",\"description\":\"\",\"potentialAction\":[{\"@type\":\"SearchAction\",\"target\":{\"@type\":\"EntryPoint\",\"urlTemplate\":\"https:\\\/\\\/www.fairwinds.at\\\/1604\\\/?s={search_term_string}\"},\"query-input\":{\"@type\":\"PropertyValueSpecification\",\"valueRequired\":true,\"valueName\":\"search_term_string\"}}],\"inLanguage\":\"de\"}]}<\/script>\n<!-- \/ Yoast SEO plugin. -->","yoast_head_json":{"title":"Skippercoaching - Segelerfahrung sammeln - Sicherheit gewinnen","description":"Learning by doing\u2713 Einzeltraining\u2713 beste und zielf\u00fchrendste Art Sicherheit im Umgang mit der Yacht zu gewinnen\u2713 auch f\u00fcrerfahrene Skipper\u2713 Beratung RYA Yachtmaster\u2713 Sailing Instructor\u2713 Skippercoaching \u2713","robots":{"index":"index","follow":"follow","max-snippet":"max-snippet:-1","max-image-preview":"max-image-preview:large","max-video-preview":"max-video-preview:-1"},"canonical":"https:\/\/www.fairwinds.at\/1604\/skippercoaching\/","og_locale":"de_DE","og_type":"article","og_title":"Skippercoaching - Segelerfahrung sammeln - Sicherheit gewinnen","og_description":"Learning by doing\u2713 Einzeltraining\u2713 beste und zielf\u00fchrendste Art Sicherheit im Umgang mit der Yacht zu gewinnen\u2713 auch f\u00fcrerfahrene Skipper\u2713 Beratung RYA Yachtmaster\u2713 Sailing Instructor\u2713 Skippercoaching \u2713","og_url":"https:\/\/www.fairwinds.at\/1604\/skippercoaching\/","og_site_name":"Yachtsport Training Center","article_publisher":"http:\/\/www.fairwinds.at","article_modified_time":"2019-01-02T09:49:10+00:00","og_image":[{"url":"http:\/\/www.fairwinds.at\/1604\/wp-content\/uploads\/2018\/06\/Solent-z248-300x225.jpg","type":"","width":"","height":""}],"twitter_card":"summary_large_image","twitter_misc":{"Gesch\u00e4tzte Lesezeit":"1\u00a0Minute"},"schema":{"@context":"https:\/\/schema.org","@graph":[{"@type":"WebPage","@id":"https:\/\/www.fairwinds.at\/1604\/skippercoaching\/","url":"https:\/\/www.fairwinds.at\/1604\/skippercoaching\/","name":"Skippercoaching - Segelerfahrung sammeln - Sicherheit gewinnen","isPartOf":{"@id":"https:\/\/www.fairwinds.at\/1604\/#website"},"primaryImageOfPage":{"@id":"https:\/\/www.fairwinds.at\/1604\/skippercoaching\/#primaryimage"},"image":{"@id":"https:\/\/www.fairwinds.at\/1604\/skippercoaching\/#primaryimage"},"thumbnailUrl":"http:\/\/www.fairwinds.at\/1604\/wp-content\/uploads\/2018\/06\/Solent-z248-300x225.jpg","datePublished":"2018-06-06T15:43:39+00:00","dateModified":"2019-01-02T09:49:10+00:00","description":"Learning by doing\u2713 Einzeltraining\u2713 beste und zielf\u00fchrendste Art Sicherheit im Umgang mit der Yacht zu gewinnen\u2713 auch f\u00fcrerfahrene Skipper\u2713 Beratung RYA Yachtmaster\u2713 Sailing Instructor\u2713 Skippercoaching \u2713","breadcrumb":{"@id":"https:\/\/www.fairwinds.at\/1604\/skippercoaching\/#breadcrumb"},"inLanguage":"de","potentialAction":[{"@type":"ReadAction","target":["https:\/\/www.fairwinds.at\/1604\/skippercoaching\/"]}]},{"@type":"ImageObject","inLanguage":"de","@id":"https:\/\/www.fairwinds.at\/1604\/skippercoaching\/#primaryimage","url":"http:\/\/www.fairwinds.at\/1604\/wp-content\/uploads\/2018\/06\/Solent-z248-300x225.jpg","contentUrl":"http:\/\/www.fairwinds.at\/1604\/wp-content\/uploads\/2018\/06\/Solent-z248-300x225.jpg"},{"@type":"BreadcrumbList","@id":"https:\/\/www.fairwinds.at\/1604\/skippercoaching\/#breadcrumb","itemListElement":[{"@type":"ListItem","position":1,"name":"Startseite","item":"https:\/\/www.fairwinds.at\/1604\/"},{"@type":"ListItem","position":2,"name":"Skippercoaching"}]},{"@type":"WebSite","@id":"https:\/\/www.fairwinds.at\/1604\/#website","url":"https:\/\/www.fairwinds.at\/1604\/","name":"Yachtsport Training Center","description":"","potentialAction":[{"@type":"SearchAction","target":{"@type":"EntryPoint","urlTemplate":"https:\/\/www.fairwinds.at\/1604\/?s={search_term_string}"},"query-input":{"@type":"PropertyValueSpecification","valueRequired":true,"valueName":"search_term_string"}}],"inLanguage":"de"}]}},"amp_enabled":true,"_links":{"self":[{"href":"https:\/\/www.fairwinds.at\/1604\/wp-json\/wp\/v2\/pages\/854","targetHints":{"allow":["GET"]}}],"collection":[{"href":"https:\/\/www.fairwinds.at\/1604\/wp-json\/wp\/v2\/pages"}],"about":[{"href":"https:\/\/www.fairwinds.at\/1604\/wp-json\/wp\/v2\/types\/page"}],"author":[{"embeddable":true,"href":"https:\/\/www.fairwinds.at\/1604\/wp-json\/wp\/v2\/users\/1"}],"replies":[{"embeddable":true,"href":"https:\/\/www.fairwinds.at\/1604\/wp-json\/wp\/v2\/comments?post=854"}],"version-history":[{"count":21,"href":"https:\/\/www.fairwinds.at\/1604\/wp-json\/wp\/v2\/pages\/854\/revisions"}],"predecessor-version":[{"id":1463,"href":"https:\/\/www.fairwinds.at\/1604\/wp-json\/wp\/v2\/pages\/854\/revisions\/1463"}],"wp:attachment":[{"href":"https:\/\/www.fairwinds.at\/1604\/wp-json\/wp\/v2\/media?parent=854"}],"curies":[{"name":"wp","href":"https:\/\/api.w.org\/{rel}","templated":true}]}}