{"id":852,"date":"2018-06-04T16:17:02","date_gmt":"2018-06-04T14:17:02","guid":{"rendered":"http:\/\/www.fairwinds.at\/1604\/?page_id=852"},"modified":"2024-10-02T15:44:03","modified_gmt":"2024-10-02T13:44:03","slug":"christian-sperner-2","status":"publish","type":"page","link":"https:\/\/www.fairwinds.at\/1604\/skipper-team\/christian-sperner-2\/","title":{"rendered":"Christian Sperner"},"content":{"rendered":"<div class=\"entry-content clearfix\">\n<p>Christian ist Principal und Chief Instructor des RYA Training Centres.<\/p>\n<p>Durch seine Erfahrung als Unternehmensberater und Wirtschaftsmediator bringt er entscheidende\u00a0 Schl\u00fcsselerfolgsfaktoren f\u00fcr erfolgreiche Trainings mit: Fokus auf das Wesentliche, eingehen auf Personen, deren Erfahrung und F\u00e4higkeiten, Planung, konsequente Umsetzung und nat\u00fcrlich fachliche und soziale Kompetenz. <img loading=\"lazy\" decoding=\"async\" class=\"size-medium wp-image-21 alignright\" src=\"https:\/\/www.fairwinds.at\/1604\/wp-content\/uploads\/2016\/04\/CIMG4864-225x300.jpg\" alt=\"\" width=\"225\" height=\"300\" srcset=\"https:\/\/www.fairwinds.at\/1604\/wp-content\/uploads\/2016\/04\/CIMG4864-225x300.jpg 225w, https:\/\/www.fairwinds.at\/1604\/wp-content\/uploads\/2016\/04\/CIMG4864-600x800.jpg 600w, https:\/\/www.fairwinds.at\/1604\/wp-content\/uploads\/2016\/04\/CIMG4864-768x1024.jpg 768w\" sizes=\"auto, (max-width: 225px) 100vw, 225px\" \/><\/p>\n<p><strong>Erfahrung und Berechtigung<\/strong><\/p>\n<p>(Education and certificates)<br \/>\n&#8211; RYA Yachtmaster Offshore<br \/>\n&#8211; RYA Instructor<br \/>\n&#8211; IC\u00a0 International Certificate\u00a0 \u2013 no limits &#8211; worldwide \u2013Sail &amp; Power<br \/>\n&#8211; ICC Inland Waterways\/Wasserstrassen bis 20m<br \/>\n&#8211; YCA Offshore Sailing Instructor<br \/>\n&#8211; GMDSS (SRC, LRC, UBI)<br \/>\n&#8211; World Sailing Safety Training<br \/>\n&#8211; Skipper Medic Advanced &amp; RYA 1st-Aid<br \/>\n&#8211; Schwerwettertraining 2015<br \/>\n&#8211; Sailing in tidal waters<br \/>\n&#8211; Pyrotechnik Berechtigung (P2)<\/p>\n<p>15.000 sm, (approx. 8500 offshore, 6000 in tidal waters)<br \/>\n300 days on bord \/ 88 night passages\/ 54 night approaches<br \/>\nChannel Crossing \/ Biscay crossing \/ Circumnavigation of Canary Islands<\/p>\n<h3><strong>\u00a0MOTTO:<\/strong><\/h3>\n<h3><strong>\u00a0\u00a0\u00a0\u00a0\u00a0\u00a0\u00a0\u00a0\u00a0\u00a0\u00a0\u00a0\u00a0\u00a0\u00a0\u00a0\u00a0\u00a0\u00a0\u00a0\u00a0\u00a0\u00a0\u00a0\u00a0\u00a0\u00a0\u00a0\u00a0\u00a0\u00a0\u00a0\u00a0\u00a0\u00a0\u00a0\u00a0\u00a0\u00a0\u00a0\u00a0<span style=\"color: #779e02;\"> In der Ruhe liegt die Kraft<\/span><\/strong><\/h3>\n<h3><strong>Brotberuf (Profession):<\/strong><\/h3>\n<p class=\"entry-content clearfix\">Unternehmensberater<br \/>\nWirtschaftsmediator, Wirtschaftscoach<\/p>\n<\/div>\n","protected":false},"excerpt":{"rendered":"<p>Christian ist Principal und Chief Instructor des RYA Training Centres. Durch seine Erfahrung als Unternehmensberater und Wirtschaftsmediator bringt er entscheidende\u00a0 Schl\u00fcsselerfolgsfaktoren f\u00fcr erfolgreiche Trainings mit: Fokus auf das Wesentliche, eingehen auf Personen, deren Erfahrung und F\u00e4higkeiten, Planung, konsequente Umsetzung und nat\u00fcrlich fachliche und soziale Kompetenz. Erfahrung und Berechtigung (Education and certificates) &#8211; RYA Yachtmaster Offshore &hellip; <\/p>\n<p><a class=\"more-link btn\" href=\"https:\/\/www.fairwinds.at\/1604\/skipper-team\/christian-sperner-2\/\">Weiterlesen<\/a><\/p>\n","protected":false},"author":1,"featured_media":0,"parent":34,"menu_order":2,"comment_status":"closed","ping_status":"closed","template":"","meta":{"footnotes":""},"class_list":["post-852","page","type-page","status-publish","hentry","nodate","item-wrap"],"yoast_head":"<!-- This site is optimized with the Yoast SEO plugin v27.6 - https:\/\/yoast.com\/product\/yoast-seo-wordpress\/ -->\n<title>Christian Sperner - Yachtsport Training Center<\/title>\n<meta name=\"description\" content=\"Christian ist RYA Yachtmaster Offshore, RYA Instruchtor und Offshore Sailing Instructor des YCA: Training, \u00dcberstellungen, Yacht Delivery\" \/>\n<meta name=\"robots\" content=\"index, follow, max-snippet:-1, max-image-preview:large, max-video-preview:-1\" \/>\n<link rel=\"canonical\" href=\"https:\/\/www.fairwinds.at\/1604\/skipper-team\/christian-sperner-2\/\" \/>\n<meta property=\"og:locale\" content=\"de_DE\" \/>\n<meta property=\"og:type\" content=\"article\" \/>\n<meta property=\"og:title\" content=\"Christian Sperner - Yachtsport Training Center\" \/>\n<meta property=\"og:description\" content=\"Christian ist RYA Yachtmaster Offshore, RYA Instruchtor und Offshore Sailing Instructor des YCA: Training, \u00dcberstellungen, Yacht Delivery\" \/>\n<meta property=\"og:url\" content=\"https:\/\/www.fairwinds.at\/1604\/skipper-team\/christian-sperner-2\/\" \/>\n<meta property=\"og:site_name\" content=\"Yachtsport Training Center\" \/>\n<meta property=\"article:publisher\" content=\"http:\/\/www.fairwinds.at\" \/>\n<meta property=\"article:modified_time\" content=\"2024-10-02T13:44:03+00:00\" \/>\n<meta property=\"og:image\" content=\"https:\/\/www.fairwinds.at\/1604\/wp-content\/uploads\/2016\/04\/CIMG4864-225x300.jpg\" \/>\n<meta name=\"twitter:card\" content=\"summary_large_image\" \/>\n<meta name=\"twitter:label1\" content=\"Gesch\u00e4tzte Lesezeit\" \/>\n\t<meta name=\"twitter:data1\" content=\"1\u00a0Minute\" \/>\n<script type=\"application\/ld+json\" class=\"yoast-schema-graph\">{\"@context\":\"https:\\\/\\\/schema.org\",\"@graph\":[{\"@type\":\"WebPage\",\"@id\":\"https:\\\/\\\/www.fairwinds.at\\\/1604\\\/skipper-team\\\/christian-sperner-2\\\/\",\"url\":\"https:\\\/\\\/www.fairwinds.at\\\/1604\\\/skipper-team\\\/christian-sperner-2\\\/\",\"name\":\"Christian Sperner - Yachtsport Training Center\",\"isPartOf\":{\"@id\":\"https:\\\/\\\/www.fairwinds.at\\\/1604\\\/#website\"},\"primaryImageOfPage\":{\"@id\":\"https:\\\/\\\/www.fairwinds.at\\\/1604\\\/skipper-team\\\/christian-sperner-2\\\/#primaryimage\"},\"image\":{\"@id\":\"https:\\\/\\\/www.fairwinds.at\\\/1604\\\/skipper-team\\\/christian-sperner-2\\\/#primaryimage\"},\"thumbnailUrl\":\"https:\\\/\\\/www.fairwinds.at\\\/1604\\\/wp-content\\\/uploads\\\/2016\\\/04\\\/CIMG4864-225x300.jpg\",\"datePublished\":\"2018-06-04T14:17:02+00:00\",\"dateModified\":\"2024-10-02T13:44:03+00:00\",\"description\":\"Christian ist RYA Yachtmaster Offshore, RYA Instruchtor und Offshore Sailing Instructor des YCA: Training, \u00dcberstellungen, Yacht Delivery\",\"breadcrumb\":{\"@id\":\"https:\\\/\\\/www.fairwinds.at\\\/1604\\\/skipper-team\\\/christian-sperner-2\\\/#breadcrumb\"},\"inLanguage\":\"de\",\"potentialAction\":[{\"@type\":\"ReadAction\",\"target\":[\"https:\\\/\\\/www.fairwinds.at\\\/1604\\\/skipper-team\\\/christian-sperner-2\\\/\"]}]},{\"@type\":\"ImageObject\",\"inLanguage\":\"de\",\"@id\":\"https:\\\/\\\/www.fairwinds.at\\\/1604\\\/skipper-team\\\/christian-sperner-2\\\/#primaryimage\",\"url\":\"https:\\\/\\\/www.fairwinds.at\\\/1604\\\/wp-content\\\/uploads\\\/2016\\\/04\\\/CIMG4864.jpg\",\"contentUrl\":\"https:\\\/\\\/www.fairwinds.at\\\/1604\\\/wp-content\\\/uploads\\\/2016\\\/04\\\/CIMG4864.jpg\",\"width\":2448,\"height\":3264},{\"@type\":\"BreadcrumbList\",\"@id\":\"https:\\\/\\\/www.fairwinds.at\\\/1604\\\/skipper-team\\\/christian-sperner-2\\\/#breadcrumb\",\"itemListElement\":[{\"@type\":\"ListItem\",\"position\":1,\"name\":\"Startseite\",\"item\":\"https:\\\/\\\/www.fairwinds.at\\\/1604\\\/\"},{\"@type\":\"ListItem\",\"position\":2,\"name\":\"Organisation\",\"item\":\"https:\\\/\\\/www.fairwinds.at\\\/1604\\\/skipper-team\\\/\"},{\"@type\":\"ListItem\",\"position\":3,\"name\":\"Christian Sperner\"}]},{\"@type\":\"WebSite\",\"@id\":\"https:\\\/\\\/www.fairwinds.at\\\/1604\\\/#website\",\"url\":\"https:\\\/\\\/www.fairwinds.at\\\/1604\\\/\",\"name\":\"Yachtsport Training Center\",\"description\":\"\",\"potentialAction\":[{\"@type\":\"SearchAction\",\"target\":{\"@type\":\"EntryPoint\",\"urlTemplate\":\"https:\\\/\\\/www.fairwinds.at\\\/1604\\\/?s={search_term_string}\"},\"query-input\":{\"@type\":\"PropertyValueSpecification\",\"valueRequired\":true,\"valueName\":\"search_term_string\"}}],\"inLanguage\":\"de\"}]}<\/script>\n<!-- \/ Yoast SEO plugin. -->","yoast_head_json":{"title":"Christian Sperner - Yachtsport Training Center","description":"Christian ist RYA Yachtmaster Offshore, RYA Instruchtor und Offshore Sailing Instructor des YCA: Training, \u00dcberstellungen, Yacht Delivery","robots":{"index":"index","follow":"follow","max-snippet":"max-snippet:-1","max-image-preview":"max-image-preview:large","max-video-preview":"max-video-preview:-1"},"canonical":"https:\/\/www.fairwinds.at\/1604\/skipper-team\/christian-sperner-2\/","og_locale":"de_DE","og_type":"article","og_title":"Christian Sperner - Yachtsport Training Center","og_description":"Christian ist RYA Yachtmaster Offshore, RYA Instruchtor und Offshore Sailing Instructor des YCA: Training, \u00dcberstellungen, Yacht Delivery","og_url":"https:\/\/www.fairwinds.at\/1604\/skipper-team\/christian-sperner-2\/","og_site_name":"Yachtsport Training Center","article_publisher":"http:\/\/www.fairwinds.at","article_modified_time":"2024-10-02T13:44:03+00:00","og_image":[{"url":"https:\/\/www.fairwinds.at\/1604\/wp-content\/uploads\/2016\/04\/CIMG4864-225x300.jpg","type":"","width":"","height":""}],"twitter_card":"summary_large_image","twitter_misc":{"Gesch\u00e4tzte Lesezeit":"1\u00a0Minute"},"schema":{"@context":"https:\/\/schema.org","@graph":[{"@type":"WebPage","@id":"https:\/\/www.fairwinds.at\/1604\/skipper-team\/christian-sperner-2\/","url":"https:\/\/www.fairwinds.at\/1604\/skipper-team\/christian-sperner-2\/","name":"Christian Sperner - Yachtsport Training Center","isPartOf":{"@id":"https:\/\/www.fairwinds.at\/1604\/#website"},"primaryImageOfPage":{"@id":"https:\/\/www.fairwinds.at\/1604\/skipper-team\/christian-sperner-2\/#primaryimage"},"image":{"@id":"https:\/\/www.fairwinds.at\/1604\/skipper-team\/christian-sperner-2\/#primaryimage"},"thumbnailUrl":"https:\/\/www.fairwinds.at\/1604\/wp-content\/uploads\/2016\/04\/CIMG4864-225x300.jpg","datePublished":"2018-06-04T14:17:02+00:00","dateModified":"2024-10-02T13:44:03+00:00","description":"Christian ist RYA Yachtmaster Offshore, RYA Instruchtor und Offshore Sailing Instructor des YCA: Training, \u00dcberstellungen, Yacht Delivery","breadcrumb":{"@id":"https:\/\/www.fairwinds.at\/1604\/skipper-team\/christian-sperner-2\/#breadcrumb"},"inLanguage":"de","potentialAction":[{"@type":"ReadAction","target":["https:\/\/www.fairwinds.at\/1604\/skipper-team\/christian-sperner-2\/"]}]},{"@type":"ImageObject","inLanguage":"de","@id":"https:\/\/www.fairwinds.at\/1604\/skipper-team\/christian-sperner-2\/#primaryimage","url":"https:\/\/www.fairwinds.at\/1604\/wp-content\/uploads\/2016\/04\/CIMG4864.jpg","contentUrl":"https:\/\/www.fairwinds.at\/1604\/wp-content\/uploads\/2016\/04\/CIMG4864.jpg","width":2448,"height":3264},{"@type":"BreadcrumbList","@id":"https:\/\/www.fairwinds.at\/1604\/skipper-team\/christian-sperner-2\/#breadcrumb","itemListElement":[{"@type":"ListItem","position":1,"name":"Startseite","item":"https:\/\/www.fairwinds.at\/1604\/"},{"@type":"ListItem","position":2,"name":"Organisation","item":"https:\/\/www.fairwinds.at\/1604\/skipper-team\/"},{"@type":"ListItem","position":3,"name":"Christian Sperner"}]},{"@type":"WebSite","@id":"https:\/\/www.fairwinds.at\/1604\/#website","url":"https:\/\/www.fairwinds.at\/1604\/","name":"Yachtsport Training Center","description":"","potentialAction":[{"@type":"SearchAction","target":{"@type":"EntryPoint","urlTemplate":"https:\/\/www.fairwinds.at\/1604\/?s={search_term_string}"},"query-input":{"@type":"PropertyValueSpecification","valueRequired":true,"valueName":"search_term_string"}}],"inLanguage":"de"}]}},"amp_enabled":true,"_links":{"self":[{"href":"https:\/\/www.fairwinds.at\/1604\/wp-json\/wp\/v2\/pages\/852","targetHints":{"allow":["GET"]}}],"collection":[{"href":"https:\/\/www.fairwinds.at\/1604\/wp-json\/wp\/v2\/pages"}],"about":[{"href":"https:\/\/www.fairwinds.at\/1604\/wp-json\/wp\/v2\/types\/page"}],"author":[{"embeddable":true,"href":"https:\/\/www.fairwinds.at\/1604\/wp-json\/wp\/v2\/users\/1"}],"replies":[{"embeddable":true,"href":"https:\/\/www.fairwinds.at\/1604\/wp-json\/wp\/v2\/comments?post=852"}],"version-history":[{"count":16,"href":"https:\/\/www.fairwinds.at\/1604\/wp-json\/wp\/v2\/pages\/852\/revisions"}],"predecessor-version":[{"id":3135,"href":"https:\/\/www.fairwinds.at\/1604\/wp-json\/wp\/v2\/pages\/852\/revisions\/3135"}],"up":[{"embeddable":true,"href":"https:\/\/www.fairwinds.at\/1604\/wp-json\/wp\/v2\/pages\/34"}],"wp:attachment":[{"href":"https:\/\/www.fairwinds.at\/1604\/wp-json\/wp\/v2\/media?parent=852"}],"curies":[{"name":"wp","href":"https:\/\/api.w.org\/{rel}","templated":true}]}}