{"id":733,"date":"2017-11-25T12:23:30","date_gmt":"2017-11-25T11:23:30","guid":{"rendered":"http:\/\/www.fairwinds.at\/1604\/?page_id=733"},"modified":"2019-01-02T12:54:10","modified_gmt":"2019-01-02T11:54:10","slug":"gezeiten","status":"publish","type":"page","link":"https:\/\/www.fairwinds.at\/1604\/spezielle-segeltoerns\/gezeiten\/","title":{"rendered":"Channel Crossing"},"content":{"rendered":"<p>England &#8211; das Mutterland des Segelns bietet eine besonders reizvolle Herausforderung und Gelegenheit Teams zu formen und Erfahrungen zu sammeln:<\/p>\n<h1 style=\"text-align: center;\"><span style=\"color: #99cc00;\"><strong>Channel C<\/strong><strong>rossing<\/strong><\/span><\/h1>\n<p>Pr\u00e4zises &#8222;passage planning&#8220;, klare Rollenaufteilung, abgestimmte Man\u00f6ver bei Tag und bei Nacht, klare Kommunikation und Emphatie.<\/p>\n<p>Alles zusammen eine Erfahrung die nicht nur seglerisch nachhaltig ist, sondern auch einen bedeutenden Schritt in der Pers\u00f6nlichkeits- und Teamentwicklung darstellen kann.<\/p>\n<p style=\"text-align: left;\">\u00a0Geleitet von einem erfahrenen und auf Sicherheit fokussierten Skipper und Trainer wird das Channel Crossing zu eine unvergesslichen Erlebnis.<\/p>\n<p style=\"text-align: center;\"><strong><span style=\"color: #003366;\"><img loading=\"lazy\" decoding=\"async\" class=\"wp-image-740 alignright\" src=\"https:\/\/www.fairwinds.at\/1604\/wp-content\/uploads\/2017\/11\/WP_20161201_12_07_10_Pro-300x169.jpg\" alt=\"\" width=\"283\" height=\"159\" srcset=\"https:\/\/www.fairwinds.at\/1604\/wp-content\/uploads\/2017\/11\/WP_20161201_12_07_10_Pro-300x169.jpg 300w, https:\/\/www.fairwinds.at\/1604\/wp-content\/uploads\/2017\/11\/WP_20161201_12_07_10_Pro-600x338.jpg 600w, https:\/\/www.fairwinds.at\/1604\/wp-content\/uploads\/2017\/11\/WP_20161201_12_07_10_Pro-768x433.jpg 768w, https:\/\/www.fairwinds.at\/1604\/wp-content\/uploads\/2017\/11\/WP_20161201_12_07_10_Pro-1024x577.jpg 1024w\" sizes=\"auto, (max-width: 283px) 100vw, 283px\" \/><\/span><\/strong><\/p>\n<p><img loading=\"lazy\" decoding=\"async\" class=\"wp-image-745 alignleft\" src=\"https:\/\/www.fairwinds.at\/1604\/wp-content\/uploads\/2017\/11\/New-Picture-300x214.png\" alt=\"\" width=\"298\" height=\"212\" srcset=\"https:\/\/www.fairwinds.at\/1604\/wp-content\/uploads\/2017\/11\/New-Picture-300x214.png 300w, https:\/\/www.fairwinds.at\/1604\/wp-content\/uploads\/2017\/11\/New-Picture-600x429.png 600w, https:\/\/www.fairwinds.at\/1604\/wp-content\/uploads\/2017\/11\/New-Picture-768x549.png 768w, https:\/\/www.fairwinds.at\/1604\/wp-content\/uploads\/2017\/11\/New-Picture-1024x732.png 1024w, https:\/\/www.fairwinds.at\/1604\/wp-content\/uploads\/2017\/11\/New-Picture.png 1574w\" sizes=\"auto, (max-width: 298px) 100vw, 298px\" \/><\/p>\n<h4 style=\"text-align: center;\"><strong><span style=\"color: #003366;\"><img loading=\"lazy\" decoding=\"async\" class=\"wp-image-739 alignright\" src=\"https:\/\/www.fairwinds.at\/1604\/wp-content\/uploads\/2017\/11\/WP_20161204_11_00_22_Pro-169x300.jpg\" alt=\"\" width=\"257\" height=\"456\" srcset=\"https:\/\/www.fairwinds.at\/1604\/wp-content\/uploads\/2017\/11\/WP_20161204_11_00_22_Pro-169x300.jpg 169w, https:\/\/www.fairwinds.at\/1604\/wp-content\/uploads\/2017\/11\/WP_20161204_11_00_22_Pro-600x1064.jpg 600w, https:\/\/www.fairwinds.at\/1604\/wp-content\/uploads\/2017\/11\/WP_20161204_11_00_22_Pro-768x1362.jpg 768w, https:\/\/www.fairwinds.at\/1604\/wp-content\/uploads\/2017\/11\/WP_20161204_11_00_22_Pro-577x1024.jpg 577w, https:\/\/www.fairwinds.at\/1604\/wp-content\/uploads\/2017\/11\/WP_20161204_11_00_22_Pro.jpg 1840w\" sizes=\"auto, (max-width: 257px) 100vw, 257px\" \/><\/span><\/strong><\/h4>\n<p style=\"text-align: left;\"><strong><span style=\"color: #003366;\"><img loading=\"lazy\" decoding=\"async\" class=\" wp-image-734 alignleft\" src=\"https:\/\/www.fairwinds.at\/1604\/wp-content\/uploads\/2017\/11\/WP_20161203_11_33_23_Pro-300x169.jpg\" alt=\"\" width=\"289\" height=\"163\" srcset=\"https:\/\/www.fairwinds.at\/1604\/wp-content\/uploads\/2017\/11\/WP_20161203_11_33_23_Pro-300x169.jpg 300w, https:\/\/www.fairwinds.at\/1604\/wp-content\/uploads\/2017\/11\/WP_20161203_11_33_23_Pro-600x338.jpg 600w, https:\/\/www.fairwinds.at\/1604\/wp-content\/uploads\/2017\/11\/WP_20161203_11_33_23_Pro-768x433.jpg 768w, https:\/\/www.fairwinds.at\/1604\/wp-content\/uploads\/2017\/11\/WP_20161203_11_33_23_Pro-1024x577.jpg 1024w\" sizes=\"auto, (max-width: 289px) 100vw, 289px\" \/><\/span><\/strong><\/p>\n<p>&nbsp;<\/p>\n<p>&nbsp;<\/p>\n<p>&nbsp;<\/p>\n<p>&nbsp;<\/p>\n<p>&nbsp;<\/p>\n<p>&nbsp;<\/p>\n<p>&nbsp;<\/p>\n<p>&nbsp;<\/p>\n<p>&nbsp;<\/p>\n<p>&nbsp;<\/p>\n<h4><strong><span style=\"color: #003366;\"><img loading=\"lazy\" decoding=\"async\" class=\"size-medium wp-image-742 alignleft\" src=\"https:\/\/www.fairwinds.at\/1604\/wp-content\/uploads\/2017\/11\/WP_20161201_16_56_52_Pro-300x169.jpg\" alt=\"\" width=\"300\" height=\"169\" srcset=\"https:\/\/www.fairwinds.at\/1604\/wp-content\/uploads\/2017\/11\/WP_20161201_16_56_52_Pro-300x169.jpg 300w, https:\/\/www.fairwinds.at\/1604\/wp-content\/uploads\/2017\/11\/WP_20161201_16_56_52_Pro-600x338.jpg 600w, https:\/\/www.fairwinds.at\/1604\/wp-content\/uploads\/2017\/11\/WP_20161201_16_56_52_Pro-768x433.jpg 768w, https:\/\/www.fairwinds.at\/1604\/wp-content\/uploads\/2017\/11\/WP_20161201_16_56_52_Pro-1024x577.jpg 1024w\" sizes=\"auto, (max-width: 300px) 100vw, 300px\" \/><\/span><\/strong><\/h4>\n<p>&nbsp;<\/p>\n<p>&nbsp;<\/p>\n<p>&nbsp;<\/p>\n<p>&nbsp;<\/p>\n<p>&nbsp;<\/p>\n<h4 style=\"text-align: center;\"><strong><span style=\"color: #003366;\"><img loading=\"lazy\" decoding=\"async\" class=\"size-medium wp-image-741 alignleft\" src=\"https:\/\/www.fairwinds.at\/1604\/wp-content\/uploads\/2017\/11\/WP_20161201_18_05_28_Pro-300x169.jpg\" alt=\"\" width=\"300\" height=\"169\" srcset=\"https:\/\/www.fairwinds.at\/1604\/wp-content\/uploads\/2017\/11\/WP_20161201_18_05_28_Pro-300x169.jpg 300w, https:\/\/www.fairwinds.at\/1604\/wp-content\/uploads\/2017\/11\/WP_20161201_18_05_28_Pro-600x338.jpg 600w, https:\/\/www.fairwinds.at\/1604\/wp-content\/uploads\/2017\/11\/WP_20161201_18_05_28_Pro-768x433.jpg 768w, https:\/\/www.fairwinds.at\/1604\/wp-content\/uploads\/2017\/11\/WP_20161201_18_05_28_Pro-1024x577.jpg 1024w\" sizes=\"auto, (max-width: 300px) 100vw, 300px\" \/><\/span><\/strong><\/h4>\n<h4><img loading=\"lazy\" decoding=\"async\" class=\"size-medium wp-image-744 alignright\" src=\"https:\/\/www.fairwinds.at\/1604\/wp-content\/uploads\/2017\/11\/20161202_161243-300x169.jpg\" alt=\"\" width=\"300\" height=\"169\" srcset=\"https:\/\/www.fairwinds.at\/1604\/wp-content\/uploads\/2017\/11\/20161202_161243-300x169.jpg 300w, https:\/\/www.fairwinds.at\/1604\/wp-content\/uploads\/2017\/11\/20161202_161243-600x338.jpg 600w, https:\/\/www.fairwinds.at\/1604\/wp-content\/uploads\/2017\/11\/20161202_161243-768x432.jpg 768w, https:\/\/www.fairwinds.at\/1604\/wp-content\/uploads\/2017\/11\/20161202_161243-1024x576.jpg 1024w, https:\/\/www.fairwinds.at\/1604\/wp-content\/uploads\/2017\/11\/20161202_161243.jpg 1280w\" sizes=\"auto, (max-width: 300px) 100vw, 300px\" \/><\/h4>\n<p>&nbsp;<\/p>\n<p>&nbsp;<\/p>\n<p>&nbsp;<\/p>\n<p>&nbsp;<\/p>\n<p>&nbsp;<\/p>\n<p>&nbsp;<\/p>\n<div id=\"c1616\">\n<h2><strong>T\u00f6rnidee &amp; Zielsetzung:<\/strong><\/h2>\n<p>Unter dem Motto \u201eSegeln spezial\u201c organisieren wir\u00a0 segeltechnisch anspruchsvolle und spannende T\u00f6rns in ausgew\u00e4hlten, weniger bekannten Revieren. Wir bieten damit die M\u00f6glichkeit, die eigene seglerische Erfahrung auszubauen und gleichzeitig eine angenehme Zeit mit Gleichgesinnten zu verbringen. Der Teilnehmerkreis ist beschr\u00e4nkt \u2013 pro Yacht max. 5 Teilnehmer + Skipper.<\/p>\n<\/div>\n<div id=\"c1602\">\n<div class=\"text\">\n<h2><strong>Das Revier<\/strong><\/h2>\n<p>Die \u00dcberquerung des englischen Kanals, die Ansteuerung eines franz\u00f6sischen Hafens und der Kanalinseln (Guernsey, Jersey,..) sind eine besonders reizvolle seglerische Herausforderung. Passage planning, m\u00e4chtige Tidenh\u00fcbe, Str\u00f6me bis zu 9kn, overfalls &amp; races, \u2026 und somit kein T\u00f6rn f\u00fcr Anf\u00e4nger. FB 2 setzen wir voraus.<\/p>\n<h2><strong>Erfahrung sammeln<\/strong><\/h2>\n<p>Der Schwerpunkt des Trainings \u201epassage planning\u201c der beiden Kanal\u00fcberfahrten unter Ber\u00fccksichtigung aller nautischen Gegebenheiten wie zum Beispiel:Vorbereitung von Crew und Schiff? Wachplan, Proviant, Sicherheit?<\/p>\n<ul>\n<li>Beste Route und Startzeit, damit wir in Frankreich\/auf den Kanalinseln einen Landfall machen ko?nnen? Besonderheiten bez\u00fcglich des Zielhafens? Zeitfenster?<\/li>\n<li>Gefahren generell auf der Route, die es zu beachten gilt? Beurteilung des Wetterberichts?<\/li>\n<li>Plan B?<\/li>\n<\/ul>\n<p>&nbsp;<\/p>\n<h2><strong>Zielgruppe<\/strong><\/h2>\n<p>Dieser T\u00f6rn ist geeignet f\u00fcr Segler mit einer gewissen Segelerfahrung (ideal: FB 2), die Ihre Segelkompetenz in einem anspruchsvollen Tidenrevier verbessern wollen. Nat\u00fcrlich finden wir abseits des Segelns auch Zeit, um die Besonderheiten des Landes ausgiebig kennenzulernen.<\/p>\n<h2><strong>Spezielle T\u00f6rn-Vorbereitung<\/strong><\/h2>\n<p>Auf Wunsch werden wir einen Vorbereitungsabend organisieren, an dem die relevanten T\u00f6rn-Anforderungen (Strom- und Tiden-Berechnung, Navigation, &#8230;) aufgefrischt und durchgearbeitet werden.<\/p>\n<h2><strong>Wind und Wetter<\/strong><\/h2>\n<p>WICHTIG: Es kann vorkommen, dass durch das aktuelle Wettergeschehen die Kanal\u00fcberquerung nicht stattfinden kann. In diesem Fall wird im Solent gesegelt und wenn m\u00f6glich die Isle of Wight umrundet. Diese \u00c4nderungen berechtigen zu keinem R\u00fccktritt oder Preisnachlass.<\/p>\n<\/div>\n<\/div>\n<h4 style=\"text-align: center;\"><\/h4>\n<h4 style=\"text-align: center;\"><\/h4>\n<h4><\/h4>\n<h4 style=\"text-align: center;\"><\/h4>\n","protected":false},"excerpt":{"rendered":"<p>England &#8211; das Mutterland des Segelns bietet eine besonders reizvolle Herausforderung und Gelegenheit Teams zu formen und Erfahrungen zu sammeln: Channel Crossing Pr\u00e4zises &#8222;passage planning&#8220;, klare Rollenaufteilung, abgestimmte Man\u00f6ver bei Tag und bei Nacht, klare Kommunikation und Emphatie. Alles zusammen eine Erfahrung die nicht nur seglerisch nachhaltig ist, sondern auch einen bedeutenden Schritt in der &hellip; <\/p>\n<p><a class=\"more-link btn\" href=\"https:\/\/www.fairwinds.at\/1604\/spezielle-segeltoerns\/gezeiten\/\">Weiterlesen<\/a><\/p>\n","protected":false},"author":1,"featured_media":0,"parent":41,"menu_order":2,"comment_status":"closed","ping_status":"closed","template":"","meta":{"footnotes":""},"class_list":["post-733","page","type-page","status-publish","hentry","nodate","item-wrap"],"yoast_head":"<!-- This site is optimized with the Yoast SEO plugin v27.6 - https:\/\/yoast.com\/product\/yoast-seo-wordpress\/ -->\n<title>Channel Crossing - Gezeiten: Segeln mit Tiden und Str\u00f6mungen<\/title>\n<meta name=\"description\" content=\"Gezeiten: Tiden und Str\u00f6umngen erfordern ein pr\u00e4zises &quot;passage planning&quot;, perfekte Navigation, klare Rollenaufteilung, gute Kommunikation\" \/>\n<meta name=\"robots\" content=\"index, follow, max-snippet:-1, max-image-preview:large, max-video-preview:-1\" \/>\n<link rel=\"canonical\" href=\"https:\/\/www.fairwinds.at\/1604\/spezielle-segeltoerns\/gezeiten\/\" \/>\n<meta property=\"og:locale\" content=\"de_DE\" \/>\n<meta property=\"og:type\" content=\"article\" \/>\n<meta property=\"og:title\" content=\"Channel Crossing - Gezeiten: Segeln mit Tiden und Str\u00f6mungen\" \/>\n<meta property=\"og:description\" content=\"Gezeiten: Tiden und Str\u00f6umngen erfordern ein pr\u00e4zises &quot;passage planning&quot;, perfekte Navigation, klare Rollenaufteilung, gute Kommunikation\" \/>\n<meta property=\"og:url\" content=\"https:\/\/www.fairwinds.at\/1604\/spezielle-segeltoerns\/gezeiten\/\" \/>\n<meta property=\"og:site_name\" content=\"Yachtsport Training Center\" \/>\n<meta property=\"article:publisher\" content=\"http:\/\/www.fairwinds.at\" \/>\n<meta property=\"article:modified_time\" content=\"2019-01-02T11:54:10+00:00\" \/>\n<meta property=\"og:image\" content=\"http:\/\/www.fairwinds.at\/1604\/wp-content\/uploads\/2017\/11\/WP_20161201_12_07_10_Pro-300x169.jpg\" \/>\n<meta name=\"twitter:card\" content=\"summary_large_image\" \/>\n<meta name=\"twitter:label1\" content=\"Gesch\u00e4tzte Lesezeit\" \/>\n\t<meta name=\"twitter:data1\" content=\"2\u00a0Minuten\" \/>\n<script type=\"application\/ld+json\" class=\"yoast-schema-graph\">{\"@context\":\"https:\\\/\\\/schema.org\",\"@graph\":[{\"@type\":\"WebPage\",\"@id\":\"https:\\\/\\\/www.fairwinds.at\\\/1604\\\/spezielle-segeltoerns\\\/gezeiten\\\/\",\"url\":\"https:\\\/\\\/www.fairwinds.at\\\/1604\\\/spezielle-segeltoerns\\\/gezeiten\\\/\",\"name\":\"Channel Crossing - Gezeiten: Segeln mit Tiden und Str\u00f6mungen\",\"isPartOf\":{\"@id\":\"https:\\\/\\\/www.fairwinds.at\\\/1604\\\/#website\"},\"primaryImageOfPage\":{\"@id\":\"https:\\\/\\\/www.fairwinds.at\\\/1604\\\/spezielle-segeltoerns\\\/gezeiten\\\/#primaryimage\"},\"image\":{\"@id\":\"https:\\\/\\\/www.fairwinds.at\\\/1604\\\/spezielle-segeltoerns\\\/gezeiten\\\/#primaryimage\"},\"thumbnailUrl\":\"http:\\\/\\\/www.fairwinds.at\\\/1604\\\/wp-content\\\/uploads\\\/2017\\\/11\\\/WP_20161201_12_07_10_Pro-300x169.jpg\",\"datePublished\":\"2017-11-25T11:23:30+00:00\",\"dateModified\":\"2019-01-02T11:54:10+00:00\",\"description\":\"Gezeiten: Tiden und Str\u00f6umngen erfordern ein pr\u00e4zises \\\"passage planning\\\", perfekte Navigation, klare Rollenaufteilung, gute Kommunikation\",\"breadcrumb\":{\"@id\":\"https:\\\/\\\/www.fairwinds.at\\\/1604\\\/spezielle-segeltoerns\\\/gezeiten\\\/#breadcrumb\"},\"inLanguage\":\"de\",\"potentialAction\":[{\"@type\":\"ReadAction\",\"target\":[\"https:\\\/\\\/www.fairwinds.at\\\/1604\\\/spezielle-segeltoerns\\\/gezeiten\\\/\"]}]},{\"@type\":\"ImageObject\",\"inLanguage\":\"de\",\"@id\":\"https:\\\/\\\/www.fairwinds.at\\\/1604\\\/spezielle-segeltoerns\\\/gezeiten\\\/#primaryimage\",\"url\":\"http:\\\/\\\/www.fairwinds.at\\\/1604\\\/wp-content\\\/uploads\\\/2017\\\/11\\\/WP_20161201_12_07_10_Pro-300x169.jpg\",\"contentUrl\":\"http:\\\/\\\/www.fairwinds.at\\\/1604\\\/wp-content\\\/uploads\\\/2017\\\/11\\\/WP_20161201_12_07_10_Pro-300x169.jpg\"},{\"@type\":\"BreadcrumbList\",\"@id\":\"https:\\\/\\\/www.fairwinds.at\\\/1604\\\/spezielle-segeltoerns\\\/gezeiten\\\/#breadcrumb\",\"itemListElement\":[{\"@type\":\"ListItem\",\"position\":1,\"name\":\"Startseite\",\"item\":\"https:\\\/\\\/www.fairwinds.at\\\/1604\\\/\"},{\"@type\":\"ListItem\",\"position\":2,\"name\":\"Praxis: Segeln speziell\",\"item\":\"https:\\\/\\\/www.fairwinds.at\\\/1604\\\/spezielle-segeltoerns\\\/\"},{\"@type\":\"ListItem\",\"position\":3,\"name\":\"Channel Crossing\"}]},{\"@type\":\"WebSite\",\"@id\":\"https:\\\/\\\/www.fairwinds.at\\\/1604\\\/#website\",\"url\":\"https:\\\/\\\/www.fairwinds.at\\\/1604\\\/\",\"name\":\"Yachtsport Training Center\",\"description\":\"\",\"potentialAction\":[{\"@type\":\"SearchAction\",\"target\":{\"@type\":\"EntryPoint\",\"urlTemplate\":\"https:\\\/\\\/www.fairwinds.at\\\/1604\\\/?s={search_term_string}\"},\"query-input\":{\"@type\":\"PropertyValueSpecification\",\"valueRequired\":true,\"valueName\":\"search_term_string\"}}],\"inLanguage\":\"de\"}]}<\/script>\n<!-- \/ Yoast SEO plugin. -->","yoast_head_json":{"title":"Channel Crossing - Gezeiten: Segeln mit Tiden und Str\u00f6mungen","description":"Gezeiten: Tiden und Str\u00f6umngen erfordern ein pr\u00e4zises \"passage planning\", perfekte Navigation, klare Rollenaufteilung, gute Kommunikation","robots":{"index":"index","follow":"follow","max-snippet":"max-snippet:-1","max-image-preview":"max-image-preview:large","max-video-preview":"max-video-preview:-1"},"canonical":"https:\/\/www.fairwinds.at\/1604\/spezielle-segeltoerns\/gezeiten\/","og_locale":"de_DE","og_type":"article","og_title":"Channel Crossing - Gezeiten: Segeln mit Tiden und Str\u00f6mungen","og_description":"Gezeiten: Tiden und Str\u00f6umngen erfordern ein pr\u00e4zises \"passage planning\", perfekte Navigation, klare Rollenaufteilung, gute Kommunikation","og_url":"https:\/\/www.fairwinds.at\/1604\/spezielle-segeltoerns\/gezeiten\/","og_site_name":"Yachtsport Training Center","article_publisher":"http:\/\/www.fairwinds.at","article_modified_time":"2019-01-02T11:54:10+00:00","og_image":[{"url":"http:\/\/www.fairwinds.at\/1604\/wp-content\/uploads\/2017\/11\/WP_20161201_12_07_10_Pro-300x169.jpg","type":"","width":"","height":""}],"twitter_card":"summary_large_image","twitter_misc":{"Gesch\u00e4tzte Lesezeit":"2\u00a0Minuten"},"schema":{"@context":"https:\/\/schema.org","@graph":[{"@type":"WebPage","@id":"https:\/\/www.fairwinds.at\/1604\/spezielle-segeltoerns\/gezeiten\/","url":"https:\/\/www.fairwinds.at\/1604\/spezielle-segeltoerns\/gezeiten\/","name":"Channel Crossing - Gezeiten: Segeln mit Tiden und Str\u00f6mungen","isPartOf":{"@id":"https:\/\/www.fairwinds.at\/1604\/#website"},"primaryImageOfPage":{"@id":"https:\/\/www.fairwinds.at\/1604\/spezielle-segeltoerns\/gezeiten\/#primaryimage"},"image":{"@id":"https:\/\/www.fairwinds.at\/1604\/spezielle-segeltoerns\/gezeiten\/#primaryimage"},"thumbnailUrl":"http:\/\/www.fairwinds.at\/1604\/wp-content\/uploads\/2017\/11\/WP_20161201_12_07_10_Pro-300x169.jpg","datePublished":"2017-11-25T11:23:30+00:00","dateModified":"2019-01-02T11:54:10+00:00","description":"Gezeiten: Tiden und Str\u00f6umngen erfordern ein pr\u00e4zises \"passage planning\", perfekte Navigation, klare Rollenaufteilung, gute Kommunikation","breadcrumb":{"@id":"https:\/\/www.fairwinds.at\/1604\/spezielle-segeltoerns\/gezeiten\/#breadcrumb"},"inLanguage":"de","potentialAction":[{"@type":"ReadAction","target":["https:\/\/www.fairwinds.at\/1604\/spezielle-segeltoerns\/gezeiten\/"]}]},{"@type":"ImageObject","inLanguage":"de","@id":"https:\/\/www.fairwinds.at\/1604\/spezielle-segeltoerns\/gezeiten\/#primaryimage","url":"http:\/\/www.fairwinds.at\/1604\/wp-content\/uploads\/2017\/11\/WP_20161201_12_07_10_Pro-300x169.jpg","contentUrl":"http:\/\/www.fairwinds.at\/1604\/wp-content\/uploads\/2017\/11\/WP_20161201_12_07_10_Pro-300x169.jpg"},{"@type":"BreadcrumbList","@id":"https:\/\/www.fairwinds.at\/1604\/spezielle-segeltoerns\/gezeiten\/#breadcrumb","itemListElement":[{"@type":"ListItem","position":1,"name":"Startseite","item":"https:\/\/www.fairwinds.at\/1604\/"},{"@type":"ListItem","position":2,"name":"Praxis: Segeln speziell","item":"https:\/\/www.fairwinds.at\/1604\/spezielle-segeltoerns\/"},{"@type":"ListItem","position":3,"name":"Channel Crossing"}]},{"@type":"WebSite","@id":"https:\/\/www.fairwinds.at\/1604\/#website","url":"https:\/\/www.fairwinds.at\/1604\/","name":"Yachtsport Training Center","description":"","potentialAction":[{"@type":"SearchAction","target":{"@type":"EntryPoint","urlTemplate":"https:\/\/www.fairwinds.at\/1604\/?s={search_term_string}"},"query-input":{"@type":"PropertyValueSpecification","valueRequired":true,"valueName":"search_term_string"}}],"inLanguage":"de"}]}},"amp_enabled":true,"_links":{"self":[{"href":"https:\/\/www.fairwinds.at\/1604\/wp-json\/wp\/v2\/pages\/733","targetHints":{"allow":["GET"]}}],"collection":[{"href":"https:\/\/www.fairwinds.at\/1604\/wp-json\/wp\/v2\/pages"}],"about":[{"href":"https:\/\/www.fairwinds.at\/1604\/wp-json\/wp\/v2\/types\/page"}],"author":[{"embeddable":true,"href":"https:\/\/www.fairwinds.at\/1604\/wp-json\/wp\/v2\/users\/1"}],"replies":[{"embeddable":true,"href":"https:\/\/www.fairwinds.at\/1604\/wp-json\/wp\/v2\/comments?post=733"}],"version-history":[{"count":9,"href":"https:\/\/www.fairwinds.at\/1604\/wp-json\/wp\/v2\/pages\/733\/revisions"}],"predecessor-version":[{"id":1481,"href":"https:\/\/www.fairwinds.at\/1604\/wp-json\/wp\/v2\/pages\/733\/revisions\/1481"}],"up":[{"embeddable":true,"href":"https:\/\/www.fairwinds.at\/1604\/wp-json\/wp\/v2\/pages\/41"}],"wp:attachment":[{"href":"https:\/\/www.fairwinds.at\/1604\/wp-json\/wp\/v2\/media?parent=733"}],"curies":[{"name":"wp","href":"https:\/\/api.w.org\/{rel}","templated":true}]}}