{"id":41,"date":"2016-04-21T14:03:32","date_gmt":"2016-04-21T12:03:32","guid":{"rendered":"http:\/\/www.fairwinds.at\/1604\/?page_id=41"},"modified":"2024-02-02T10:29:23","modified_gmt":"2024-02-02T09:29:23","slug":"spezielle-segeltoerns","status":"publish","type":"page","link":"https:\/\/www.fairwinds.at\/1604\/spezielle-segeltoerns\/","title":{"rendered":"Praxis: Segeln speziell"},"content":{"rendered":"\r\n<h1><span style=\"color: #99cc00;\">entwickle dich weiter<\/span><\/h1>\r\n<p><span style=\"color: #003366;\">Ihr wollt<br \/>&#8230;. euch im Segeln weiterentwickeln, sucht Praxis mit einem erfahrenen Skipper?<\/span><br \/><span style=\"color: #003366;\"> &#8230;. euch <a href=\"https:\/\/www.fairwinds.at\/1604\/spezielle-segeltoerns\/massgeschneiderte-trainingstoern\/\">fehlen Meilen<\/a> und wollt ihr voneinander lernen?<br \/>&#8230;\u00a0 Erfahrung sammeln und dabei Urlaub machen!<\/span><\/p>\r\n<p>\r\n\r\n<\/p>\r\n<ul class=\"wp-block-list\">\r\n<li>wir stimmen mit euch ab in welchem Revier wir segeln<\/li>\r\n<li>mit welchem Schiff (Katamaran oder Monohull)<\/li>\r\n<li>auf welchem Level und mit welchen Spezialthemen<\/li>\r\n<li>Man\u00f6vertraining, Tidengew\u00e4sser, Schwerwetter, blind navigation, &#8230;<\/li>\r\n<li>Erfahrung sammeln kombiniert mit\u00a0 Spass und Erholung<\/li>\r\n<\/ul>\r\n<p>\r\n\r\n<\/p>\r\n<div class=\"wp-block-image\">\r\n<figure class=\"alignleft\"><img loading=\"lazy\" decoding=\"async\" width=\"300\" height=\"169\" class=\"wp-image-373\" src=\"https:\/\/www.fairwinds.at\/1604\/wp-content\/uploads\/2016\/04\/WP_20161130_15_04_09_Pro-300x169.jpg\" alt=\"\" srcset=\"https:\/\/www.fairwinds.at\/1604\/wp-content\/uploads\/2016\/04\/WP_20161130_15_04_09_Pro-300x169.jpg 300w, https:\/\/www.fairwinds.at\/1604\/wp-content\/uploads\/2016\/04\/WP_20161130_15_04_09_Pro-600x338.jpg 600w, https:\/\/www.fairwinds.at\/1604\/wp-content\/uploads\/2016\/04\/WP_20161130_15_04_09_Pro-768x433.jpg 768w, https:\/\/www.fairwinds.at\/1604\/wp-content\/uploads\/2016\/04\/WP_20161130_15_04_09_Pro-1024x577.jpg 1024w\" sizes=\"auto, (max-width: 300px) 100vw, 300px\" \/><\/figure>\r\n<\/div>\r\n<p>\r\n\r\n<\/p>\r\n<div class=\"wp-block-image\">\r\n<figure class=\"alignright\"><img loading=\"lazy\" decoding=\"async\" width=\"300\" height=\"169\" class=\"wp-image-24\" src=\"https:\/\/www.fairwinds.at\/1604\/wp-content\/uploads\/2016\/04\/20140908_170016-Kopie-300x169.jpg\" alt=\"20140908_170016 - Kopie\" srcset=\"https:\/\/www.fairwinds.at\/1604\/wp-content\/uploads\/2016\/04\/20140908_170016-Kopie-300x169.jpg 300w, https:\/\/www.fairwinds.at\/1604\/wp-content\/uploads\/2016\/04\/20140908_170016-Kopie-600x338.jpg 600w, https:\/\/www.fairwinds.at\/1604\/wp-content\/uploads\/2016\/04\/20140908_170016-Kopie-768x432.jpg 768w, https:\/\/www.fairwinds.at\/1604\/wp-content\/uploads\/2016\/04\/20140908_170016-Kopie-1024x576.jpg 1024w\" sizes=\"auto, (max-width: 300px) 100vw, 300px\" \/><\/figure>\r\n<\/div>\r\n<p>\r\n\r\n<\/p>\r\n<div class=\"wp-block-image\">\r\n<figure class=\"alignleft\"><img loading=\"lazy\" decoding=\"async\" width=\"300\" height=\"169\" class=\"wp-image-376\" src=\"https:\/\/www.fairwinds.at\/1604\/wp-content\/uploads\/2016\/04\/WP_20161203_11_33_23_Pro-300x169.jpg\" alt=\"\" srcset=\"https:\/\/www.fairwinds.at\/1604\/wp-content\/uploads\/2016\/04\/WP_20161203_11_33_23_Pro-300x169.jpg 300w, https:\/\/www.fairwinds.at\/1604\/wp-content\/uploads\/2016\/04\/WP_20161203_11_33_23_Pro-600x338.jpg 600w, https:\/\/www.fairwinds.at\/1604\/wp-content\/uploads\/2016\/04\/WP_20161203_11_33_23_Pro-768x433.jpg 768w, https:\/\/www.fairwinds.at\/1604\/wp-content\/uploads\/2016\/04\/WP_20161203_11_33_23_Pro-1024x577.jpg 1024w\" sizes=\"auto, (max-width: 300px) 100vw, 300px\" \/><\/figure>\r\n<\/div>\r\n<p>\r\n\r\n<\/p>\r\n<div class=\"wp-block-image\">\r\n<figure class=\"alignright\"><img loading=\"lazy\" decoding=\"async\" width=\"300\" height=\"169\" class=\"wp-image-378\" src=\"https:\/\/www.fairwinds.at\/1604\/wp-content\/uploads\/2016\/04\/WP_20161203_14_51_24_Pro-300x169.jpg\" alt=\"\" srcset=\"https:\/\/www.fairwinds.at\/1604\/wp-content\/uploads\/2016\/04\/WP_20161203_14_51_24_Pro-300x169.jpg 300w, https:\/\/www.fairwinds.at\/1604\/wp-content\/uploads\/2016\/04\/WP_20161203_14_51_24_Pro-600x338.jpg 600w, https:\/\/www.fairwinds.at\/1604\/wp-content\/uploads\/2016\/04\/WP_20161203_14_51_24_Pro-768x433.jpg 768w, https:\/\/www.fairwinds.at\/1604\/wp-content\/uploads\/2016\/04\/WP_20161203_14_51_24_Pro-1024x577.jpg 1024w\" sizes=\"auto, (max-width: 300px) 100vw, 300px\" \/><\/figure>\r\n<\/div>\r\n<p>\r\n\r\n\r\n\r\n<\/p>\r\n<p>&nbsp;<\/p>\r\n<p>\r\n\r\n<\/p>\r\n<h2 class=\"wp-block-heading\">Handlungsorientiertes Lernen<\/h2>\r\n<p>\r\n\r\n<\/p>\r\n<p>Im Falle von handlungsorientiertem Lernen ist der Ausgangspunkt\u00a0 eine \u00fcberschaubare problemhaltige Situation. Dadurch werden die Teilnehmer zu Handlungen motiviert bzw. herausfordert.<\/p>\r\n<p>\r\n\r\n<\/p>\r\n<p>Handlungsorientiertes Lernen ist zielgerichtet. Deshalb eignet es sich vor diesem Hintergrund zur Bew\u00e4ltigung spezifischer Problemstellungen.<\/p>\r\n<p>\r\n\r\n<\/p>\r\n<p>Handlungsorientiertes Lernen ist erlebnisbetontes Lernen. \u00a0 Folglich eignet sich bestens um alternative, gruppengesteuerte Lernsituationen anzubieten.<\/p>\r\n<p>\r\n\r\n<\/p>\r\n<p>Vor allem Wissen, welches aus konkreten Handlungen\/Erfahrungen resultiert, zeichnet sich durch einen hohen Lerneffekt aus und sind deshalb besonders geeignet f\u00fcr Teambuilding.<\/p>\r\n<p><\/p>","protected":false},"excerpt":{"rendered":"<p>entwickle dich weiter Ihr wollt&#8230;. euch im Segeln weiterentwickeln, sucht Praxis mit einem erfahrenen Skipper? &#8230;. euch fehlen Meilen und wollt ihr voneinander lernen?&#8230;\u00a0 Erfahrung sammeln und dabei Urlaub machen! wir stimmen mit euch ab in welchem Revier wir segeln mit welchem Schiff (Katamaran oder Monohull) auf welchem Level und mit welchen Spezialthemen Man\u00f6vertraining, Tidengew\u00e4sser, &hellip; <\/p>\n<p><a class=\"more-link btn\" href=\"https:\/\/www.fairwinds.at\/1604\/spezielle-segeltoerns\/\">Weiterlesen<\/a><\/p>\n","protected":false},"author":1,"featured_media":0,"parent":0,"menu_order":2,"comment_status":"closed","ping_status":"closed","template":"","meta":{"footnotes":""},"class_list":["post-41","page","type-page","status-publish","hentry","nodate","item-wrap"],"yoast_head":"<!-- This site is optimized with the Yoast SEO plugin v27.6 - https:\/\/yoast.com\/product\/yoast-seo-wordpress\/ -->\n<title>Segeln - nicht allt\u00e4gliche Segelerlebnisse in neuen Revieren<\/title>\n<meta name=\"description\" content=\"Segelt\u00f6rns in Tidengew\u00e4ssern und neuen Revieren, Segeln mit Wandern und Kultur, auch in Einzelkojen, Regatten, Man\u00f6vertraining ..\u2026 Erfahrung sammeln\" \/>\n<meta name=\"robots\" content=\"index, follow, max-snippet:-1, max-image-preview:large, max-video-preview:-1\" \/>\n<link rel=\"canonical\" href=\"https:\/\/www.fairwinds.at\/1604\/spezielle-segeltoerns\/\" \/>\n<meta property=\"og:locale\" content=\"de_DE\" \/>\n<meta property=\"og:type\" content=\"article\" \/>\n<meta property=\"og:title\" content=\"Segeln - nicht allt\u00e4gliche Segelerlebnisse in neuen Revieren\" \/>\n<meta property=\"og:description\" content=\"Segelt\u00f6rns in Tidengew\u00e4ssern und neuen Revieren, Segeln mit Wandern und Kultur, auch in Einzelkojen, Regatten, Man\u00f6vertraining ..\u2026 Erfahrung sammeln\" \/>\n<meta property=\"og:url\" content=\"https:\/\/www.fairwinds.at\/1604\/spezielle-segeltoerns\/\" \/>\n<meta property=\"og:site_name\" content=\"Yachtsport Training Center\" \/>\n<meta property=\"article:publisher\" content=\"http:\/\/www.fairwinds.at\" \/>\n<meta property=\"article:modified_time\" content=\"2024-02-02T09:29:23+00:00\" \/>\n<meta property=\"og:image\" content=\"http:\/\/www.fairwinds.at\/1604\/wp-content\/uploads\/2016\/04\/WP_20161130_15_04_09_Pro-300x169.jpg\" \/>\n<meta name=\"twitter:card\" content=\"summary_large_image\" \/>\n<meta name=\"twitter:label1\" content=\"Gesch\u00e4tzte Lesezeit\" \/>\n\t<meta name=\"twitter:data1\" content=\"2\u00a0Minuten\" \/>\n<script type=\"application\/ld+json\" class=\"yoast-schema-graph\">{\"@context\":\"https:\\\/\\\/schema.org\",\"@graph\":[{\"@type\":\"WebPage\",\"@id\":\"https:\\\/\\\/www.fairwinds.at\\\/1604\\\/spezielle-segeltoerns\\\/\",\"url\":\"https:\\\/\\\/www.fairwinds.at\\\/1604\\\/spezielle-segeltoerns\\\/\",\"name\":\"Segeln - nicht allt\u00e4gliche Segelerlebnisse in neuen Revieren\",\"isPartOf\":{\"@id\":\"https:\\\/\\\/www.fairwinds.at\\\/1604\\\/#website\"},\"primaryImageOfPage\":{\"@id\":\"https:\\\/\\\/www.fairwinds.at\\\/1604\\\/spezielle-segeltoerns\\\/#primaryimage\"},\"image\":{\"@id\":\"https:\\\/\\\/www.fairwinds.at\\\/1604\\\/spezielle-segeltoerns\\\/#primaryimage\"},\"thumbnailUrl\":\"http:\\\/\\\/www.fairwinds.at\\\/1604\\\/wp-content\\\/uploads\\\/2016\\\/04\\\/WP_20161130_15_04_09_Pro-300x169.jpg\",\"datePublished\":\"2016-04-21T12:03:32+00:00\",\"dateModified\":\"2024-02-02T09:29:23+00:00\",\"description\":\"Segelt\u00f6rns in Tidengew\u00e4ssern und neuen Revieren, Segeln mit Wandern und Kultur, auch in Einzelkojen, Regatten, Man\u00f6vertraining ..\u2026 Erfahrung sammeln\",\"breadcrumb\":{\"@id\":\"https:\\\/\\\/www.fairwinds.at\\\/1604\\\/spezielle-segeltoerns\\\/#breadcrumb\"},\"inLanguage\":\"de\",\"potentialAction\":[{\"@type\":\"ReadAction\",\"target\":[\"https:\\\/\\\/www.fairwinds.at\\\/1604\\\/spezielle-segeltoerns\\\/\"]}]},{\"@type\":\"ImageObject\",\"inLanguage\":\"de\",\"@id\":\"https:\\\/\\\/www.fairwinds.at\\\/1604\\\/spezielle-segeltoerns\\\/#primaryimage\",\"url\":\"http:\\\/\\\/www.fairwinds.at\\\/1604\\\/wp-content\\\/uploads\\\/2016\\\/04\\\/WP_20161130_15_04_09_Pro-300x169.jpg\",\"contentUrl\":\"http:\\\/\\\/www.fairwinds.at\\\/1604\\\/wp-content\\\/uploads\\\/2016\\\/04\\\/WP_20161130_15_04_09_Pro-300x169.jpg\"},{\"@type\":\"BreadcrumbList\",\"@id\":\"https:\\\/\\\/www.fairwinds.at\\\/1604\\\/spezielle-segeltoerns\\\/#breadcrumb\",\"itemListElement\":[{\"@type\":\"ListItem\",\"position\":1,\"name\":\"Startseite\",\"item\":\"https:\\\/\\\/www.fairwinds.at\\\/1604\\\/\"},{\"@type\":\"ListItem\",\"position\":2,\"name\":\"Praxis: Segeln speziell\"}]},{\"@type\":\"WebSite\",\"@id\":\"https:\\\/\\\/www.fairwinds.at\\\/1604\\\/#website\",\"url\":\"https:\\\/\\\/www.fairwinds.at\\\/1604\\\/\",\"name\":\"Yachtsport Training Center\",\"description\":\"\",\"potentialAction\":[{\"@type\":\"SearchAction\",\"target\":{\"@type\":\"EntryPoint\",\"urlTemplate\":\"https:\\\/\\\/www.fairwinds.at\\\/1604\\\/?s={search_term_string}\"},\"query-input\":{\"@type\":\"PropertyValueSpecification\",\"valueRequired\":true,\"valueName\":\"search_term_string\"}}],\"inLanguage\":\"de\"}]}<\/script>\n<!-- \/ Yoast SEO plugin. -->","yoast_head_json":{"title":"Segeln - nicht allt\u00e4gliche Segelerlebnisse in neuen Revieren","description":"Segelt\u00f6rns in Tidengew\u00e4ssern und neuen Revieren, Segeln mit Wandern und Kultur, auch in Einzelkojen, Regatten, Man\u00f6vertraining ..\u2026 Erfahrung sammeln","robots":{"index":"index","follow":"follow","max-snippet":"max-snippet:-1","max-image-preview":"max-image-preview:large","max-video-preview":"max-video-preview:-1"},"canonical":"https:\/\/www.fairwinds.at\/1604\/spezielle-segeltoerns\/","og_locale":"de_DE","og_type":"article","og_title":"Segeln - nicht allt\u00e4gliche Segelerlebnisse in neuen Revieren","og_description":"Segelt\u00f6rns in Tidengew\u00e4ssern und neuen Revieren, Segeln mit Wandern und Kultur, auch in Einzelkojen, Regatten, Man\u00f6vertraining ..\u2026 Erfahrung sammeln","og_url":"https:\/\/www.fairwinds.at\/1604\/spezielle-segeltoerns\/","og_site_name":"Yachtsport Training Center","article_publisher":"http:\/\/www.fairwinds.at","article_modified_time":"2024-02-02T09:29:23+00:00","og_image":[{"url":"http:\/\/www.fairwinds.at\/1604\/wp-content\/uploads\/2016\/04\/WP_20161130_15_04_09_Pro-300x169.jpg","type":"","width":"","height":""}],"twitter_card":"summary_large_image","twitter_misc":{"Gesch\u00e4tzte Lesezeit":"2\u00a0Minuten"},"schema":{"@context":"https:\/\/schema.org","@graph":[{"@type":"WebPage","@id":"https:\/\/www.fairwinds.at\/1604\/spezielle-segeltoerns\/","url":"https:\/\/www.fairwinds.at\/1604\/spezielle-segeltoerns\/","name":"Segeln - nicht allt\u00e4gliche Segelerlebnisse in neuen Revieren","isPartOf":{"@id":"https:\/\/www.fairwinds.at\/1604\/#website"},"primaryImageOfPage":{"@id":"https:\/\/www.fairwinds.at\/1604\/spezielle-segeltoerns\/#primaryimage"},"image":{"@id":"https:\/\/www.fairwinds.at\/1604\/spezielle-segeltoerns\/#primaryimage"},"thumbnailUrl":"http:\/\/www.fairwinds.at\/1604\/wp-content\/uploads\/2016\/04\/WP_20161130_15_04_09_Pro-300x169.jpg","datePublished":"2016-04-21T12:03:32+00:00","dateModified":"2024-02-02T09:29:23+00:00","description":"Segelt\u00f6rns in Tidengew\u00e4ssern und neuen Revieren, Segeln mit Wandern und Kultur, auch in Einzelkojen, Regatten, Man\u00f6vertraining ..\u2026 Erfahrung sammeln","breadcrumb":{"@id":"https:\/\/www.fairwinds.at\/1604\/spezielle-segeltoerns\/#breadcrumb"},"inLanguage":"de","potentialAction":[{"@type":"ReadAction","target":["https:\/\/www.fairwinds.at\/1604\/spezielle-segeltoerns\/"]}]},{"@type":"ImageObject","inLanguage":"de","@id":"https:\/\/www.fairwinds.at\/1604\/spezielle-segeltoerns\/#primaryimage","url":"http:\/\/www.fairwinds.at\/1604\/wp-content\/uploads\/2016\/04\/WP_20161130_15_04_09_Pro-300x169.jpg","contentUrl":"http:\/\/www.fairwinds.at\/1604\/wp-content\/uploads\/2016\/04\/WP_20161130_15_04_09_Pro-300x169.jpg"},{"@type":"BreadcrumbList","@id":"https:\/\/www.fairwinds.at\/1604\/spezielle-segeltoerns\/#breadcrumb","itemListElement":[{"@type":"ListItem","position":1,"name":"Startseite","item":"https:\/\/www.fairwinds.at\/1604\/"},{"@type":"ListItem","position":2,"name":"Praxis: Segeln speziell"}]},{"@type":"WebSite","@id":"https:\/\/www.fairwinds.at\/1604\/#website","url":"https:\/\/www.fairwinds.at\/1604\/","name":"Yachtsport Training Center","description":"","potentialAction":[{"@type":"SearchAction","target":{"@type":"EntryPoint","urlTemplate":"https:\/\/www.fairwinds.at\/1604\/?s={search_term_string}"},"query-input":{"@type":"PropertyValueSpecification","valueRequired":true,"valueName":"search_term_string"}}],"inLanguage":"de"}]}},"amp_enabled":true,"_links":{"self":[{"href":"https:\/\/www.fairwinds.at\/1604\/wp-json\/wp\/v2\/pages\/41","targetHints":{"allow":["GET"]}}],"collection":[{"href":"https:\/\/www.fairwinds.at\/1604\/wp-json\/wp\/v2\/pages"}],"about":[{"href":"https:\/\/www.fairwinds.at\/1604\/wp-json\/wp\/v2\/types\/page"}],"author":[{"embeddable":true,"href":"https:\/\/www.fairwinds.at\/1604\/wp-json\/wp\/v2\/users\/1"}],"replies":[{"embeddable":true,"href":"https:\/\/www.fairwinds.at\/1604\/wp-json\/wp\/v2\/comments?post=41"}],"version-history":[{"count":72,"href":"https:\/\/www.fairwinds.at\/1604\/wp-json\/wp\/v2\/pages\/41\/revisions"}],"predecessor-version":[{"id":3319,"href":"https:\/\/www.fairwinds.at\/1604\/wp-json\/wp\/v2\/pages\/41\/revisions\/3319"}],"wp:attachment":[{"href":"https:\/\/www.fairwinds.at\/1604\/wp-json\/wp\/v2\/media?parent=41"}],"curies":[{"name":"wp","href":"https:\/\/api.w.org\/{rel}","templated":true}]}}