{"id":34,"date":"2016-04-21T12:39:43","date_gmt":"2016-04-21T10:39:43","guid":{"rendered":"http:\/\/www.fairwinds.at\/1604\/?page_id=34"},"modified":"2018-10-25T11:41:54","modified_gmt":"2018-10-25T09:41:54","slug":"skipper-team","status":"publish","type":"page","link":"https:\/\/www.fairwinds.at\/1604\/skipper-team\/","title":{"rendered":"Organisation"},"content":{"rendered":"<p>Wir haben ein Team aus erfahrenen Trainern mit langj\u00e4hriger beruflichen Praxis in vielen Branchen und Bereichen.<\/p>\n<p>Wenn wir auf\u00b4s Wasser gehen stehen zudem erfahrene Skipper mit h\u00f6chster Qualifikation und Erfahrung bereit um Ihre W\u00fcnsche erf\u00fcllen zu k\u00f6nnen. Ein Hauptfokus gilt immer der Sicherheit.<\/p>\n<p>Je nach Bedarf setzen wir das Team \/ die Crew zusammen: ma\u00dfgeschneidert auf Ihre\u00a0Anforderungen.<\/p>\n<p>&nbsp;<\/p>\n<p>Der schnellste Kontakt:<\/p>\n<p>T: \u00a0 +43 664 234 13 15<\/p>\n<p>M: \u00a0 <a href=\"mailto:office@fairwinds.at\">office@fairwinds.at<\/a><\/p>\n<p>&nbsp;<\/p>\n","protected":false},"excerpt":{"rendered":"<p>Wir haben ein Team aus erfahrenen Trainern mit langj\u00e4hriger beruflichen Praxis in vielen Branchen und Bereichen. Wenn wir auf\u00b4s Wasser gehen stehen zudem erfahrene Skipper mit h\u00f6chster Qualifikation und Erfahrung bereit um Ihre W\u00fcnsche erf\u00fcllen zu k\u00f6nnen. Ein Hauptfokus gilt immer der Sicherheit. Je nach Bedarf setzen wir das Team \/ die Crew zusammen: ma\u00dfgeschneidert &hellip; <\/p>\n<p><a class=\"more-link btn\" href=\"https:\/\/www.fairwinds.at\/1604\/skipper-team\/\">Weiterlesen<\/a><\/p>\n","protected":false},"author":1,"featured_media":0,"parent":0,"menu_order":7,"comment_status":"closed","ping_status":"closed","template":"","meta":{"footnotes":""},"class_list":["post-34","page","type-page","status-publish","hentry","nodate","item-wrap"],"yoast_head":"<!-- This site is optimized with the Yoast SEO plugin v27.6 - https:\/\/yoast.com\/product\/yoast-seo-wordpress\/ -->\n<title>Organisation - Yachtsport Training Center<\/title>\n<meta name=\"robots\" content=\"index, follow, max-snippet:-1, max-image-preview:large, max-video-preview:-1\" \/>\n<link rel=\"canonical\" href=\"https:\/\/www.fairwinds.at\/1604\/skipper-team\/\" \/>\n<meta property=\"og:locale\" content=\"de_DE\" \/>\n<meta property=\"og:type\" content=\"article\" \/>\n<meta property=\"og:title\" content=\"Organisation - Yachtsport Training Center\" \/>\n<meta property=\"og:description\" content=\"Wir haben ein Team aus erfahrenen Trainern mit langj\u00e4hriger beruflichen Praxis in vielen Branchen und Bereichen. Wenn wir auf\u00b4s Wasser gehen stehen zudem erfahrene Skipper mit h\u00f6chster Qualifikation und Erfahrung bereit um Ihre W\u00fcnsche erf\u00fcllen zu k\u00f6nnen. Ein Hauptfokus gilt immer der Sicherheit. Je nach Bedarf setzen wir das Team \/ die Crew zusammen: ma\u00dfgeschneidert &hellip; Weiterlesen\" \/>\n<meta property=\"og:url\" content=\"https:\/\/www.fairwinds.at\/1604\/skipper-team\/\" \/>\n<meta property=\"og:site_name\" content=\"Yachtsport Training Center\" \/>\n<meta property=\"article:publisher\" content=\"http:\/\/www.fairwinds.at\" \/>\n<meta property=\"article:modified_time\" content=\"2018-10-25T09:41:54+00:00\" \/>\n<meta name=\"twitter:card\" content=\"summary_large_image\" \/>\n<script type=\"application\/ld+json\" class=\"yoast-schema-graph\">{\"@context\":\"https:\\\/\\\/schema.org\",\"@graph\":[{\"@type\":\"WebPage\",\"@id\":\"https:\\\/\\\/www.fairwinds.at\\\/1604\\\/skipper-team\\\/\",\"url\":\"https:\\\/\\\/www.fairwinds.at\\\/1604\\\/skipper-team\\\/\",\"name\":\"Organisation - Yachtsport Training Center\",\"isPartOf\":{\"@id\":\"https:\\\/\\\/www.fairwinds.at\\\/1604\\\/#website\"},\"datePublished\":\"2016-04-21T10:39:43+00:00\",\"dateModified\":\"2018-10-25T09:41:54+00:00\",\"breadcrumb\":{\"@id\":\"https:\\\/\\\/www.fairwinds.at\\\/1604\\\/skipper-team\\\/#breadcrumb\"},\"inLanguage\":\"de\",\"potentialAction\":[{\"@type\":\"ReadAction\",\"target\":[\"https:\\\/\\\/www.fairwinds.at\\\/1604\\\/skipper-team\\\/\"]}]},{\"@type\":\"BreadcrumbList\",\"@id\":\"https:\\\/\\\/www.fairwinds.at\\\/1604\\\/skipper-team\\\/#breadcrumb\",\"itemListElement\":[{\"@type\":\"ListItem\",\"position\":1,\"name\":\"Startseite\",\"item\":\"https:\\\/\\\/www.fairwinds.at\\\/1604\\\/\"},{\"@type\":\"ListItem\",\"position\":2,\"name\":\"Organisation\"}]},{\"@type\":\"WebSite\",\"@id\":\"https:\\\/\\\/www.fairwinds.at\\\/1604\\\/#website\",\"url\":\"https:\\\/\\\/www.fairwinds.at\\\/1604\\\/\",\"name\":\"Yachtsport Training Center\",\"description\":\"\",\"potentialAction\":[{\"@type\":\"SearchAction\",\"target\":{\"@type\":\"EntryPoint\",\"urlTemplate\":\"https:\\\/\\\/www.fairwinds.at\\\/1604\\\/?s={search_term_string}\"},\"query-input\":{\"@type\":\"PropertyValueSpecification\",\"valueRequired\":true,\"valueName\":\"search_term_string\"}}],\"inLanguage\":\"de\"}]}<\/script>\n<!-- \/ Yoast SEO plugin. -->","yoast_head_json":{"title":"Organisation - Yachtsport Training Center","robots":{"index":"index","follow":"follow","max-snippet":"max-snippet:-1","max-image-preview":"max-image-preview:large","max-video-preview":"max-video-preview:-1"},"canonical":"https:\/\/www.fairwinds.at\/1604\/skipper-team\/","og_locale":"de_DE","og_type":"article","og_title":"Organisation - Yachtsport Training Center","og_description":"Wir haben ein Team aus erfahrenen Trainern mit langj\u00e4hriger beruflichen Praxis in vielen Branchen und Bereichen. Wenn wir auf\u00b4s Wasser gehen stehen zudem erfahrene Skipper mit h\u00f6chster Qualifikation und Erfahrung bereit um Ihre W\u00fcnsche erf\u00fcllen zu k\u00f6nnen. Ein Hauptfokus gilt immer der Sicherheit. Je nach Bedarf setzen wir das Team \/ die Crew zusammen: ma\u00dfgeschneidert &hellip; Weiterlesen","og_url":"https:\/\/www.fairwinds.at\/1604\/skipper-team\/","og_site_name":"Yachtsport Training Center","article_publisher":"http:\/\/www.fairwinds.at","article_modified_time":"2018-10-25T09:41:54+00:00","twitter_card":"summary_large_image","schema":{"@context":"https:\/\/schema.org","@graph":[{"@type":"WebPage","@id":"https:\/\/www.fairwinds.at\/1604\/skipper-team\/","url":"https:\/\/www.fairwinds.at\/1604\/skipper-team\/","name":"Organisation - Yachtsport Training Center","isPartOf":{"@id":"https:\/\/www.fairwinds.at\/1604\/#website"},"datePublished":"2016-04-21T10:39:43+00:00","dateModified":"2018-10-25T09:41:54+00:00","breadcrumb":{"@id":"https:\/\/www.fairwinds.at\/1604\/skipper-team\/#breadcrumb"},"inLanguage":"de","potentialAction":[{"@type":"ReadAction","target":["https:\/\/www.fairwinds.at\/1604\/skipper-team\/"]}]},{"@type":"BreadcrumbList","@id":"https:\/\/www.fairwinds.at\/1604\/skipper-team\/#breadcrumb","itemListElement":[{"@type":"ListItem","position":1,"name":"Startseite","item":"https:\/\/www.fairwinds.at\/1604\/"},{"@type":"ListItem","position":2,"name":"Organisation"}]},{"@type":"WebSite","@id":"https:\/\/www.fairwinds.at\/1604\/#website","url":"https:\/\/www.fairwinds.at\/1604\/","name":"Yachtsport Training Center","description":"","potentialAction":[{"@type":"SearchAction","target":{"@type":"EntryPoint","urlTemplate":"https:\/\/www.fairwinds.at\/1604\/?s={search_term_string}"},"query-input":{"@type":"PropertyValueSpecification","valueRequired":true,"valueName":"search_term_string"}}],"inLanguage":"de"}]}},"amp_enabled":true,"_links":{"self":[{"href":"https:\/\/www.fairwinds.at\/1604\/wp-json\/wp\/v2\/pages\/34","targetHints":{"allow":["GET"]}}],"collection":[{"href":"https:\/\/www.fairwinds.at\/1604\/wp-json\/wp\/v2\/pages"}],"about":[{"href":"https:\/\/www.fairwinds.at\/1604\/wp-json\/wp\/v2\/types\/page"}],"author":[{"embeddable":true,"href":"https:\/\/www.fairwinds.at\/1604\/wp-json\/wp\/v2\/users\/1"}],"replies":[{"embeddable":true,"href":"https:\/\/www.fairwinds.at\/1604\/wp-json\/wp\/v2\/comments?post=34"}],"version-history":[{"count":24,"href":"https:\/\/www.fairwinds.at\/1604\/wp-json\/wp\/v2\/pages\/34\/revisions"}],"predecessor-version":[{"id":1058,"href":"https:\/\/www.fairwinds.at\/1604\/wp-json\/wp\/v2\/pages\/34\/revisions\/1058"}],"wp:attachment":[{"href":"https:\/\/www.fairwinds.at\/1604\/wp-json\/wp\/v2\/media?parent=34"}],"curies":[{"name":"wp","href":"https:\/\/api.w.org\/{rel}","templated":true}]}}