{"id":2987,"date":"2023-02-27T21:03:28","date_gmt":"2023-02-27T20:03:28","guid":{"rendered":"https:\/\/www.fairwinds.at\/1604\/?page_id=2987"},"modified":"2026-03-09T10:11:39","modified_gmt":"2026-03-09T09:11:39","slug":"meilentoern-tidengewaesser-tidenmeilen","status":"publish","type":"page","link":"https:\/\/www.fairwinds.at\/1604\/termine\/meilentoern-tidengewaesser-tidenmeilen\/","title":{"rendered":"Termine Meilent\u00f6rn Tidengew\u00e4sser"},"content":{"rendered":"<p><strong>Tidenmeilent\u00f6rn Kanaren 16. &#8211; 23. 1. 2027<br \/>\n<\/strong><\/p>\n<h4>1\u00a0 Woche: Tidenmeilen soviel es geht!<\/h4>\n<p>Ziel des <a href=\"https:\/\/www.fairwinds.at\/1604\/meilentoerns-tidengewaesser\/\">Tidenmeilent\u00f6rns<\/a> ist, innerhalb der zur Verf\u00fcgung stehenden Zeit so viel wiem\u00f6glich Meilen in Tidengew\u00e4ssern zu sammeln. Das ist vor allem f\u00fcr Segler interessant, die den RYA Yachtmaster erwerben m\u00f6chten, aber auch f\u00fcr Segler die Erfahrung sammeln wollen: zB Nachtfahrten und -ansteuerungen, Str\u00f6mungen und D\u00fcsenwirkungen, &#8230;.<\/p>\n<p><strong>Kosten:\u00a0\u00a0\u00a0\u00a0 1.290,\u2013 \/ Woche und Teilnehmer<br \/>\n<\/strong><\/p>\n<p>Max 6 Teilnehmer\u00a0 (mind. 4)<\/p>\n<p>8 Tage, in der Doppelkabine, excl. Anreise und Bordkasse, Anzahlung ist bei Anmeldung f\u00e4llig, Restzahlung ca. 2 Monate vor Beginn, Stornobedingungen: bis 90 Tage vor Veranstaltungsbeginn 50%, danach 100% (au\u00dfer es wird ein Ersatz gefunden)<\/p>\n<p>Sollte der Termin auf Grund geringer Teilnehmerzahl abgesagt werden, erhalten sie den gesamten Betrag zur\u00fcck.<\/p>\n<p>Geben Sie un eine Nachricht, wenn Sie Interesse am Meilent\u00f6rn haben \u2013 Wir planen gerne f\u00fcr Sie!<\/p>\n\t\r\n\t\r\n\t\t\t\t\t\t<form  name= \"wpdevart_frontend_form_5\" id='wpdevart-forms-5' class=\"wpdevart-forms default-skin forms-general-styling\" method='post'  action='' enctype='multipart\/form-data'>\r\n\t\r\n\t\t\t\t\t\t\t\t\t\t\t\t\t\t\t<div class=\"wpdevart-sub-fields\">\r\n\t\r\n\t\t\t\t\t\t\t\t\t \r\n\t\t\t\t\t\t\t\t\t\t\t<label>Termine<\/label>\r\n\t\t\t\t\t\t\t\t\t\t\r\n\t\t\t\t\t\t\t\t\t<div class=\"wpdevart-sub-fields-inner\">\r\n\t\t\t\t\t\t\t\t\t<div class='wpdevart-select'><select name='label_62' class='form-control'>\t\t\t\t\t\t\t\t\t\t\t<!-- defualt options value will be equal to the $key in the loop -->\r\n\t\t\t\t\t\t\t\t\t\t\t<option Tidenmeilent\u00f6rn Kanaren 16. - 23. 1. 2027  >\r\n\t\t\t\t\t\t\t\t\t\t\tTidenmeilent\u00f6rn Kanaren 16. - 23. 1. 2027\t\t\t\t\t\t\t\t\t\t\t<\/option><\/select><\/div>\t\t\t\t\t\t\t\t\t<\/div><\/div>\r\n\t\t\t\t\t\t\t\t\t\t\t\t\t\t\t\t\t\t<div class=\"wpdevart-sub-fields\">\r\n\t\r\n\t\t\t\t\t\t\t\t\t \r\n\t\t\t\t\t\t\t\t\t\t\t<label><\/label>\r\n\t\t\t\t\t\t\t\t\t\t\r\n\t\t\t\t\t\t\t\t\t<div class=\"wpdevart-sub-fields-inner\">\r\n\t\t\t\t\t\t\t\t\t\t\t\t\t\t\t\t\t\t\t\t<span class=\"checkboxradios\">\r\n\t\t\t\t\t\t\t\t\t\t\t\t<input type=\"checkbox\"   name=\"sublabel_63[]\" id=\"sublabel_63_1\" value=\"Ich m\u00f6chte teilnehmen, ersuche um Best\u00e4tigung\"  \/>\r\n                                                <label for=\"sublabel_63_1\"><span><\/span> Ich m\u00f6chte teilnehmen, ersuche um Best\u00e4tigung<\/label>\r\n\t\t\t\t\t\t\t\t\t\t\t<\/span>\r\n\t\t\t\t\t\t\t\t\t\t\t\t\t\t\t\t\t\t\t\t\t\t<span class=\"checkboxradios\">\r\n\t\t\t\t\t\t\t\t\t\t\t\t<input type=\"checkbox\"   name=\"sublabel_63[]\" id=\"sublabel_63_2\" value=\"Habe Interesse, ich brauche mehr Informationen\"  \/>\r\n                                                <label for=\"sublabel_63_2\"><span><\/span> Habe Interesse, ich brauche mehr Informationen<\/label>\r\n\t\t\t\t\t\t\t\t\t\t\t<\/span>\r\n\t\t\t\t\t\t\t\t\t\t\t\t\t\t\t\t\t\t\t\t<\/div><\/div>\r\n\t\t\t\t\t\t\t\t\t                                            <!--bfh-number -->\r\n                                            <div class=\"wpdevart-input-field \">\r\n                                                 \r\n                                                        <label>Vorname<\/label>\r\n                                                        \r\n                                                <div class=\"input-text input-field-inner\">\r\n                                                    \r\n                                                    <input  type=\"text\"  \r\n                                                            id =\"input-field-30\"\r\n                                                            name=\"label_30\"   required                                                            value=\"\" class=\"form-control  \" \r\n                                                            placeholder=\"\" \r\n                                                             \r\n                                                           \/>\r\n                                                <\/div>\r\n                                            <\/div>\r\n\t\t\t\t\t\t\t\t\t\t                                            <!--bfh-number -->\r\n                                            <div class=\"wpdevart-input-field \">\r\n                                                 \r\n                                                        <label>Nachname<\/label>\r\n                                                        \r\n                                                <div class=\"input-text input-field-inner\">\r\n                                                    \r\n                                                    <input  type=\"text\"  \r\n                                                            id =\"input-field-31\"\r\n                                                            name=\"label_31\"   required                                                            value=\"\" class=\"form-control  \" \r\n                                                            placeholder=\"\" \r\n                                                             \r\n                                                           \/>\r\n                                                <\/div>\r\n                                            <\/div>\r\n\t\t\t\t\t\t\t\t\t\t                                            <!--bfh-number -->\r\n                                            <div class=\"wpdevart-input-field \">\r\n                                                 \r\n                                                        <label>Telefonnummer<\/label>\r\n                                                        \r\n                                                <div class=\"input-text input-field-inner\">\r\n                                                    \r\n                                                    <input  type=\"text\"  \r\n                                                            id =\"input-field-32\"\r\n                                                            name=\"label_32\"   required                                                            value=\"\" class=\"form-control  \" \r\n                                                            placeholder=\"\" \r\n                                                             \r\n                                                           \/>\r\n                                                <\/div>\r\n                                            <\/div>\r\n\t\t\t\t\t\t\t\t\t\t                                            <!--bfh-number -->\r\n                                            <div class=\"wpdevart-input-field \">\r\n                                                 \r\n                                                        <label>Mailadresse<\/label>\r\n                                                        \r\n                                                <div class=\"input-email input-field-inner\">\r\n                                                    \r\n                                                    <input  type=\"email\"  \r\n                                                            id =\"input-field-33\"\r\n                                                            name=\"label_33\"   required                                                            value=\"\" class=\"form-control  \" \r\n                                                            placeholder=\"\" \r\n                                                             \r\n                                                           \/>\r\n                                                <\/div>\r\n                                            <\/div>\r\n\t\t\t\t\t\t\t\t\t\t\t\r\n   \r\n                   \r\n\t\t\t\t\t   \t\t\t\t\t\t<input type=\"hidden\" name=\"form_id\" value=\"5\" \/>  \r\n\t\t\t\t\t\t<!--<input type=\"submit\" value='Submit' id=\"btn_send_form_email_5\" name=\"btn_send_form_email\" \/>-->\r\n\t\t\t\t\t\t<button type=\"submit\" name=\"btn_send_form_email\" id=\"btn_send_form_email_5\" >Submit<\/button>\r\n\t\t\t\t\t\t\t\r\n\t\t\t\t\t  <span id=\"loader-icon-5\" style=\"display:none;\" class=\"form-loader\">\r\n\t\t\t\t\t\t<img decoding=\"async\" src=\"https:\/\/www.fairwinds.at\/1604\/wp-content\/plugins\/contact-forms-builder\/\/assets\/images\/loader.gif\" \/>\r\n\t\t\t\t\t  <\/span>\r\n\t\r\n\t\t\t\t   <\/form>\r\n\t\r\n\t\t\t\t\t\t<div id=\"frontend_form_messages_5\" style=\"margin-top:10px; margin-bottom:10px;\"><\/div>\r\n\t\r\n\t\t\t\t   <script>\r\n\t\r\n\t\t\t\t\t\/\/ Document\r\n\t\t\t\t\tjQuery( document ).ready(function() {\r\n\t\t\t\t\t\t\/\/\tDon't submit form on enter, allow enter button only for texts\r\n\t\t\t\t\t\tjQuery(document).on(\"keypress\", \":input:not(textarea)\", function(event) {\r\n\t\t\t\t\t\t\treturn event.keyCode != 13;\r\n\t\t\t\t\t\t});\r\n\t\r\n\t\t\t\t\t\t\/\/ Do not use previous password saved in browser for password field\r\n\t\t\t\t\t\tjQuery(\"input[type='password']\").attr(\"autocomplete\", \"new-password\");\r\n\t\r\n\t\t\t\t\t\t\/\/handle form submission\r\n\t\t\t\t\t\t\/\/jQuery(\"form[name='wpdevart_frontend_form_5']\").submit(function(e){\r\n\t\t\t\t\t\tjQuery(document).on(\"submit\", \"form[name='wpdevart_frontend_form_5']\", function(e) {\r\n\t\t\t\t\t\t\t\/\/shortcode attributes e.g\r\n\t\t\t\t\t\t\tvar atts = {\"id\":\"5\"};\r\n\t\t\t\t\t\t\tvar options = { \r\n\t\t\t\t\t\t\t\t\/\/target:'#frontend_form_messages_5',   \/\/ target element(s) to be updated with server response \r\n\t\t\t\t\t\t\t\t\/\/ other available options: \r\n\t\t\t\t\t\t\t\t url:\"https:\/\/www.fairwinds.at\/1604\/wp-admin\/admin-ajax.php\",        \/\/ override for form's 'action' attribute \r\n\t\t\t\t\t\t\t\t\/\/url:\"https:\/\/www.fairwinds.at\/1604\/wp-content\/plugins\/contact-forms-builder\/check-ajax.php\",\r\n\t\t\t\t\t\t\t\tdata:{'btn_send_form_email':'1','process_ajax':'1','atts':JSON.stringify(atts),'action':'get_post_information'},\r\n\t\t\t\t\t\t\t\t\/\/type:      type        \/\/ 'get' or 'post', override for form's 'method' attribute \r\n\t\t\t\t\t\t\t\t\/\/dataType:  null        \/\/ 'xml', 'script', or 'json' (expected server response type) \r\n\t\t\t\t\t\t\t\t\/\/clearForm: true ,       \/\/ clear all form fields after successful submit \r\n\t\t\t\t\t\t\t\t\/\/resetForm: true  ,      \/\/ reset the form after successful submit \r\n\t\r\n\t\t\t\t\t\t\t\t\/\/ $.ajax options can be used here too, for example: \r\n\t\t\t\t\t\t\t\t\/\/timeout:   3000 \r\n\t\r\n\t\t\t\t\t\t\t\tbeforeSubmit: function() {\r\n\t\t\t\t\t\t\t\t\tjQuery(\"#loader-icon-5\").show();\r\n\t\t\t\t\t\t\t\t},\r\n\t\t\t\t\t\t\t\tsuccess:showResponse, \/\/ post-submit callback \r\n\t\t\t\t\t\t\t }; \r\n\t\r\n\t\t\t\t\t\t\t\/\/ inside event callbacks 'this' is the DOM element so we first \r\n\t\t\t\t\t\t\t\/\/ wrap it in a jQuery object and then invoke ajaxSubmit \r\n\t\t\t\t\t\t\tjQuery(this).ajaxSubmit(options); \r\n\t\r\n\t\t\t\t\t\t\t\/\/ !!! Important !!! \r\n\t\t\t\t\t\t\t\/\/ always return false to prevent standard browser submit and page navigation \r\n\t\t\t\t\t\t\treturn false; \r\n\t\t\t\t\t\t}); \r\n\t\r\n\t\r\n\t\t\t\t\t\tfunction showResponse(responseText, statusText, xhr, $form) {\r\n\t\t\t\t\t\t\tstr = responseText;\r\n\t\t\t\t\t\t\t\/\/replace first occurence \r\n\t\t\t\t\t\t\tstr = str.replace(\"successmsg_\", \" \"); \r\n\t\t\t\t\t\t\t\/\/ append response\r\n\t\r\n\t\t\t\t\t\t\tjQuery(\"#frontend_form_messages_5\").text(\" \");\r\n\t\t\t\t\t\t\tjQuery(\"#frontend_form_messages_5\").append(str);\r\n\t\t\t\t\t\t\tsetTimeout(function(){ \r\n\t\t\t\t\t\t\t\t\/\/jQuery(\"#frontend_form_messages_5 .success_message5\").fadeout(); \r\n\t\t\t\t\t\t\t\tjQuery(\"#frontend_form_messages_5 .success_message\").fadeOut();\r\n\t\t\t\t\t\t\t}, 5000);\r\n\t\r\n\t\t\t\t\t\t\t\/\/\tresponseText  , updates the div in target specified in options\r\n\t\t\t\t\t\t\tjQuery(\"#loader-icon-5\").hide();\r\n\t\r\n\t\t\t\t\t\t\tvar matched = responseText.search('successmsg_');\r\n\t\t\t\t\t\t\tif(matched != -1) {\r\n\t\r\n\t\t\t\t\t\t\t\tvar formId = \"5\";\r\n\t\t\t\t\t\t\t\t\r\n\t\r\n\t\t\t\t\t\t\t\tsetTimeout(function(){\r\n\t\t\t\t\t\t\t\t\t\t jQuery('#wpdevart-forms-5')[0].reset(); \r\n\t\t\t\t\t\t\t\t\t\t jQuery(\"#wpdevart-forms-\"+formId).each(function() {\r\n\t\t\t\t\t\t\t\t\t\t\t\r\n\t\t\t\t\t\t\t\t\t\t\t\r\n\t\t\t\t\t\t\t\t\t\t});\r\n\t\t\t\t\t\t\t\t },100);\r\n\t\t\t\t\t\t\t }\r\n\t\r\n\t\t\t\t\t\treturn false;\r\n\t\r\n\t\t\t\t\t\t}\r\n\t\t\t\t\t\tfunction showRequest() {\r\n\t\t\t\t\t\t\treturn false;\r\n\t\t\t\t\t\t}\r\n\t\r\n\t\t\t\t\t\tjQuery(document).on(\"click\",\"[type=reset].ws-reset-form\",function(e){\r\n\t\t\t\t\t\t\tformId= jQuery(this).attr('data-attr');\r\n\t\t\t\t\t\t\t\/\/reset\r\n\t\t\t\t\t\t\tjQuery(\"#wpdevart-forms-\"+formId).each(function(){\r\n\t\t\t\t\t\t\t\t\r\n\t\t\t\t\t\t\t\t\t\r\n\t\t\t\t\t\t\t\t\tjQuery(\"#wpdevart-forms-\"+formId)[0].reset();\r\n\t\t\t\t\t\t\t\t});\r\n\t\r\n\t\t\t\t\t\t\treturn false;\r\n\t\r\n\t\t\t\t\t\t});\r\n\t\t\t\t\t});\r\n\t\r\n\t\t\t\t\t<\/script>\r\n\t\t\t\t\n<p>&nbsp;<\/p>\n","protected":false},"excerpt":{"rendered":"<p>Tidenmeilent\u00f6rn Kanaren 16. &#8211; 23. 1. 2027 1\u00a0 Woche: Tidenmeilen soviel es geht! Ziel des Tidenmeilent\u00f6rns ist, innerhalb der zur Verf\u00fcgung stehenden Zeit so viel wiem\u00f6glich Meilen in Tidengew\u00e4ssern zu sammeln. Das ist vor allem f\u00fcr Segler interessant, die den RYA Yachtmaster erwerben m\u00f6chten, aber auch f\u00fcr Segler die Erfahrung sammeln wollen: zB Nachtfahrten und &hellip; <\/p>\n<p><a class=\"more-link btn\" href=\"https:\/\/www.fairwinds.at\/1604\/termine\/meilentoern-tidengewaesser-tidenmeilen\/\">Weiterlesen<\/a><\/p>\n","protected":false},"author":1,"featured_media":0,"parent":2997,"menu_order":3,"comment_status":"closed","ping_status":"closed","template":"","meta":{"footnotes":""},"class_list":["post-2987","page","type-page","status-publish","hentry","nodate","item-wrap"],"yoast_head":"<!-- This site is optimized with the Yoast SEO plugin v27.5 - https:\/\/yoast.com\/product\/yoast-seo-wordpress\/ -->\n<title>Termine Meilent\u00f6rn Tidengew\u00e4sser - Yachtsport Training Center<\/title>\n<meta name=\"description\" content=\"Tidenmeilen sind f\u00fcr die RYA Yachtmaster Pr\u00fcfung Voraussetzung. Aber auch ein besonderes Erlebnis f\u00fcr alle Segler.\" \/>\n<meta name=\"robots\" content=\"index, follow, max-snippet:-1, max-image-preview:large, max-video-preview:-1\" \/>\n<link rel=\"canonical\" href=\"https:\/\/www.fairwinds.at\/1604\/termine\/meilentoern-tidengewaesser-tidenmeilen\/\" \/>\n<meta property=\"og:locale\" content=\"de_DE\" \/>\n<meta property=\"og:type\" content=\"article\" \/>\n<meta property=\"og:title\" content=\"Termine Meilent\u00f6rn Tidengew\u00e4sser - Yachtsport Training Center\" \/>\n<meta property=\"og:description\" content=\"Tidenmeilen sind f\u00fcr die RYA Yachtmaster Pr\u00fcfung Voraussetzung. Aber auch ein besonderes Erlebnis f\u00fcr alle Segler.\" \/>\n<meta property=\"og:url\" content=\"https:\/\/www.fairwinds.at\/1604\/termine\/meilentoern-tidengewaesser-tidenmeilen\/\" \/>\n<meta property=\"og:site_name\" content=\"Yachtsport Training Center\" \/>\n<meta property=\"article:publisher\" content=\"http:\/\/www.fairwinds.at\" \/>\n<meta property=\"article:modified_time\" content=\"2026-03-09T09:11:39+00:00\" \/>\n<meta name=\"twitter:card\" content=\"summary_large_image\" \/>\n<meta name=\"twitter:label1\" content=\"Gesch\u00e4tzte Lesezeit\" \/>\n\t<meta name=\"twitter:data1\" content=\"1\u00a0Minute\" \/>\n<script type=\"application\/ld+json\" class=\"yoast-schema-graph\">{\"@context\":\"https:\\\/\\\/schema.org\",\"@graph\":[{\"@type\":\"WebPage\",\"@id\":\"https:\\\/\\\/www.fairwinds.at\\\/1604\\\/termine\\\/meilentoern-tidengewaesser-tidenmeilen\\\/\",\"url\":\"https:\\\/\\\/www.fairwinds.at\\\/1604\\\/termine\\\/meilentoern-tidengewaesser-tidenmeilen\\\/\",\"name\":\"Termine Meilent\u00f6rn Tidengew\u00e4sser - Yachtsport Training Center\",\"isPartOf\":{\"@id\":\"https:\\\/\\\/www.fairwinds.at\\\/1604\\\/#website\"},\"datePublished\":\"2023-02-27T20:03:28+00:00\",\"dateModified\":\"2026-03-09T09:11:39+00:00\",\"description\":\"Tidenmeilen sind f\u00fcr die RYA Yachtmaster Pr\u00fcfung Voraussetzung. Aber auch ein besonderes Erlebnis f\u00fcr alle Segler.\",\"breadcrumb\":{\"@id\":\"https:\\\/\\\/www.fairwinds.at\\\/1604\\\/termine\\\/meilentoern-tidengewaesser-tidenmeilen\\\/#breadcrumb\"},\"inLanguage\":\"de\",\"potentialAction\":[{\"@type\":\"ReadAction\",\"target\":[\"https:\\\/\\\/www.fairwinds.at\\\/1604\\\/termine\\\/meilentoern-tidengewaesser-tidenmeilen\\\/\"]}]},{\"@type\":\"BreadcrumbList\",\"@id\":\"https:\\\/\\\/www.fairwinds.at\\\/1604\\\/termine\\\/meilentoern-tidengewaesser-tidenmeilen\\\/#breadcrumb\",\"itemListElement\":[{\"@type\":\"ListItem\",\"position\":1,\"name\":\"Startseite\",\"item\":\"https:\\\/\\\/www.fairwinds.at\\\/1604\\\/\"},{\"@type\":\"ListItem\",\"position\":2,\"name\":\"Termine\",\"item\":\"https:\\\/\\\/www.fairwinds.at\\\/1604\\\/termine\\\/\"},{\"@type\":\"ListItem\",\"position\":3,\"name\":\"Termine Meilent\u00f6rn Tidengew\u00e4sser\"}]},{\"@type\":\"WebSite\",\"@id\":\"https:\\\/\\\/www.fairwinds.at\\\/1604\\\/#website\",\"url\":\"https:\\\/\\\/www.fairwinds.at\\\/1604\\\/\",\"name\":\"Yachtsport Training Center\",\"description\":\"\",\"potentialAction\":[{\"@type\":\"SearchAction\",\"target\":{\"@type\":\"EntryPoint\",\"urlTemplate\":\"https:\\\/\\\/www.fairwinds.at\\\/1604\\\/?s={search_term_string}\"},\"query-input\":{\"@type\":\"PropertyValueSpecification\",\"valueRequired\":true,\"valueName\":\"search_term_string\"}}],\"inLanguage\":\"de\"}]}<\/script>\n<!-- \/ Yoast SEO plugin. -->","yoast_head_json":{"title":"Termine Meilent\u00f6rn Tidengew\u00e4sser - Yachtsport Training Center","description":"Tidenmeilen sind f\u00fcr die RYA Yachtmaster Pr\u00fcfung Voraussetzung. Aber auch ein besonderes Erlebnis f\u00fcr alle Segler.","robots":{"index":"index","follow":"follow","max-snippet":"max-snippet:-1","max-image-preview":"max-image-preview:large","max-video-preview":"max-video-preview:-1"},"canonical":"https:\/\/www.fairwinds.at\/1604\/termine\/meilentoern-tidengewaesser-tidenmeilen\/","og_locale":"de_DE","og_type":"article","og_title":"Termine Meilent\u00f6rn Tidengew\u00e4sser - Yachtsport Training Center","og_description":"Tidenmeilen sind f\u00fcr die RYA Yachtmaster Pr\u00fcfung Voraussetzung. Aber auch ein besonderes Erlebnis f\u00fcr alle Segler.","og_url":"https:\/\/www.fairwinds.at\/1604\/termine\/meilentoern-tidengewaesser-tidenmeilen\/","og_site_name":"Yachtsport Training Center","article_publisher":"http:\/\/www.fairwinds.at","article_modified_time":"2026-03-09T09:11:39+00:00","twitter_card":"summary_large_image","twitter_misc":{"Gesch\u00e4tzte Lesezeit":"1\u00a0Minute"},"schema":{"@context":"https:\/\/schema.org","@graph":[{"@type":"WebPage","@id":"https:\/\/www.fairwinds.at\/1604\/termine\/meilentoern-tidengewaesser-tidenmeilen\/","url":"https:\/\/www.fairwinds.at\/1604\/termine\/meilentoern-tidengewaesser-tidenmeilen\/","name":"Termine Meilent\u00f6rn Tidengew\u00e4sser - Yachtsport Training Center","isPartOf":{"@id":"https:\/\/www.fairwinds.at\/1604\/#website"},"datePublished":"2023-02-27T20:03:28+00:00","dateModified":"2026-03-09T09:11:39+00:00","description":"Tidenmeilen sind f\u00fcr die RYA Yachtmaster Pr\u00fcfung Voraussetzung. Aber auch ein besonderes Erlebnis f\u00fcr alle Segler.","breadcrumb":{"@id":"https:\/\/www.fairwinds.at\/1604\/termine\/meilentoern-tidengewaesser-tidenmeilen\/#breadcrumb"},"inLanguage":"de","potentialAction":[{"@type":"ReadAction","target":["https:\/\/www.fairwinds.at\/1604\/termine\/meilentoern-tidengewaesser-tidenmeilen\/"]}]},{"@type":"BreadcrumbList","@id":"https:\/\/www.fairwinds.at\/1604\/termine\/meilentoern-tidengewaesser-tidenmeilen\/#breadcrumb","itemListElement":[{"@type":"ListItem","position":1,"name":"Startseite","item":"https:\/\/www.fairwinds.at\/1604\/"},{"@type":"ListItem","position":2,"name":"Termine","item":"https:\/\/www.fairwinds.at\/1604\/termine\/"},{"@type":"ListItem","position":3,"name":"Termine Meilent\u00f6rn Tidengew\u00e4sser"}]},{"@type":"WebSite","@id":"https:\/\/www.fairwinds.at\/1604\/#website","url":"https:\/\/www.fairwinds.at\/1604\/","name":"Yachtsport Training Center","description":"","potentialAction":[{"@type":"SearchAction","target":{"@type":"EntryPoint","urlTemplate":"https:\/\/www.fairwinds.at\/1604\/?s={search_term_string}"},"query-input":{"@type":"PropertyValueSpecification","valueRequired":true,"valueName":"search_term_string"}}],"inLanguage":"de"}]}},"amp_enabled":true,"_links":{"self":[{"href":"https:\/\/www.fairwinds.at\/1604\/wp-json\/wp\/v2\/pages\/2987","targetHints":{"allow":["GET"]}}],"collection":[{"href":"https:\/\/www.fairwinds.at\/1604\/wp-json\/wp\/v2\/pages"}],"about":[{"href":"https:\/\/www.fairwinds.at\/1604\/wp-json\/wp\/v2\/types\/page"}],"author":[{"embeddable":true,"href":"https:\/\/www.fairwinds.at\/1604\/wp-json\/wp\/v2\/users\/1"}],"replies":[{"embeddable":true,"href":"https:\/\/www.fairwinds.at\/1604\/wp-json\/wp\/v2\/comments?post=2987"}],"version-history":[{"count":24,"href":"https:\/\/www.fairwinds.at\/1604\/wp-json\/wp\/v2\/pages\/2987\/revisions"}],"predecessor-version":[{"id":3597,"href":"https:\/\/www.fairwinds.at\/1604\/wp-json\/wp\/v2\/pages\/2987\/revisions\/3597"}],"up":[{"embeddable":true,"href":"https:\/\/www.fairwinds.at\/1604\/wp-json\/wp\/v2\/pages\/2997"}],"wp:attachment":[{"href":"https:\/\/www.fairwinds.at\/1604\/wp-json\/wp\/v2\/media?parent=2987"}],"curies":[{"name":"wp","href":"https:\/\/api.w.org\/{rel}","templated":true}]}}