{"id":2962,"date":"2023-02-27T16:08:23","date_gmt":"2023-02-27T15:08:23","guid":{"rendered":"https:\/\/www.fairwinds.at\/1604\/?page_id=2962"},"modified":"2023-07-24T15:41:17","modified_gmt":"2023-07-24T13:41:17","slug":"dein-weg-zum-rya-yachmaster","status":"publish","type":"page","link":"https:\/\/www.fairwinds.at\/1604\/rya-yachtmaster-offshore\/dein-weg-zum-rya-yachmaster\/","title":{"rendered":"Ausbildungsziel &#038; -inhalte"},"content":{"rendered":"<p>Die Lizenzen der Royal Yachting Association RYA haben weltweit den besten Ruf und sind international anerkannt. Dementsprechend sind sie auch begehrt. Ausserdem gelten sie in Verbindung mit dem \u201eCommercial Endorsement\u201c\u00a0 auch als Berechtigung f\u00fcr gewerbliche Zwecke, z.B. f\u00fcr \u00dcberstellungen und Trainings.<\/p>\n<p>Ziel der Ausbildung ist, die F\u00e4higkeiten und Techniken zu vermitteln, die erforderlich sind, um eine Yacht bei Tag und Nacht sicher auf K\u00fcsten- und Offshore-Passagen zu steuern.<\/p>\n<p><img loading=\"lazy\" decoding=\"async\" class=\"alignright wp-image-376 size-medium\" src=\"https:\/\/www.fairwinds.at\/1604\/wp-content\/uploads\/2016\/04\/WP_20161203_11_33_23_Pro-300x169.jpg\" alt=\"Segeln im Solent\" width=\"300\" height=\"169\" srcset=\"https:\/\/www.fairwinds.at\/1604\/wp-content\/uploads\/2016\/04\/WP_20161203_11_33_23_Pro-300x169.jpg 300w, https:\/\/www.fairwinds.at\/1604\/wp-content\/uploads\/2016\/04\/WP_20161203_11_33_23_Pro-600x338.jpg 600w, https:\/\/www.fairwinds.at\/1604\/wp-content\/uploads\/2016\/04\/WP_20161203_11_33_23_Pro-768x433.jpg 768w, https:\/\/www.fairwinds.at\/1604\/wp-content\/uploads\/2016\/04\/WP_20161203_11_33_23_Pro-1024x577.jpg 1024w\" sizes=\"auto, (max-width: 300px) 100vw, 300px\" \/><\/p>\n<ul>\n<li>Passagenplanung<\/li>\n<li>Vorbereitung auf Tidengew\u00e4sser &amp; Str\u00f6mungen<\/li>\n<li>Nachtpassgen &amp; -ansteuerungen<\/li>\n<li>Ung\u00fcnstige Wetterbedingungen &#8211; Schwerwetter<\/li>\n<li>Yachthandling unter Segeln &amp; Motor<\/li>\n<li>Sicherheit auf See<\/li>\n<li>stark befahren Seegebiete<\/li>\n<\/ul>\n<p>&nbsp;<\/p>\n<h2>Theoretisches Wissen<\/h2>\n<p><img loading=\"lazy\" decoding=\"async\" class=\"alignleft wp-image-817\" src=\"https:\/\/www.fairwinds.at\/1604\/wp-content\/uploads\/2018\/04\/IMG_20180411_121548-225x300.jpg\" sizes=\"auto, (max-width: 116px) 100vw, 116px\" srcset=\"https:\/\/www.fairwinds.at\/1604\/wp-content\/uploads\/2018\/04\/IMG_20180411_121548-225x300.jpg 225w, https:\/\/www.fairwinds.at\/1604\/wp-content\/uploads\/2018\/04\/IMG_20180411_121548-600x800.jpg 600w, https:\/\/www.fairwinds.at\/1604\/wp-content\/uploads\/2018\/04\/IMG_20180411_121548-768x1024.jpg 768w\" alt=\"Theorie &amp; Passage Planning\" width=\"116\" height=\"155\" \/><\/p>\n<p>Gute Vorbereitung ist die halbe Miete. Wir sind ein RYA-lizenziertes Trainings Centre und bieten diese Ausbildung\u00a0 in \u00d6sterreich an. Diese ist die Grundlage f\u00fcr eine erfolgreiche\u00a0 RYA Yachtmaster-Pr\u00fcfung.<\/p>\n<p>Zudem legen Wert auf kleine Gruppen, weshalb eine sehr pers\u00f6nliche Betreuung m\u00f6glich ist.<\/p>\n<p>&nbsp;<\/p>\n<h2>Voraussetzungen<\/h2>\n<p>Folgende Voraussetzungen m\u00fcssen erf\u00fcllt sein, um zur Pr\u00fcfung zum <a href=\"https:\/\/www.fairwinds.at\/1604\/rya-yachtmaster-offshore\/rya-yachtmaster-unterschied\/\">RYA Yachtmaster Offshore\/Coastal <\/a>antreten zu k\u00f6nnen:<\/p>\n<ul>\n<li>2500 miles minimum of which 1250 must be tidal waters as skipper or crew<\/li>\n<li>50 days in either tidal or non-tidal water<\/li>\n<li>of the minimum 5 x 60 mile passages 2 must be as skipper (in any waters) and 2 passages must be tidal<\/li>\n<li>2 of the passages must be overnight, as crew or skipper and in any water<\/li>\n<li>SRC &amp; 1st Aid<\/li>\n<li>Alles in den letzten 10 Jahren<\/li>\n<\/ul>\n<h2><a href=\"https:\/\/www.fairwinds.at\/1604\/meilentoerns-tidengewaesser\/\">Meilent\u00f6rns<\/a><img loading=\"lazy\" decoding=\"async\" class=\"size-medium wp-image-858 alignright\" src=\"https:\/\/www.fairwinds.at\/1604\/wp-content\/uploads\/2018\/06\/Solent-z083-300x225.jpg\" alt=\"\" width=\"300\" height=\"225\" srcset=\"https:\/\/www.fairwinds.at\/1604\/wp-content\/uploads\/2018\/06\/Solent-z083-300x225.jpg 300w, https:\/\/www.fairwinds.at\/1604\/wp-content\/uploads\/2018\/06\/Solent-z083-768x576.jpg 768w, https:\/\/www.fairwinds.at\/1604\/wp-content\/uploads\/2018\/06\/Solent-z083-1024x768.jpg 1024w, https:\/\/www.fairwinds.at\/1604\/wp-content\/uploads\/2018\/06\/Solent-z083-600x450.jpg 600w, https:\/\/www.fairwinds.at\/1604\/wp-content\/uploads\/2018\/06\/Solent-z083.jpg 1440w\" sizes=\"auto, (max-width: 300px) 100vw, 300px\" \/><\/h2>\n<p>Wir bieten unterschiedliche T\u00f6rns in Gebieten mit Tiden und Str\u00f6mungen und Passagen \u00fcber 60 nm an.<br \/>\nDer Skipper ist RYA Yachtmaster Offshore. Auf jeden Fall werden sie von seinen Erfahrungen auch profitieren.<br \/>\nAuf jeden Fall wird er mit ihnen alle speziellen Man\u00f6ver trainieren:<br \/>\nPOB, an- und ablegen im Strom, blind navigation, Wetterbeobachtung, Colregs, \u201eheavy traffic\u201c Passagen und nat\u00fcrlich Passage Planning und Pilotage.<\/p>\n<p>&nbsp;<\/p>\n<h2>Praxis &amp; Exam<\/h2>\n<p><img loading=\"lazy\" decoding=\"async\" class=\" wp-image-859 alignleft\" src=\"https:\/\/www.fairwinds.at\/1604\/wp-content\/uploads\/2018\/06\/Solent-z248-300x225.jpg\" sizes=\"auto, (max-width: 197px) 100vw, 197px\" srcset=\"https:\/\/www.fairwinds.at\/1604\/wp-content\/uploads\/2018\/06\/Solent-z248-300x225.jpg 300w, https:\/\/www.fairwinds.at\/1604\/wp-content\/uploads\/2018\/06\/Solent-z248-768x576.jpg 768w, https:\/\/www.fairwinds.at\/1604\/wp-content\/uploads\/2018\/06\/Solent-z248-1024x768.jpg 1024w, https:\/\/www.fairwinds.at\/1604\/wp-content\/uploads\/2018\/06\/Solent-z248-600x450.jpg 600w, https:\/\/www.fairwinds.at\/1604\/wp-content\/uploads\/2018\/06\/Solent-z248.jpg 1440w\" alt=\"\" width=\"197\" height=\"148\" \/><\/p>\n<p>In der Woche vor der Pr\u00fcfung bieten wir eine \u201ePreparation Week\u201c an. Alle\u00a0 theoretischen Anforderungen werden aufgefrischt und die Man\u00f6ver im im Pr\u00fcfungsrevier perfektioniert.<\/p>\n<h2><img loading=\"lazy\" decoding=\"async\" class=\"alignright wp-image-823\" src=\"https:\/\/www.fairwinds.at\/1604\/wp-content\/uploads\/2018\/04\/IMG_20180413_153613_013-300x300.jpg\" sizes=\"auto, (max-width: 210px) 100vw, 210px\" srcset=\"https:\/\/www.fairwinds.at\/1604\/wp-content\/uploads\/2018\/04\/IMG_20180413_153613_013-300x300.jpg 300w, https:\/\/www.fairwinds.at\/1604\/wp-content\/uploads\/2018\/04\/IMG_20180413_153613_013-100x100.jpg 100w, https:\/\/www.fairwinds.at\/1604\/wp-content\/uploads\/2018\/04\/IMG_20180413_153613_013-600x600.jpg 600w, https:\/\/www.fairwinds.at\/1604\/wp-content\/uploads\/2018\/04\/IMG_20180413_153613_013-150x150.jpg 150w, https:\/\/www.fairwinds.at\/1604\/wp-content\/uploads\/2018\/04\/IMG_20180413_153613_013-768x768.jpg 768w, https:\/\/www.fairwinds.at\/1604\/wp-content\/uploads\/2018\/04\/IMG_20180413_153613_013-1024x1024.jpg 1024w\" alt=\"RYA Yachtmaster\" width=\"210\" height=\"210\" \/><\/h2>\n<p>&nbsp;<\/p>\n<p>Direkt anschlie\u00dfend kommt der RYA Examiner an Bord und wird die Pr\u00fcfung abnehmen. Bei 2 Teilnehmern bis zu 12 Stunden, bei 4 bis zu 24 Stunden. Die Pr\u00fcfer sind durchwegs ist fair und korrekt und geben am Ende das Ergebnis bekannt. Auch das ist nochmals eine Bereicherung, da dies immer mit einem sehr ausf\u00fchrlichen Feedback geschieht.<\/p>\n<p>&nbsp;<\/p>\n<p>&nbsp;<\/p>\n<p>&nbsp;<\/p>\n","protected":false},"excerpt":{"rendered":"<p>Die Lizenzen der Royal Yachting Association RYA haben weltweit den besten Ruf und sind international anerkannt. Dementsprechend sind sie auch begehrt. Ausserdem gelten sie in Verbindung mit dem \u201eCommercial Endorsement\u201c\u00a0 auch als Berechtigung f\u00fcr gewerbliche Zwecke, z.B. f\u00fcr \u00dcberstellungen und Trainings. Ziel der Ausbildung ist, die F\u00e4higkeiten und Techniken zu vermitteln, die erforderlich sind, um &hellip; <\/p>\n<p><a class=\"more-link btn\" href=\"https:\/\/www.fairwinds.at\/1604\/rya-yachtmaster-offshore\/dein-weg-zum-rya-yachmaster\/\">Weiterlesen<\/a><\/p>\n","protected":false},"author":1,"featured_media":0,"parent":1514,"menu_order":2,"comment_status":"closed","ping_status":"closed","template":"","meta":{"footnotes":""},"class_list":["post-2962","page","type-page","status-publish","hentry","nodate","item-wrap"],"yoast_head":"<!-- This site is optimized with the Yoast SEO plugin v27.5 - https:\/\/yoast.com\/product\/yoast-seo-wordpress\/ -->\n<title>Ausbildungsziel &amp; -inhalte - Yachtsport Training Center<\/title>\n<meta name=\"description\" content=\"Der RYA Yachtmaster ist international anerkannt und gilt als Kompetenzma\u00dfstab f\u00fcr professionelle und Freizeityacht-Skipper.\" \/>\n<meta name=\"robots\" content=\"index, follow, max-snippet:-1, max-image-preview:large, max-video-preview:-1\" \/>\n<link rel=\"canonical\" href=\"https:\/\/www.fairwinds.at\/1604\/rya-yachtmaster-offshore\/dein-weg-zum-rya-yachmaster\/\" \/>\n<meta property=\"og:locale\" content=\"de_DE\" \/>\n<meta property=\"og:type\" content=\"article\" \/>\n<meta property=\"og:title\" content=\"Ausbildungsziel &amp; -inhalte - Yachtsport Training Center\" \/>\n<meta property=\"og:description\" content=\"Der RYA Yachtmaster ist international anerkannt und gilt als Kompetenzma\u00dfstab f\u00fcr professionelle und Freizeityacht-Skipper.\" \/>\n<meta property=\"og:url\" content=\"https:\/\/www.fairwinds.at\/1604\/rya-yachtmaster-offshore\/dein-weg-zum-rya-yachmaster\/\" \/>\n<meta property=\"og:site_name\" content=\"Yachtsport Training Center\" \/>\n<meta property=\"article:publisher\" content=\"http:\/\/www.fairwinds.at\" \/>\n<meta property=\"article:modified_time\" content=\"2023-07-24T13:41:17+00:00\" \/>\n<meta property=\"og:image\" content=\"https:\/\/www.fairwinds.at\/1604\/wp-content\/uploads\/2016\/04\/WP_20161203_11_33_23_Pro-300x169.jpg\" \/>\n<meta name=\"twitter:card\" content=\"summary_large_image\" \/>\n<meta name=\"twitter:label1\" content=\"Gesch\u00e4tzte Lesezeit\" \/>\n\t<meta name=\"twitter:data1\" content=\"4\u00a0Minuten\" \/>\n<script type=\"application\/ld+json\" class=\"yoast-schema-graph\">{\"@context\":\"https:\\\/\\\/schema.org\",\"@graph\":[{\"@type\":\"WebPage\",\"@id\":\"https:\\\/\\\/www.fairwinds.at\\\/1604\\\/rya-yachtmaster-offshore\\\/dein-weg-zum-rya-yachmaster\\\/\",\"url\":\"https:\\\/\\\/www.fairwinds.at\\\/1604\\\/rya-yachtmaster-offshore\\\/dein-weg-zum-rya-yachmaster\\\/\",\"name\":\"Ausbildungsziel & -inhalte - Yachtsport Training Center\",\"isPartOf\":{\"@id\":\"https:\\\/\\\/www.fairwinds.at\\\/1604\\\/#website\"},\"primaryImageOfPage\":{\"@id\":\"https:\\\/\\\/www.fairwinds.at\\\/1604\\\/rya-yachtmaster-offshore\\\/dein-weg-zum-rya-yachmaster\\\/#primaryimage\"},\"image\":{\"@id\":\"https:\\\/\\\/www.fairwinds.at\\\/1604\\\/rya-yachtmaster-offshore\\\/dein-weg-zum-rya-yachmaster\\\/#primaryimage\"},\"thumbnailUrl\":\"https:\\\/\\\/www.fairwinds.at\\\/1604\\\/wp-content\\\/uploads\\\/2016\\\/04\\\/WP_20161203_11_33_23_Pro-300x169.jpg\",\"datePublished\":\"2023-02-27T15:08:23+00:00\",\"dateModified\":\"2023-07-24T13:41:17+00:00\",\"description\":\"Der RYA Yachtmaster ist international anerkannt und gilt als Kompetenzma\u00dfstab f\u00fcr professionelle und Freizeityacht-Skipper.\",\"breadcrumb\":{\"@id\":\"https:\\\/\\\/www.fairwinds.at\\\/1604\\\/rya-yachtmaster-offshore\\\/dein-weg-zum-rya-yachmaster\\\/#breadcrumb\"},\"inLanguage\":\"de\",\"potentialAction\":[{\"@type\":\"ReadAction\",\"target\":[\"https:\\\/\\\/www.fairwinds.at\\\/1604\\\/rya-yachtmaster-offshore\\\/dein-weg-zum-rya-yachmaster\\\/\"]}]},{\"@type\":\"ImageObject\",\"inLanguage\":\"de\",\"@id\":\"https:\\\/\\\/www.fairwinds.at\\\/1604\\\/rya-yachtmaster-offshore\\\/dein-weg-zum-rya-yachmaster\\\/#primaryimage\",\"url\":\"https:\\\/\\\/www.fairwinds.at\\\/1604\\\/wp-content\\\/uploads\\\/2016\\\/04\\\/WP_20161203_11_33_23_Pro.jpg\",\"contentUrl\":\"https:\\\/\\\/www.fairwinds.at\\\/1604\\\/wp-content\\\/uploads\\\/2016\\\/04\\\/WP_20161203_11_33_23_Pro.jpg\",\"width\":3264,\"height\":1840},{\"@type\":\"BreadcrumbList\",\"@id\":\"https:\\\/\\\/www.fairwinds.at\\\/1604\\\/rya-yachtmaster-offshore\\\/dein-weg-zum-rya-yachmaster\\\/#breadcrumb\",\"itemListElement\":[{\"@type\":\"ListItem\",\"position\":1,\"name\":\"Startseite\",\"item\":\"https:\\\/\\\/www.fairwinds.at\\\/1604\\\/\"},{\"@type\":\"ListItem\",\"position\":2,\"name\":\"RYA Yachtmaster Offshore \\\/ Coastal\",\"item\":\"https:\\\/\\\/www.fairwinds.at\\\/1604\\\/rya-yachtmaster-offshore\\\/\"},{\"@type\":\"ListItem\",\"position\":3,\"name\":\"Ausbildungsziel &#038; -inhalte\"}]},{\"@type\":\"WebSite\",\"@id\":\"https:\\\/\\\/www.fairwinds.at\\\/1604\\\/#website\",\"url\":\"https:\\\/\\\/www.fairwinds.at\\\/1604\\\/\",\"name\":\"Yachtsport Training Center\",\"description\":\"\",\"potentialAction\":[{\"@type\":\"SearchAction\",\"target\":{\"@type\":\"EntryPoint\",\"urlTemplate\":\"https:\\\/\\\/www.fairwinds.at\\\/1604\\\/?s={search_term_string}\"},\"query-input\":{\"@type\":\"PropertyValueSpecification\",\"valueRequired\":true,\"valueName\":\"search_term_string\"}}],\"inLanguage\":\"de\"}]}<\/script>\n<!-- \/ Yoast SEO plugin. -->","yoast_head_json":{"title":"Ausbildungsziel & -inhalte - Yachtsport Training Center","description":"Der RYA Yachtmaster ist international anerkannt und gilt als Kompetenzma\u00dfstab f\u00fcr professionelle und Freizeityacht-Skipper.","robots":{"index":"index","follow":"follow","max-snippet":"max-snippet:-1","max-image-preview":"max-image-preview:large","max-video-preview":"max-video-preview:-1"},"canonical":"https:\/\/www.fairwinds.at\/1604\/rya-yachtmaster-offshore\/dein-weg-zum-rya-yachmaster\/","og_locale":"de_DE","og_type":"article","og_title":"Ausbildungsziel & -inhalte - Yachtsport Training Center","og_description":"Der RYA Yachtmaster ist international anerkannt und gilt als Kompetenzma\u00dfstab f\u00fcr professionelle und Freizeityacht-Skipper.","og_url":"https:\/\/www.fairwinds.at\/1604\/rya-yachtmaster-offshore\/dein-weg-zum-rya-yachmaster\/","og_site_name":"Yachtsport Training Center","article_publisher":"http:\/\/www.fairwinds.at","article_modified_time":"2023-07-24T13:41:17+00:00","og_image":[{"url":"https:\/\/www.fairwinds.at\/1604\/wp-content\/uploads\/2016\/04\/WP_20161203_11_33_23_Pro-300x169.jpg","type":"","width":"","height":""}],"twitter_card":"summary_large_image","twitter_misc":{"Gesch\u00e4tzte Lesezeit":"4\u00a0Minuten"},"schema":{"@context":"https:\/\/schema.org","@graph":[{"@type":"WebPage","@id":"https:\/\/www.fairwinds.at\/1604\/rya-yachtmaster-offshore\/dein-weg-zum-rya-yachmaster\/","url":"https:\/\/www.fairwinds.at\/1604\/rya-yachtmaster-offshore\/dein-weg-zum-rya-yachmaster\/","name":"Ausbildungsziel & -inhalte - Yachtsport Training Center","isPartOf":{"@id":"https:\/\/www.fairwinds.at\/1604\/#website"},"primaryImageOfPage":{"@id":"https:\/\/www.fairwinds.at\/1604\/rya-yachtmaster-offshore\/dein-weg-zum-rya-yachmaster\/#primaryimage"},"image":{"@id":"https:\/\/www.fairwinds.at\/1604\/rya-yachtmaster-offshore\/dein-weg-zum-rya-yachmaster\/#primaryimage"},"thumbnailUrl":"https:\/\/www.fairwinds.at\/1604\/wp-content\/uploads\/2016\/04\/WP_20161203_11_33_23_Pro-300x169.jpg","datePublished":"2023-02-27T15:08:23+00:00","dateModified":"2023-07-24T13:41:17+00:00","description":"Der RYA Yachtmaster ist international anerkannt und gilt als Kompetenzma\u00dfstab f\u00fcr professionelle und Freizeityacht-Skipper.","breadcrumb":{"@id":"https:\/\/www.fairwinds.at\/1604\/rya-yachtmaster-offshore\/dein-weg-zum-rya-yachmaster\/#breadcrumb"},"inLanguage":"de","potentialAction":[{"@type":"ReadAction","target":["https:\/\/www.fairwinds.at\/1604\/rya-yachtmaster-offshore\/dein-weg-zum-rya-yachmaster\/"]}]},{"@type":"ImageObject","inLanguage":"de","@id":"https:\/\/www.fairwinds.at\/1604\/rya-yachtmaster-offshore\/dein-weg-zum-rya-yachmaster\/#primaryimage","url":"https:\/\/www.fairwinds.at\/1604\/wp-content\/uploads\/2016\/04\/WP_20161203_11_33_23_Pro.jpg","contentUrl":"https:\/\/www.fairwinds.at\/1604\/wp-content\/uploads\/2016\/04\/WP_20161203_11_33_23_Pro.jpg","width":3264,"height":1840},{"@type":"BreadcrumbList","@id":"https:\/\/www.fairwinds.at\/1604\/rya-yachtmaster-offshore\/dein-weg-zum-rya-yachmaster\/#breadcrumb","itemListElement":[{"@type":"ListItem","position":1,"name":"Startseite","item":"https:\/\/www.fairwinds.at\/1604\/"},{"@type":"ListItem","position":2,"name":"RYA Yachtmaster Offshore \/ Coastal","item":"https:\/\/www.fairwinds.at\/1604\/rya-yachtmaster-offshore\/"},{"@type":"ListItem","position":3,"name":"Ausbildungsziel &#038; -inhalte"}]},{"@type":"WebSite","@id":"https:\/\/www.fairwinds.at\/1604\/#website","url":"https:\/\/www.fairwinds.at\/1604\/","name":"Yachtsport Training Center","description":"","potentialAction":[{"@type":"SearchAction","target":{"@type":"EntryPoint","urlTemplate":"https:\/\/www.fairwinds.at\/1604\/?s={search_term_string}"},"query-input":{"@type":"PropertyValueSpecification","valueRequired":true,"valueName":"search_term_string"}}],"inLanguage":"de"}]}},"amp_enabled":true,"_links":{"self":[{"href":"https:\/\/www.fairwinds.at\/1604\/wp-json\/wp\/v2\/pages\/2962","targetHints":{"allow":["GET"]}}],"collection":[{"href":"https:\/\/www.fairwinds.at\/1604\/wp-json\/wp\/v2\/pages"}],"about":[{"href":"https:\/\/www.fairwinds.at\/1604\/wp-json\/wp\/v2\/types\/page"}],"author":[{"embeddable":true,"href":"https:\/\/www.fairwinds.at\/1604\/wp-json\/wp\/v2\/users\/1"}],"replies":[{"embeddable":true,"href":"https:\/\/www.fairwinds.at\/1604\/wp-json\/wp\/v2\/comments?post=2962"}],"version-history":[{"count":6,"href":"https:\/\/www.fairwinds.at\/1604\/wp-json\/wp\/v2\/pages\/2962\/revisions"}],"predecessor-version":[{"id":3173,"href":"https:\/\/www.fairwinds.at\/1604\/wp-json\/wp\/v2\/pages\/2962\/revisions\/3173"}],"up":[{"embeddable":true,"href":"https:\/\/www.fairwinds.at\/1604\/wp-json\/wp\/v2\/pages\/1514"}],"wp:attachment":[{"href":"https:\/\/www.fairwinds.at\/1604\/wp-json\/wp\/v2\/media?parent=2962"}],"curies":[{"name":"wp","href":"https:\/\/api.w.org\/{rel}","templated":true}]}}