{"id":2945,"date":"2023-02-27T15:35:09","date_gmt":"2023-02-27T14:35:09","guid":{"rendered":"https:\/\/www.fairwinds.at\/1604\/?page_id=2945"},"modified":"2023-06-12T11:09:51","modified_gmt":"2023-06-12T09:09:51","slug":"meilentoerns-tidengewaesser","status":"publish","type":"page","link":"https:\/\/www.fairwinds.at\/1604\/spezielle-segeltoerns\/meilentoerns-tidengewaesser\/","title":{"rendered":"Meilent\u00f6rns &#8211; Tidengew\u00e4sser"},"content":{"rendered":"<p>Ein <a href=\"https:\/\/www.fairwinds.at\/1604\/meilentoern-tidengewaesser-tidenmeilen\/\">Meilent\u00f6rn<\/a> &#8211; egal ob in Tidengew\u00e4ssern oder im Mittelmeer &#8211; ist ein besonderes Erlebnis. Ziel ist in einem vorgegebenen Zeitfenster m\u00f6glichst viele Meilen zu sammeln, die z.B. f\u00fcr den Erwerb einer Lizenz notwendig sind.<\/p>\n<p data-wp-editing=\"1\">Das ben\u00f6tigt eine besondere Vorbereitung:<br \/>\nDa nicht jeden Abend ein Hafen angelaufen wird, mehrfach die Nacht durchgesegelt wird, ist die Vorbereitung auf Themen wie Wettervorschau, Revierkenntnis, Tiden- und Str\u00f6mungsverh\u00e4ltnisse und nat\u00fcrlich auch die Planung der Verpflegung besonders wichtig.<img loading=\"lazy\" decoding=\"async\" class=\"alignright wp-image-2946 size-medium\" src=\"https:\/\/www.fairwinds.at\/1604\/wp-content\/uploads\/2023\/02\/IMG_4705-1-300x139.jpg\" alt=\"Meilent\u00f6rn Kanaren\" width=\"300\" height=\"139\" srcset=\"https:\/\/www.fairwinds.at\/1604\/wp-content\/uploads\/2023\/02\/IMG_4705-1-300x139.jpg 300w, https:\/\/www.fairwinds.at\/1604\/wp-content\/uploads\/2023\/02\/IMG_4705-1-1024x473.jpg 1024w, https:\/\/www.fairwinds.at\/1604\/wp-content\/uploads\/2023\/02\/IMG_4705-1-768x355.jpg 768w, https:\/\/www.fairwinds.at\/1604\/wp-content\/uploads\/2023\/02\/IMG_4705-1-1536x709.jpg 1536w, https:\/\/www.fairwinds.at\/1604\/wp-content\/uploads\/2023\/02\/IMG_4705-1-847x391.jpg 847w, https:\/\/www.fairwinds.at\/1604\/wp-content\/uploads\/2023\/02\/IMG_4705-1.jpg 1624w\" sizes=\"auto, (max-width: 300px) 100vw, 300px\" \/><\/p>\n<p>Ein Beispielf\u00fcr so einen T\u00f6rn:<br \/>\nUmrundung der Kanaren: 14 Tage, \u00fcber 1.000 Meilen<\/p>\n<p>Neben dem Basiserfolg der ben\u00f6tigten Meilen, wird dieser auch\u00a0 zum unvergesslichen Erlebnis und eine Kompetenzerweiterung.<br \/>\n<img loading=\"lazy\" decoding=\"async\" class=\"alignleft wp-image-2947 size-medium\" src=\"https:\/\/www.fairwinds.at\/1604\/wp-content\/uploads\/2023\/02\/20220929_194719-225x300.jpg\" alt=\"Meilent\u00f6rn - Umrundung der Kanaren - El Hierro\" width=\"225\" height=\"300\" srcset=\"https:\/\/www.fairwinds.at\/1604\/wp-content\/uploads\/2023\/02\/20220929_194719-225x300.jpg 225w, https:\/\/www.fairwinds.at\/1604\/wp-content\/uploads\/2023\/02\/20220929_194719-768x1024.jpg 768w, https:\/\/www.fairwinds.at\/1604\/wp-content\/uploads\/2023\/02\/20220929_194719-1152x1536.jpg 1152w, https:\/\/www.fairwinds.at\/1604\/wp-content\/uploads\/2023\/02\/20220929_194719-1536x2048.jpg 1536w, https:\/\/www.fairwinds.at\/1604\/wp-content\/uploads\/2023\/02\/20220929_194719-847x1129.jpg 847w, https:\/\/www.fairwinds.at\/1604\/wp-content\/uploads\/2023\/02\/20220929_194719-scaled.jpg 1920w\" sizes=\"auto, (max-width: 225px) 100vw, 225px\" \/><br \/>\nEs beginnt mit Passage Planning und man erlebt Nachtfahrten, Nachtansteuerungen, unterschiedlichste Wetterbedingungen, Radar- und AIS-Praxis, Teamwork und konsequente Beobachtung des Umfelds (sharp lookout). <img loading=\"lazy\" decoding=\"async\" class=\"size-medium wp-image-2950 alignright\" src=\"https:\/\/www.fairwinds.at\/1604\/wp-content\/uploads\/2023\/02\/IMG_4583-300x169.jpg\" alt=\"\" width=\"300\" height=\"169\" srcset=\"https:\/\/www.fairwinds.at\/1604\/wp-content\/uploads\/2023\/02\/IMG_4583-300x169.jpg 300w, https:\/\/www.fairwinds.at\/1604\/wp-content\/uploads\/2023\/02\/IMG_4583-1024x576.jpg 1024w, https:\/\/www.fairwinds.at\/1604\/wp-content\/uploads\/2023\/02\/IMG_4583-768x432.jpg 768w, https:\/\/www.fairwinds.at\/1604\/wp-content\/uploads\/2023\/02\/IMG_4583-1536x864.jpg 1536w, https:\/\/www.fairwinds.at\/1604\/wp-content\/uploads\/2023\/02\/IMG_4583-2048x1152.jpg 2048w, https:\/\/www.fairwinds.at\/1604\/wp-content\/uploads\/2023\/02\/IMG_4583-847x476.jpg 847w\" sizes=\"auto, (max-width: 300px) 100vw, 300px\" \/> <img loading=\"lazy\" decoding=\"async\" class=\"size-medium wp-image-2953 alignright\" src=\"https:\/\/www.fairwinds.at\/1604\/wp-content\/uploads\/2023\/02\/IMG_4727-300x169.jpg\" alt=\"\" width=\"300\" height=\"169\" srcset=\"https:\/\/www.fairwinds.at\/1604\/wp-content\/uploads\/2023\/02\/IMG_4727-300x169.jpg 300w, https:\/\/www.fairwinds.at\/1604\/wp-content\/uploads\/2023\/02\/IMG_4727-1024x576.jpg 1024w, https:\/\/www.fairwinds.at\/1604\/wp-content\/uploads\/2023\/02\/IMG_4727-768x432.jpg 768w, https:\/\/www.fairwinds.at\/1604\/wp-content\/uploads\/2023\/02\/IMG_4727-1536x864.jpg 1536w, https:\/\/www.fairwinds.at\/1604\/wp-content\/uploads\/2023\/02\/IMG_4727-2048x1152.jpg 2048w, https:\/\/www.fairwinds.at\/1604\/wp-content\/uploads\/2023\/02\/IMG_4727-847x476.jpg 847w\" sizes=\"auto, (max-width: 300px) 100vw, 300px\" \/> <img loading=\"lazy\" decoding=\"async\" class=\"alignnone wp-image-2951 size-medium\" src=\"https:\/\/www.fairwinds.at\/1604\/wp-content\/uploads\/2023\/02\/IMG_4649-300x169.jpg\" alt=\"Meilent\u00f6rn Kanaren RYA Yachtmaster\" width=\"300\" height=\"169\" srcset=\"https:\/\/www.fairwinds.at\/1604\/wp-content\/uploads\/2023\/02\/IMG_4649-300x169.jpg 300w, https:\/\/www.fairwinds.at\/1604\/wp-content\/uploads\/2023\/02\/IMG_4649-1024x576.jpg 1024w, https:\/\/www.fairwinds.at\/1604\/wp-content\/uploads\/2023\/02\/IMG_4649-768x432.jpg 768w, https:\/\/www.fairwinds.at\/1604\/wp-content\/uploads\/2023\/02\/IMG_4649-1536x864.jpg 1536w, https:\/\/www.fairwinds.at\/1604\/wp-content\/uploads\/2023\/02\/IMG_4649-2048x1152.jpg 2048w, https:\/\/www.fairwinds.at\/1604\/wp-content\/uploads\/2023\/02\/IMG_4649-847x476.jpg 847w\" sizes=\"auto, (max-width: 300px) 100vw, 300px\" \/><\/p>\n<p><img loading=\"lazy\" decoding=\"async\" class=\"alignnone wp-image-2948 size-medium\" src=\"https:\/\/www.fairwinds.at\/1604\/wp-content\/uploads\/2023\/02\/20221003_142524-225x300.jpg\" alt=\"Meilent\u00f6rn - gute Seemannschaft\" width=\"225\" height=\"300\" srcset=\"https:\/\/www.fairwinds.at\/1604\/wp-content\/uploads\/2023\/02\/20221003_142524-225x300.jpg 225w, https:\/\/www.fairwinds.at\/1604\/wp-content\/uploads\/2023\/02\/20221003_142524-768x1024.jpg 768w, https:\/\/www.fairwinds.at\/1604\/wp-content\/uploads\/2023\/02\/20221003_142524-1152x1536.jpg 1152w, https:\/\/www.fairwinds.at\/1604\/wp-content\/uploads\/2023\/02\/20221003_142524-1536x2048.jpg 1536w, https:\/\/www.fairwinds.at\/1604\/wp-content\/uploads\/2023\/02\/20221003_142524-847x1129.jpg 847w, https:\/\/www.fairwinds.at\/1604\/wp-content\/uploads\/2023\/02\/20221003_142524-scaled.jpg 1920w\" sizes=\"auto, (max-width: 225px) 100vw, 225px\" \/><\/p>\n","protected":false},"excerpt":{"rendered":"<p>Ein Meilent\u00f6rn &#8211; egal ob in Tidengew\u00e4ssern oder im Mittelmeer &#8211; ist ein besonderes Erlebnis. Ziel ist in einem vorgegebenen Zeitfenster m\u00f6glichst viele Meilen zu sammeln, die z.B. f\u00fcr den Erwerb einer Lizenz notwendig sind. Das ben\u00f6tigt eine besondere Vorbereitung: Da nicht jeden Abend ein Hafen angelaufen wird, mehrfach die Nacht durchgesegelt wird, ist die &hellip; <\/p>\n<p><a class=\"more-link btn\" href=\"https:\/\/www.fairwinds.at\/1604\/spezielle-segeltoerns\/meilentoerns-tidengewaesser\/\">Weiterlesen<\/a><\/p>\n","protected":false},"author":1,"featured_media":0,"parent":41,"menu_order":1,"comment_status":"closed","ping_status":"closed","template":"","meta":{"footnotes":""},"class_list":["post-2945","page","type-page","status-publish","hentry","nodate","item-wrap"],"yoast_head":"<!-- This site is optimized with the Yoast SEO plugin v27.5 - https:\/\/yoast.com\/product\/yoast-seo-wordpress\/ -->\n<title>Meilent\u00f6rns - Tidengew\u00e4sser - Yachtsport Training Center<\/title>\n<meta name=\"description\" content=\"Meilent\u00f6rn bedeutet Praxis, Erweiterung der seglerischen F\u00e4higkeiten, unvergessliche Erlebnisse, aber auch Herausforderungen\" \/>\n<meta name=\"robots\" content=\"index, follow, max-snippet:-1, max-image-preview:large, max-video-preview:-1\" \/>\n<link rel=\"canonical\" href=\"https:\/\/www.fairwinds.at\/1604\/spezielle-segeltoerns\/meilentoerns-tidengewaesser\/\" \/>\n<meta property=\"og:locale\" content=\"de_DE\" \/>\n<meta property=\"og:type\" content=\"article\" \/>\n<meta property=\"og:title\" content=\"Meilent\u00f6rns - Tidengew\u00e4sser - Yachtsport Training Center\" \/>\n<meta property=\"og:description\" content=\"Meilent\u00f6rn bedeutet Praxis, Erweiterung der seglerischen F\u00e4higkeiten, unvergessliche Erlebnisse, aber auch Herausforderungen\" \/>\n<meta property=\"og:url\" content=\"https:\/\/www.fairwinds.at\/1604\/spezielle-segeltoerns\/meilentoerns-tidengewaesser\/\" \/>\n<meta property=\"og:site_name\" content=\"Yachtsport Training Center\" \/>\n<meta property=\"article:publisher\" content=\"http:\/\/www.fairwinds.at\" \/>\n<meta property=\"article:modified_time\" content=\"2023-06-12T09:09:51+00:00\" \/>\n<meta property=\"og:image\" content=\"https:\/\/www.fairwinds.at\/1604\/wp-content\/uploads\/2023\/02\/IMG_4705-1-300x139.jpg\" \/>\n<meta name=\"twitter:card\" content=\"summary_large_image\" \/>\n<meta name=\"twitter:label1\" content=\"Gesch\u00e4tzte Lesezeit\" \/>\n\t<meta name=\"twitter:data1\" content=\"2\u00a0Minuten\" \/>\n<script type=\"application\/ld+json\" class=\"yoast-schema-graph\">{\"@context\":\"https:\\\/\\\/schema.org\",\"@graph\":[{\"@type\":\"WebPage\",\"@id\":\"https:\\\/\\\/www.fairwinds.at\\\/1604\\\/spezielle-segeltoerns\\\/meilentoerns-tidengewaesser\\\/\",\"url\":\"https:\\\/\\\/www.fairwinds.at\\\/1604\\\/spezielle-segeltoerns\\\/meilentoerns-tidengewaesser\\\/\",\"name\":\"Meilent\u00f6rns - Tidengew\u00e4sser - Yachtsport Training Center\",\"isPartOf\":{\"@id\":\"https:\\\/\\\/www.fairwinds.at\\\/1604\\\/#website\"},\"primaryImageOfPage\":{\"@id\":\"https:\\\/\\\/www.fairwinds.at\\\/1604\\\/spezielle-segeltoerns\\\/meilentoerns-tidengewaesser\\\/#primaryimage\"},\"image\":{\"@id\":\"https:\\\/\\\/www.fairwinds.at\\\/1604\\\/spezielle-segeltoerns\\\/meilentoerns-tidengewaesser\\\/#primaryimage\"},\"thumbnailUrl\":\"https:\\\/\\\/www.fairwinds.at\\\/1604\\\/wp-content\\\/uploads\\\/2023\\\/02\\\/IMG_4705-1-300x139.jpg\",\"datePublished\":\"2023-02-27T14:35:09+00:00\",\"dateModified\":\"2023-06-12T09:09:51+00:00\",\"description\":\"Meilent\u00f6rn bedeutet Praxis, Erweiterung der seglerischen F\u00e4higkeiten, unvergessliche Erlebnisse, aber auch Herausforderungen\",\"breadcrumb\":{\"@id\":\"https:\\\/\\\/www.fairwinds.at\\\/1604\\\/spezielle-segeltoerns\\\/meilentoerns-tidengewaesser\\\/#breadcrumb\"},\"inLanguage\":\"de\",\"potentialAction\":[{\"@type\":\"ReadAction\",\"target\":[\"https:\\\/\\\/www.fairwinds.at\\\/1604\\\/spezielle-segeltoerns\\\/meilentoerns-tidengewaesser\\\/\"]}]},{\"@type\":\"ImageObject\",\"inLanguage\":\"de\",\"@id\":\"https:\\\/\\\/www.fairwinds.at\\\/1604\\\/spezielle-segeltoerns\\\/meilentoerns-tidengewaesser\\\/#primaryimage\",\"url\":\"https:\\\/\\\/www.fairwinds.at\\\/1604\\\/wp-content\\\/uploads\\\/2023\\\/02\\\/IMG_4705-1.jpg\",\"contentUrl\":\"https:\\\/\\\/www.fairwinds.at\\\/1604\\\/wp-content\\\/uploads\\\/2023\\\/02\\\/IMG_4705-1.jpg\",\"width\":1624,\"height\":750},{\"@type\":\"BreadcrumbList\",\"@id\":\"https:\\\/\\\/www.fairwinds.at\\\/1604\\\/spezielle-segeltoerns\\\/meilentoerns-tidengewaesser\\\/#breadcrumb\",\"itemListElement\":[{\"@type\":\"ListItem\",\"position\":1,\"name\":\"Startseite\",\"item\":\"https:\\\/\\\/www.fairwinds.at\\\/1604\\\/\"},{\"@type\":\"ListItem\",\"position\":2,\"name\":\"Praxis: Segeln speziell\",\"item\":\"https:\\\/\\\/www.fairwinds.at\\\/1604\\\/spezielle-segeltoerns\\\/\"},{\"@type\":\"ListItem\",\"position\":3,\"name\":\"Meilent\u00f6rns &#8211; Tidengew\u00e4sser\"}]},{\"@type\":\"WebSite\",\"@id\":\"https:\\\/\\\/www.fairwinds.at\\\/1604\\\/#website\",\"url\":\"https:\\\/\\\/www.fairwinds.at\\\/1604\\\/\",\"name\":\"Yachtsport Training Center\",\"description\":\"\",\"potentialAction\":[{\"@type\":\"SearchAction\",\"target\":{\"@type\":\"EntryPoint\",\"urlTemplate\":\"https:\\\/\\\/www.fairwinds.at\\\/1604\\\/?s={search_term_string}\"},\"query-input\":{\"@type\":\"PropertyValueSpecification\",\"valueRequired\":true,\"valueName\":\"search_term_string\"}}],\"inLanguage\":\"de\"}]}<\/script>\n<!-- \/ Yoast SEO plugin. -->","yoast_head_json":{"title":"Meilent\u00f6rns - Tidengew\u00e4sser - Yachtsport Training Center","description":"Meilent\u00f6rn bedeutet Praxis, Erweiterung der seglerischen F\u00e4higkeiten, unvergessliche Erlebnisse, aber auch Herausforderungen","robots":{"index":"index","follow":"follow","max-snippet":"max-snippet:-1","max-image-preview":"max-image-preview:large","max-video-preview":"max-video-preview:-1"},"canonical":"https:\/\/www.fairwinds.at\/1604\/spezielle-segeltoerns\/meilentoerns-tidengewaesser\/","og_locale":"de_DE","og_type":"article","og_title":"Meilent\u00f6rns - Tidengew\u00e4sser - Yachtsport Training Center","og_description":"Meilent\u00f6rn bedeutet Praxis, Erweiterung der seglerischen F\u00e4higkeiten, unvergessliche Erlebnisse, aber auch Herausforderungen","og_url":"https:\/\/www.fairwinds.at\/1604\/spezielle-segeltoerns\/meilentoerns-tidengewaesser\/","og_site_name":"Yachtsport Training Center","article_publisher":"http:\/\/www.fairwinds.at","article_modified_time":"2023-06-12T09:09:51+00:00","og_image":[{"url":"https:\/\/www.fairwinds.at\/1604\/wp-content\/uploads\/2023\/02\/IMG_4705-1-300x139.jpg","type":"","width":"","height":""}],"twitter_card":"summary_large_image","twitter_misc":{"Gesch\u00e4tzte Lesezeit":"2\u00a0Minuten"},"schema":{"@context":"https:\/\/schema.org","@graph":[{"@type":"WebPage","@id":"https:\/\/www.fairwinds.at\/1604\/spezielle-segeltoerns\/meilentoerns-tidengewaesser\/","url":"https:\/\/www.fairwinds.at\/1604\/spezielle-segeltoerns\/meilentoerns-tidengewaesser\/","name":"Meilent\u00f6rns - Tidengew\u00e4sser - Yachtsport Training Center","isPartOf":{"@id":"https:\/\/www.fairwinds.at\/1604\/#website"},"primaryImageOfPage":{"@id":"https:\/\/www.fairwinds.at\/1604\/spezielle-segeltoerns\/meilentoerns-tidengewaesser\/#primaryimage"},"image":{"@id":"https:\/\/www.fairwinds.at\/1604\/spezielle-segeltoerns\/meilentoerns-tidengewaesser\/#primaryimage"},"thumbnailUrl":"https:\/\/www.fairwinds.at\/1604\/wp-content\/uploads\/2023\/02\/IMG_4705-1-300x139.jpg","datePublished":"2023-02-27T14:35:09+00:00","dateModified":"2023-06-12T09:09:51+00:00","description":"Meilent\u00f6rn bedeutet Praxis, Erweiterung der seglerischen F\u00e4higkeiten, unvergessliche Erlebnisse, aber auch Herausforderungen","breadcrumb":{"@id":"https:\/\/www.fairwinds.at\/1604\/spezielle-segeltoerns\/meilentoerns-tidengewaesser\/#breadcrumb"},"inLanguage":"de","potentialAction":[{"@type":"ReadAction","target":["https:\/\/www.fairwinds.at\/1604\/spezielle-segeltoerns\/meilentoerns-tidengewaesser\/"]}]},{"@type":"ImageObject","inLanguage":"de","@id":"https:\/\/www.fairwinds.at\/1604\/spezielle-segeltoerns\/meilentoerns-tidengewaesser\/#primaryimage","url":"https:\/\/www.fairwinds.at\/1604\/wp-content\/uploads\/2023\/02\/IMG_4705-1.jpg","contentUrl":"https:\/\/www.fairwinds.at\/1604\/wp-content\/uploads\/2023\/02\/IMG_4705-1.jpg","width":1624,"height":750},{"@type":"BreadcrumbList","@id":"https:\/\/www.fairwinds.at\/1604\/spezielle-segeltoerns\/meilentoerns-tidengewaesser\/#breadcrumb","itemListElement":[{"@type":"ListItem","position":1,"name":"Startseite","item":"https:\/\/www.fairwinds.at\/1604\/"},{"@type":"ListItem","position":2,"name":"Praxis: Segeln speziell","item":"https:\/\/www.fairwinds.at\/1604\/spezielle-segeltoerns\/"},{"@type":"ListItem","position":3,"name":"Meilent\u00f6rns &#8211; Tidengew\u00e4sser"}]},{"@type":"WebSite","@id":"https:\/\/www.fairwinds.at\/1604\/#website","url":"https:\/\/www.fairwinds.at\/1604\/","name":"Yachtsport Training Center","description":"","potentialAction":[{"@type":"SearchAction","target":{"@type":"EntryPoint","urlTemplate":"https:\/\/www.fairwinds.at\/1604\/?s={search_term_string}"},"query-input":{"@type":"PropertyValueSpecification","valueRequired":true,"valueName":"search_term_string"}}],"inLanguage":"de"}]}},"amp_enabled":true,"_links":{"self":[{"href":"https:\/\/www.fairwinds.at\/1604\/wp-json\/wp\/v2\/pages\/2945","targetHints":{"allow":["GET"]}}],"collection":[{"href":"https:\/\/www.fairwinds.at\/1604\/wp-json\/wp\/v2\/pages"}],"about":[{"href":"https:\/\/www.fairwinds.at\/1604\/wp-json\/wp\/v2\/types\/page"}],"author":[{"embeddable":true,"href":"https:\/\/www.fairwinds.at\/1604\/wp-json\/wp\/v2\/users\/1"}],"replies":[{"embeddable":true,"href":"https:\/\/www.fairwinds.at\/1604\/wp-json\/wp\/v2\/comments?post=2945"}],"version-history":[{"count":4,"href":"https:\/\/www.fairwinds.at\/1604\/wp-json\/wp\/v2\/pages\/2945\/revisions"}],"predecessor-version":[{"id":3151,"href":"https:\/\/www.fairwinds.at\/1604\/wp-json\/wp\/v2\/pages\/2945\/revisions\/3151"}],"up":[{"embeddable":true,"href":"https:\/\/www.fairwinds.at\/1604\/wp-json\/wp\/v2\/pages\/41"}],"wp:attachment":[{"href":"https:\/\/www.fairwinds.at\/1604\/wp-json\/wp\/v2\/media?parent=2945"}],"curies":[{"name":"wp","href":"https:\/\/api.w.org\/{rel}","templated":true}]}}