{"id":262,"date":"2016-05-31T11:22:58","date_gmt":"2016-05-31T09:22:58","guid":{"rendered":"http:\/\/www.fairwinds.at\/1604\/?page_id=262"},"modified":"2024-10-02T15:43:14","modified_gmt":"2024-10-02T13:43:14","slug":"angebote","status":"publish","type":"page","link":"https:\/\/www.fairwinds.at\/1604\/skipper-team\/angebote\/","title":{"rendered":"Anfragen &#038; Newsletter"},"content":{"rendered":"<h4><a href=\"https:\/\/www.fairwinds.at\/1604\/skipper-team\/zum-newsletter-anmelden\/\">Anmeldung zum Newsletter<\/a><\/h4>\n<h4>Allgemeine Anfragen:<\/h4>\n<p>Wir beraten sie gerne. Aufbauend auf ihren bisherigen seglerischen Aktivit\u00e4ten und Ausbildungen planen wir mit ihnen den besten Weg zu ihrem Ziel!<\/p>\n<p>Fragen kostet nichts und ein Gespr\u00e4ch oder ein Mail ist Voraussetzung, dass Ihre pers\u00f6nlichen Erwartungen erf\u00fcllt werden k\u00f6nnen. So k\u00f6nnen wir auf spezifische W\u00fcnsche und Rahmenbedingungen bestm\u00f6glich eingehen.<\/p>\n<p><strong>Ihr direkter Kontakt zu uns:<\/strong><\/p>\n\t\r\n\t\r\n\t\t\t\t\t\t<form  name= \"wpdevart_frontend_form_1\" id='wpdevart-forms-1' class=\"wpdevart-forms default-skin forms-general-styling\" method='post'  action='' enctype='multipart\/form-data'>\r\n\t\r\n\t\t\t\t\t\t                                            <!--bfh-number -->\r\n                                            <div class=\"wpdevart-input-field \">\r\n                                                 \r\n                                                        <label>Name<\/label>\r\n                                                        \r\n                                                <div class=\"input-text input-field-inner\">\r\n                                                    \r\n                                                    <input  type=\"text\"  \r\n                                                            id =\"input-field-1\"\r\n                                                            name=\"label_1\"   required                                                            value=\"\" class=\"form-control  \" \r\n                                                            placeholder=\"\" \r\n                                                             \r\n                                                           \/>\r\n                                                <\/div>\r\n                                            <\/div>\r\n\t\t\t\t\t\t\t\t\t\t                                            <!--bfh-number -->\r\n                                            <div class=\"wpdevart-input-field \">\r\n                                                 \r\n                                                        <label>Telefon<\/label>\r\n                                                        \r\n                                                <div class=\"input-text input-field-inner\">\r\n                                                    \r\n                                                    <input  type=\"text\"  \r\n                                                            id =\"input-field-2\"\r\n                                                            name=\"label_2\"                                                               value=\"\" class=\"form-control  \" \r\n                                                            placeholder=\"\" \r\n                                                             \r\n                                                           \/>\r\n                                                <\/div>\r\n                                            <\/div>\r\n\t\t\t\t\t\t\t\t\t\t                                            <!--bfh-number -->\r\n                                            <div class=\"wpdevart-input-field \">\r\n                                                 \r\n                                                        <label>e-mail<\/label>\r\n                                                        \r\n                                                <div class=\"input-text input-field-inner\">\r\n                                                    \r\n                                                    <input  type=\"text\"  \r\n                                                            id =\"input-field-3\"\r\n                                                            name=\"label_3\"   required                                                            value=\"\" class=\"form-control  \" \r\n                                                            placeholder=\"\" \r\n                                                             \r\n                                                           \/>\r\n                                                <\/div>\r\n                                            <\/div>\r\n\t\t\t\t\t\t\t\t\t\t                                            <!--bfh-number -->\r\n                                            <div class=\"wpdevart-input-field \">\r\n                                                 \r\n                                                        <label>Was k\u00f6nnen wir f\u00fcr Sie tun?<\/label>\r\n                                                        \r\n                                                <div class=\"input-text input-field-inner\">\r\n                                                    \r\n                                                    <input  type=\"text\"  \r\n                                                            id =\"input-field-4\"\r\n                                                            name=\"label_4\"                                                               value=\"\" class=\"form-control  \" \r\n                                                            placeholder=\"\" \r\n                                                             \r\n                                                           \/>\r\n                                                <\/div>\r\n                                            <\/div>\r\n\t\t\t\t\t\t\t\t\t\t\t\r\n   \r\n                   \r\n\t\t\t\t\t   \t\t\t\t\t\t<input type=\"hidden\" name=\"form_id\" value=\"1\" \/>  \r\n\t\t\t\t\t\t<!--<input type=\"submit\" value='Absenden' id=\"btn_send_form_email_1\" name=\"btn_send_form_email\" \/>-->\r\n\t\t\t\t\t\t<button type=\"submit\" name=\"btn_send_form_email\" id=\"btn_send_form_email_1\" >Absenden<\/button>\r\n\t\t\t\t\t\t\t\r\n\t\t\t\t\t  <span id=\"loader-icon-1\" style=\"display:none;\" class=\"form-loader\">\r\n\t\t\t\t\t\t<img decoding=\"async\" src=\"https:\/\/www.fairwinds.at\/1604\/wp-content\/plugins\/contact-forms-builder\/\/assets\/images\/loader.gif\" \/>\r\n\t\t\t\t\t  <\/span>\r\n\t\r\n\t\t\t\t   <\/form>\r\n\t\r\n\t\t\t\t\t\t<div id=\"frontend_form_messages_1\" style=\"margin-top:10px; margin-bottom:10px;\"><\/div>\r\n\t\r\n\t\t\t\t   <script>\r\n\t\r\n\t\t\t\t\t\/\/ Document\r\n\t\t\t\t\tjQuery( document ).ready(function() {\r\n\t\t\t\t\t\t\/\/\tDon't submit form on enter, allow enter button only for texts\r\n\t\t\t\t\t\tjQuery(document).on(\"keypress\", \":input:not(textarea)\", function(event) {\r\n\t\t\t\t\t\t\treturn event.keyCode != 13;\r\n\t\t\t\t\t\t});\r\n\t\r\n\t\t\t\t\t\t\/\/ Do not use previous password saved in browser for password field\r\n\t\t\t\t\t\tjQuery(\"input[type='password']\").attr(\"autocomplete\", \"new-password\");\r\n\t\r\n\t\t\t\t\t\t\/\/handle form submission\r\n\t\t\t\t\t\t\/\/jQuery(\"form[name='wpdevart_frontend_form_1']\").submit(function(e){\r\n\t\t\t\t\t\tjQuery(document).on(\"submit\", \"form[name='wpdevart_frontend_form_1']\", function(e) {\r\n\t\t\t\t\t\t\t\/\/shortcode attributes e.g\r\n\t\t\t\t\t\t\tvar atts = {\"id\":\"1\"};\r\n\t\t\t\t\t\t\tvar options = { \r\n\t\t\t\t\t\t\t\t\/\/target:'#frontend_form_messages_1',   \/\/ target element(s) to be updated with server response \r\n\t\t\t\t\t\t\t\t\/\/ other available options: \r\n\t\t\t\t\t\t\t\t url:\"https:\/\/www.fairwinds.at\/1604\/wp-admin\/admin-ajax.php\",        \/\/ override for form's 'action' attribute \r\n\t\t\t\t\t\t\t\t\/\/url:\"https:\/\/www.fairwinds.at\/1604\/wp-content\/plugins\/contact-forms-builder\/check-ajax.php\",\r\n\t\t\t\t\t\t\t\tdata:{'btn_send_form_email':'1','process_ajax':'1','atts':JSON.stringify(atts),'action':'get_post_information'},\r\n\t\t\t\t\t\t\t\t\/\/type:      type        \/\/ 'get' or 'post', override for form's 'method' attribute \r\n\t\t\t\t\t\t\t\t\/\/dataType:  null        \/\/ 'xml', 'script', or 'json' (expected server response type) \r\n\t\t\t\t\t\t\t\t\/\/clearForm: true ,       \/\/ clear all form fields after successful submit \r\n\t\t\t\t\t\t\t\t\/\/resetForm: true  ,      \/\/ reset the form after successful submit \r\n\t\r\n\t\t\t\t\t\t\t\t\/\/ $.ajax options can be used here too, for example: \r\n\t\t\t\t\t\t\t\t\/\/timeout:   3000 \r\n\t\r\n\t\t\t\t\t\t\t\tbeforeSubmit: function() {\r\n\t\t\t\t\t\t\t\t\tjQuery(\"#loader-icon-1\").show();\r\n\t\t\t\t\t\t\t\t},\r\n\t\t\t\t\t\t\t\tsuccess:showResponse, \/\/ post-submit callback \r\n\t\t\t\t\t\t\t }; \r\n\t\r\n\t\t\t\t\t\t\t\/\/ inside event callbacks 'this' is the DOM element so we first \r\n\t\t\t\t\t\t\t\/\/ wrap it in a jQuery object and then invoke ajaxSubmit \r\n\t\t\t\t\t\t\tjQuery(this).ajaxSubmit(options); \r\n\t\r\n\t\t\t\t\t\t\t\/\/ !!! Important !!! \r\n\t\t\t\t\t\t\t\/\/ always return false to prevent standard browser submit and page navigation \r\n\t\t\t\t\t\t\treturn false; \r\n\t\t\t\t\t\t}); \r\n\t\r\n\t\r\n\t\t\t\t\t\tfunction showResponse(responseText, statusText, xhr, $form) {\r\n\t\t\t\t\t\t\tstr = responseText;\r\n\t\t\t\t\t\t\t\/\/replace first occurence \r\n\t\t\t\t\t\t\tstr = str.replace(\"successmsg_\", \" \"); \r\n\t\t\t\t\t\t\t\/\/ append response\r\n\t\r\n\t\t\t\t\t\t\tjQuery(\"#frontend_form_messages_1\").text(\" \");\r\n\t\t\t\t\t\t\tjQuery(\"#frontend_form_messages_1\").append(str);\r\n\t\t\t\t\t\t\tsetTimeout(function(){ \r\n\t\t\t\t\t\t\t\t\/\/jQuery(\"#frontend_form_messages_1 .success_message1\").fadeout(); \r\n\t\t\t\t\t\t\t\tjQuery(\"#frontend_form_messages_1 .success_message\").fadeOut();\r\n\t\t\t\t\t\t\t}, 5000);\r\n\t\r\n\t\t\t\t\t\t\t\/\/\tresponseText  , updates the div in target specified in options\r\n\t\t\t\t\t\t\tjQuery(\"#loader-icon-1\").hide();\r\n\t\r\n\t\t\t\t\t\t\tvar matched = responseText.search('successmsg_');\r\n\t\t\t\t\t\t\tif(matched != -1) {\r\n\t\r\n\t\t\t\t\t\t\t\tvar formId = \"1\";\r\n\t\t\t\t\t\t\t\t\r\n\t\r\n\t\t\t\t\t\t\t\tsetTimeout(function(){\r\n\t\t\t\t\t\t\t\t\t\t jQuery('#wpdevart-forms-1')[0].reset(); \r\n\t\t\t\t\t\t\t\t\t\t jQuery(\"#wpdevart-forms-\"+formId).each(function() {\r\n\t\t\t\t\t\t\t\t\t\t\t\r\n\t\t\t\t\t\t\t\t\t\t\t\r\n\t\t\t\t\t\t\t\t\t\t});\r\n\t\t\t\t\t\t\t\t },100);\r\n\t\t\t\t\t\t\t }\r\n\t\r\n\t\t\t\t\t\treturn false;\r\n\t\r\n\t\t\t\t\t\t}\r\n\t\t\t\t\t\tfunction showRequest() {\r\n\t\t\t\t\t\t\treturn false;\r\n\t\t\t\t\t\t}\r\n\t\r\n\t\t\t\t\t\tjQuery(document).on(\"click\",\"[type=reset].ws-reset-form\",function(e){\r\n\t\t\t\t\t\t\tformId= jQuery(this).attr('data-attr');\r\n\t\t\t\t\t\t\t\/\/reset\r\n\t\t\t\t\t\t\tjQuery(\"#wpdevart-forms-\"+formId).each(function(){\r\n\t\t\t\t\t\t\t\t\r\n\t\t\t\t\t\t\t\t\t\r\n\t\t\t\t\t\t\t\t\tjQuery(\"#wpdevart-forms-\"+formId)[0].reset();\r\n\t\t\t\t\t\t\t\t});\r\n\t\r\n\t\t\t\t\t\t\treturn false;\r\n\t\r\n\t\t\t\t\t\t});\r\n\t\t\t\t\t});\r\n\t\r\n\t\t\t\t\t<\/script>\r\n\t\t\t\t\n","protected":false},"excerpt":{"rendered":"<p>Anmeldung zum Newsletter Allgemeine Anfragen: Wir beraten sie gerne. Aufbauend auf ihren bisherigen seglerischen Aktivit\u00e4ten und Ausbildungen planen wir mit ihnen den besten Weg zu ihrem Ziel! Fragen kostet nichts und ein Gespr\u00e4ch oder ein Mail ist Voraussetzung, dass Ihre pers\u00f6nlichen Erwartungen erf\u00fcllt werden k\u00f6nnen. So k\u00f6nnen wir auf spezifische W\u00fcnsche und Rahmenbedingungen bestm\u00f6glich eingehen. &hellip; <\/p>\n<p><a class=\"more-link btn\" href=\"https:\/\/www.fairwinds.at\/1604\/skipper-team\/angebote\/\">Weiterlesen<\/a><\/p>\n","protected":false},"author":1,"featured_media":0,"parent":34,"menu_order":1,"comment_status":"closed","ping_status":"closed","template":"","meta":{"footnotes":""},"class_list":["post-262","page","type-page","status-publish","hentry","nodate","item-wrap"],"yoast_head":"<!-- This site is optimized with the Yoast SEO plugin v27.6 - https:\/\/yoast.com\/product\/yoast-seo-wordpress\/ -->\n<title>Anfragen &amp; Newsletter - Yachtsport Training Center<\/title>\n<meta name=\"description\" content=\"Im fairwinds Yachtsport Training Center bauen wir auf ihren bisherigen seglerischen Aktivit\u00e4ten und Ausbildungen auf.\" \/>\n<meta name=\"robots\" content=\"index, follow, max-snippet:-1, max-image-preview:large, max-video-preview:-1\" \/>\n<link rel=\"canonical\" href=\"https:\/\/www.fairwinds.at\/1604\/skipper-team\/angebote\/\" \/>\n<meta property=\"og:locale\" content=\"de_DE\" \/>\n<meta property=\"og:type\" content=\"article\" \/>\n<meta property=\"og:title\" content=\"Anfragen &amp; Newsletter - Yachtsport Training Center\" \/>\n<meta property=\"og:description\" content=\"Im fairwinds Yachtsport Training Center bauen wir auf ihren bisherigen seglerischen Aktivit\u00e4ten und Ausbildungen auf.\" \/>\n<meta property=\"og:url\" content=\"https:\/\/www.fairwinds.at\/1604\/skipper-team\/angebote\/\" \/>\n<meta property=\"og:site_name\" content=\"Yachtsport Training Center\" \/>\n<meta property=\"article:publisher\" content=\"http:\/\/www.fairwinds.at\" \/>\n<meta property=\"article:modified_time\" content=\"2024-10-02T13:43:14+00:00\" \/>\n<meta name=\"twitter:card\" content=\"summary_large_image\" \/>\n<meta name=\"twitter:label1\" content=\"Gesch\u00e4tzte Lesezeit\" \/>\n\t<meta name=\"twitter:data1\" content=\"1\u00a0Minute\" \/>\n<script type=\"application\/ld+json\" class=\"yoast-schema-graph\">{\"@context\":\"https:\\\/\\\/schema.org\",\"@graph\":[{\"@type\":\"WebPage\",\"@id\":\"https:\\\/\\\/www.fairwinds.at\\\/1604\\\/skipper-team\\\/angebote\\\/\",\"url\":\"https:\\\/\\\/www.fairwinds.at\\\/1604\\\/skipper-team\\\/angebote\\\/\",\"name\":\"Anfragen & Newsletter - Yachtsport Training Center\",\"isPartOf\":{\"@id\":\"https:\\\/\\\/www.fairwinds.at\\\/1604\\\/#website\"},\"datePublished\":\"2016-05-31T09:22:58+00:00\",\"dateModified\":\"2024-10-02T13:43:14+00:00\",\"description\":\"Im fairwinds Yachtsport Training Center bauen wir auf ihren bisherigen seglerischen Aktivit\u00e4ten und Ausbildungen auf.\",\"breadcrumb\":{\"@id\":\"https:\\\/\\\/www.fairwinds.at\\\/1604\\\/skipper-team\\\/angebote\\\/#breadcrumb\"},\"inLanguage\":\"de\",\"potentialAction\":[{\"@type\":\"ReadAction\",\"target\":[\"https:\\\/\\\/www.fairwinds.at\\\/1604\\\/skipper-team\\\/angebote\\\/\"]}]},{\"@type\":\"BreadcrumbList\",\"@id\":\"https:\\\/\\\/www.fairwinds.at\\\/1604\\\/skipper-team\\\/angebote\\\/#breadcrumb\",\"itemListElement\":[{\"@type\":\"ListItem\",\"position\":1,\"name\":\"Startseite\",\"item\":\"https:\\\/\\\/www.fairwinds.at\\\/1604\\\/\"},{\"@type\":\"ListItem\",\"position\":2,\"name\":\"Organisation\",\"item\":\"https:\\\/\\\/www.fairwinds.at\\\/1604\\\/skipper-team\\\/\"},{\"@type\":\"ListItem\",\"position\":3,\"name\":\"Anfragen &#038; Newsletter\"}]},{\"@type\":\"WebSite\",\"@id\":\"https:\\\/\\\/www.fairwinds.at\\\/1604\\\/#website\",\"url\":\"https:\\\/\\\/www.fairwinds.at\\\/1604\\\/\",\"name\":\"Yachtsport Training Center\",\"description\":\"\",\"potentialAction\":[{\"@type\":\"SearchAction\",\"target\":{\"@type\":\"EntryPoint\",\"urlTemplate\":\"https:\\\/\\\/www.fairwinds.at\\\/1604\\\/?s={search_term_string}\"},\"query-input\":{\"@type\":\"PropertyValueSpecification\",\"valueRequired\":true,\"valueName\":\"search_term_string\"}}],\"inLanguage\":\"de\"}]}<\/script>\n<!-- \/ Yoast SEO plugin. -->","yoast_head_json":{"title":"Anfragen & Newsletter - Yachtsport Training Center","description":"Im fairwinds Yachtsport Training Center bauen wir auf ihren bisherigen seglerischen Aktivit\u00e4ten und Ausbildungen auf.","robots":{"index":"index","follow":"follow","max-snippet":"max-snippet:-1","max-image-preview":"max-image-preview:large","max-video-preview":"max-video-preview:-1"},"canonical":"https:\/\/www.fairwinds.at\/1604\/skipper-team\/angebote\/","og_locale":"de_DE","og_type":"article","og_title":"Anfragen & Newsletter - Yachtsport Training Center","og_description":"Im fairwinds Yachtsport Training Center bauen wir auf ihren bisherigen seglerischen Aktivit\u00e4ten und Ausbildungen auf.","og_url":"https:\/\/www.fairwinds.at\/1604\/skipper-team\/angebote\/","og_site_name":"Yachtsport Training Center","article_publisher":"http:\/\/www.fairwinds.at","article_modified_time":"2024-10-02T13:43:14+00:00","twitter_card":"summary_large_image","twitter_misc":{"Gesch\u00e4tzte Lesezeit":"1\u00a0Minute"},"schema":{"@context":"https:\/\/schema.org","@graph":[{"@type":"WebPage","@id":"https:\/\/www.fairwinds.at\/1604\/skipper-team\/angebote\/","url":"https:\/\/www.fairwinds.at\/1604\/skipper-team\/angebote\/","name":"Anfragen & Newsletter - Yachtsport Training Center","isPartOf":{"@id":"https:\/\/www.fairwinds.at\/1604\/#website"},"datePublished":"2016-05-31T09:22:58+00:00","dateModified":"2024-10-02T13:43:14+00:00","description":"Im fairwinds Yachtsport Training Center bauen wir auf ihren bisherigen seglerischen Aktivit\u00e4ten und Ausbildungen auf.","breadcrumb":{"@id":"https:\/\/www.fairwinds.at\/1604\/skipper-team\/angebote\/#breadcrumb"},"inLanguage":"de","potentialAction":[{"@type":"ReadAction","target":["https:\/\/www.fairwinds.at\/1604\/skipper-team\/angebote\/"]}]},{"@type":"BreadcrumbList","@id":"https:\/\/www.fairwinds.at\/1604\/skipper-team\/angebote\/#breadcrumb","itemListElement":[{"@type":"ListItem","position":1,"name":"Startseite","item":"https:\/\/www.fairwinds.at\/1604\/"},{"@type":"ListItem","position":2,"name":"Organisation","item":"https:\/\/www.fairwinds.at\/1604\/skipper-team\/"},{"@type":"ListItem","position":3,"name":"Anfragen &#038; Newsletter"}]},{"@type":"WebSite","@id":"https:\/\/www.fairwinds.at\/1604\/#website","url":"https:\/\/www.fairwinds.at\/1604\/","name":"Yachtsport Training Center","description":"","potentialAction":[{"@type":"SearchAction","target":{"@type":"EntryPoint","urlTemplate":"https:\/\/www.fairwinds.at\/1604\/?s={search_term_string}"},"query-input":{"@type":"PropertyValueSpecification","valueRequired":true,"valueName":"search_term_string"}}],"inLanguage":"de"}]}},"amp_enabled":true,"_links":{"self":[{"href":"https:\/\/www.fairwinds.at\/1604\/wp-json\/wp\/v2\/pages\/262","targetHints":{"allow":["GET"]}}],"collection":[{"href":"https:\/\/www.fairwinds.at\/1604\/wp-json\/wp\/v2\/pages"}],"about":[{"href":"https:\/\/www.fairwinds.at\/1604\/wp-json\/wp\/v2\/types\/page"}],"author":[{"embeddable":true,"href":"https:\/\/www.fairwinds.at\/1604\/wp-json\/wp\/v2\/users\/1"}],"replies":[{"embeddable":true,"href":"https:\/\/www.fairwinds.at\/1604\/wp-json\/wp\/v2\/comments?post=262"}],"version-history":[{"count":12,"href":"https:\/\/www.fairwinds.at\/1604\/wp-json\/wp\/v2\/pages\/262\/revisions"}],"predecessor-version":[{"id":3515,"href":"https:\/\/www.fairwinds.at\/1604\/wp-json\/wp\/v2\/pages\/262\/revisions\/3515"}],"up":[{"embeddable":true,"href":"https:\/\/www.fairwinds.at\/1604\/wp-json\/wp\/v2\/pages\/34"}],"wp:attachment":[{"href":"https:\/\/www.fairwinds.at\/1604\/wp-json\/wp\/v2\/media?parent=262"}],"curies":[{"name":"wp","href":"https:\/\/api.w.org\/{rel}","templated":true}]}}