{"id":2,"date":"2016-04-12T16:25:22","date_gmt":"2016-04-12T14:25:22","guid":{"rendered":"http:\/\/www.fairwinds.at\/1604\/"},"modified":"2026-04-03T11:31:54","modified_gmt":"2026-04-03T09:31:54","slug":"rya-yachtmaster","status":"publish","type":"page","link":"https:\/\/www.fairwinds.at\/1604\/","title":{"rendered":"fairwinds &#8211; Yachtsport Training Center"},"content":{"rendered":"<h4><span style=\"color: #a6b727;\">Neue Termine:<\/span><\/h4>\n<p>&nbsp;<\/p>\n<ul>\n<li><a href=\"https:\/\/www.fairwinds.at\/1604\/termine\/yachtmaster-exam\/\">Yachtmaster Theory Course\u00a0 21. \/ 22.11. &amp; 12. \/ 13. 12. 2026\u00a0<\/a><\/li>\n<li><a href=\"https:\/\/www.fairwinds.at\/1604\/termine\/meilentoern-tidengewaesser-tidenmeilen\/\">Tidenmeilen Kanaren 16. &#8211; 23. 1. 2027<\/a><\/li>\n<\/ul>\n<h2><span style=\"color: #a6b727;\"><strong>Tides &amp; Streams:<br \/>\n<\/strong><strong>Erfahrung, Theorie &amp; Praxis<\/strong><\/span><\/h2>\n<p><img loading=\"lazy\" decoding=\"async\" class=\"wp-image-3189 alignright\" src=\"https:\/\/www.fairwinds.at\/1604\/wp-content\/uploads\/2023\/09\/RYA-Training-Centre-tick-logo1-300x159.webp\" alt=\"\" width=\"185\" height=\"98\" srcset=\"https:\/\/www.fairwinds.at\/1604\/wp-content\/uploads\/2023\/09\/RYA-Training-Centre-tick-logo1-300x159.webp 300w, https:\/\/www.fairwinds.at\/1604\/wp-content\/uploads\/2023\/09\/RYA-Training-Centre-tick-logo1-1024x541.webp 1024w, https:\/\/www.fairwinds.at\/1604\/wp-content\/uploads\/2023\/09\/RYA-Training-Centre-tick-logo1-768x406.webp 768w, https:\/\/www.fairwinds.at\/1604\/wp-content\/uploads\/2023\/09\/RYA-Training-Centre-tick-logo1-847x448.webp 847w, https:\/\/www.fairwinds.at\/1604\/wp-content\/uploads\/2023\/09\/RYA-Training-Centre-tick-logo1-jpg.webp 1216w\" sizes=\"auto, (max-width: 185px) 100vw, 185px\" \/><\/p>\n<p><span style=\"color: #002000;\">Unser Fokus liegt auf der\u00a0 RYA Yachtmaster-Ausbildung. Wir legen Wert auf individuelle Betreuung der Teilnehmer, weshalb auch die Theorieausbildung nur in kleinen Gruppen stattfindet. Die ausgepr\u00e4gte Praxisorientierung ist dein Mehrwert.<\/span><\/p>\n<h4><\/h4>\n<h4><span style=\"color: #a6b727;\">Es ist immer der richtige Moment sich weiterzuentwickeln!<\/span><\/h4>\n<ul>\n<li>\n<h4><span style=\"color: #a6b727;\">RYA Yachtmaster<\/span> \u00a0 \u00a0 \u00a0\u00a0 <a href=\"https:\/\/www.fairwinds.at\/1604\/rya-yachtmaster-offshore\/international-anerkannte-ausbildung\/\">\u00a0\u00a0\u00a0\u00a0\u00a0\u00a0\u00a0\u00a0\u00a0\u00a0\u00a0\u00a0\u00a0\u00a0 Dein Weg zum<\/a> <span style=\"color: #333333;\">RYA Yachtmaster Offshore \/ Coastal<\/span><\/h4>\n<\/li>\n<li>\n<h4><span style=\"color: #99cc00;\"><span style=\"color: #a6b727;\">TIDEMASER<\/span>\u00a0 \u00a0\u00a0\u00a0\u00a0 \u00a0 \u00a0\u00a0\u00a0\u00a0\u00a0\u00a0\u00a0\u00a0\u00a0\u00a0\u00a0\u00a0\u00a0\u00a0\u00a0\u00a0\u00a0\u00a0\u00a0\u00a0\u00a0\u00a0<\/span><span style=\"color: #99cc00;\"> <span style=\"color: #333333;\"><a href=\"https:\/\/www.fairwinds.at\/1604\/faszination-offshore\/\">Erfahrung und Kompetenz in Tidenrevieren<\/a> sammeln<br \/>\n<\/span><\/span><\/h4>\n<\/li>\n<li>\n<h4><span style=\"color: #a5b928;\"><strong><span style=\"color: #a6b727;\">Praxis- Segeln speziell<\/span> \u00a0\u00a0 \u00a0 \u00a0 \u00a0 \u00a0 \u00a0 <\/strong><\/span><a href=\"https:\/\/www.fairwinds.at\/1604\/spezielle-segeltoerns\/\">Meilent\u00f6rns, neue Reviere, Tiden &amp; Str\u00f6mungen, &#8230;<\/a><\/h4>\n<\/li>\n<\/ul>\n<h2>Wir freuen uns auf euch!<br \/>\nfairwinds!<\/h2>\n<p><img loading=\"lazy\" decoding=\"async\" class=\" wp-image-1001 alignright\" src=\"https:\/\/www.fairwinds.at\/1604\/wp-content\/uploads\/2018\/09\/P9110034-300x225.jpg\" alt=\"\" width=\"299\" height=\"224\" srcset=\"https:\/\/www.fairwinds.at\/1604\/wp-content\/uploads\/2018\/09\/P9110034-300x225.jpg 300w, https:\/\/www.fairwinds.at\/1604\/wp-content\/uploads\/2018\/09\/P9110034-768x576.jpg 768w, https:\/\/www.fairwinds.at\/1604\/wp-content\/uploads\/2018\/09\/P9110034.jpg 1024w, https:\/\/www.fairwinds.at\/1604\/wp-content\/uploads\/2018\/09\/P9110034-600x450.jpg 600w\" sizes=\"auto, (max-width: 299px) 100vw, 299px\" \/><\/p>\n<h5><img loading=\"lazy\" decoding=\"async\" class=\" wp-image-859 alignleft\" src=\"https:\/\/www.fairwinds.at\/1604\/wp-content\/uploads\/2018\/06\/Solent-z248-300x225.jpg\" alt=\"\" width=\"297\" height=\"223\" srcset=\"https:\/\/www.fairwinds.at\/1604\/wp-content\/uploads\/2018\/06\/Solent-z248-300x225.jpg 300w, https:\/\/www.fairwinds.at\/1604\/wp-content\/uploads\/2018\/06\/Solent-z248-768x576.jpg 768w, https:\/\/www.fairwinds.at\/1604\/wp-content\/uploads\/2018\/06\/Solent-z248-1024x768.jpg 1024w, https:\/\/www.fairwinds.at\/1604\/wp-content\/uploads\/2018\/06\/Solent-z248-600x450.jpg 600w, https:\/\/www.fairwinds.at\/1604\/wp-content\/uploads\/2018\/06\/Solent-z248.jpg 1440w\" sizes=\"auto, (max-width: 297px) 100vw, 297px\" \/><\/h5>\n<p>&nbsp;<\/p>\n<p style=\"text-align: center;\">Obwohl der Trainingsaspekt sowohl beim RYA Yachtmaster, wie auch bei allen unseren Trainings im Mittelpunkt steht, soll die Zeit an Bord auch Spass machen.<\/p>\n<p style=\"text-align: center;\">Wir gehen in den Trainings auf die individuelle Ausgangssituation der Teilnehmer ein.\u00a0 Unser Ziel ist die gr\u00f6\u00dftm\u00f6gliche seglerische Weiterentwicklung jedes Teilnehmers.<\/p>\n<h3>fairwinds &#8211; Yachtsport Training Center ist ein lizenziertes RYA Training Centre.<\/h3>\n<p>Die <a href=\"https:\/\/www.rya.org.uk\/\">RYA (Royal Yachting Association)<\/a>:<br \/>\nist der nationale Segelverband des Vereinigten K\u00f6nigreichs und eine der renommiertesten Segelorganisationen weltweit. Die RYA ist f\u00fcr die F\u00f6rderung des Segelsports zust\u00e4ndig und bietet eine breite Palette von Kursen, Schulungen und Zertifizierungen f\u00fcr Seglerinnen und Segler aller Erfahrungsstufen an.<\/p>\n<p>Die RYA bietet eine Vielzahl von Kursen an, die von Anf\u00e4ngerkursen bis hin zu fortgeschrittenen Kursen reichen. Diese Kurse umfassen theoretische und praktische Schulungen in den Bereichen Navigation, Seemannschaft, Bootshandhabung, Sicherheit und vielem mehr.<\/p>\n<p>Die Zertifizierungen der RYA sind international anerkannt und dienen als Nachweis f\u00fcr die erworbenen Segelf\u00e4higkeiten und Kenntnisse. Sie k\u00f6nnen f\u00fcr berufliche Zwecke, wie beispielsweise das Arbeiten als Skipper oder Crewmitglied auf Yachten, von Vorteil sein. Sie werden auch von Charterunternehmen oft gefordert, um den Nachweis \u00fcber ausreichende Segelerfahrung und Kenntnisse zu erbringen.<\/p>\n<p>Dar\u00fcber hinaus setzt sich die RYA f\u00fcr die F\u00f6rderung des Segelsports, den Schutz der Gew\u00e4sser und die Sicherheit auf See ein. Sie ist auch an der Entwicklung von Segelrichtlinien und -regeln beteiligt.<\/p>\n<p>Insgesamt ist die RYA eine angesehene Organisation, die eine breite Palette von Segelkursen und Zertifizierungen anbietet und sich f\u00fcr den Segelsport und die Sicherheit auf See engagiert.<\/p>\n<p>&nbsp;<\/p>\n<p>&nbsp;<\/p>\n","protected":false},"excerpt":{"rendered":"<p>Neue Termine: &nbsp; Yachtmaster Theory Course\u00a0 21. \/ 22.11. &amp; 12. \/ 13. 12. 2026\u00a0 Tidenmeilen Kanaren 16. &#8211; 23. 1. 2027 Tides &amp; Streams: Erfahrung, Theorie &amp; Praxis Unser Fokus liegt auf der\u00a0 RYA Yachtmaster-Ausbildung. Wir legen Wert auf individuelle Betreuung der Teilnehmer, weshalb auch die Theorieausbildung nur in kleinen Gruppen stattfindet. Die ausgepr\u00e4gte &hellip; <\/p>\n<p><a class=\"more-link btn\" href=\"https:\/\/www.fairwinds.at\/1604\/\">Weiterlesen<\/a><\/p>\n","protected":false},"author":1,"featured_media":0,"parent":0,"menu_order":1,"comment_status":"closed","ping_status":"closed","template":"","meta":{"footnotes":""},"class_list":["post-2","page","type-page","status-publish","hentry","nodate","item-wrap"],"yoast_head":"<!-- This site is optimized with the Yoast SEO plugin v27.5 - https:\/\/yoast.com\/product\/yoast-seo-wordpress\/ -->\n<title>RYA Yachtmaster - Segeln - Yachtsport Training Center<\/title>\n<meta name=\"description\" content=\"RYA Yachtmaster - Segeln: Ausbildung und Erfahrung sammeln - Meilent\u00f6rns - Channel Crossing - Tidal Training\" \/>\n<meta name=\"robots\" content=\"index, follow, max-snippet:-1, max-image-preview:large, max-video-preview:-1\" \/>\n<link rel=\"canonical\" href=\"https:\/\/www.fairwinds.at\/1604\/\" \/>\n<meta property=\"og:locale\" content=\"de_DE\" \/>\n<meta property=\"og:type\" content=\"article\" \/>\n<meta property=\"og:title\" content=\"RYA Yachtmaster - Segeln - Yachtsport Training Center\" \/>\n<meta property=\"og:description\" content=\"RYA Yachtmaster - Segeln: Ausbildung und Erfahrung sammeln - Meilent\u00f6rns - Channel Crossing - Tidal Training\" \/>\n<meta property=\"og:url\" content=\"https:\/\/www.fairwinds.at\/1604\/\" \/>\n<meta property=\"og:site_name\" content=\"Yachtsport Training Center\" \/>\n<meta property=\"article:publisher\" content=\"http:\/\/www.fairwinds.at\" \/>\n<meta property=\"article:modified_time\" content=\"2026-04-03T09:31:54+00:00\" \/>\n<meta property=\"og:image\" content=\"https:\/\/www.fairwinds.at\/1604\/wp-content\/uploads\/2023\/09\/RYA-Training-Centre-tick-logo1-jpg.webp\" \/>\n\t<meta property=\"og:image:width\" content=\"1216\" \/>\n\t<meta property=\"og:image:height\" content=\"643\" \/>\n\t<meta property=\"og:image:type\" content=\"image\/jpeg\" \/>\n<meta name=\"twitter:card\" content=\"summary_large_image\" \/>\n<meta name=\"twitter:label1\" content=\"Gesch\u00e4tzte Lesezeit\" \/>\n\t<meta name=\"twitter:data1\" content=\"3\u00a0Minuten\" \/>\n<script type=\"application\/ld+json\" class=\"yoast-schema-graph\">{\"@context\":\"https:\\\/\\\/schema.org\",\"@graph\":[{\"@type\":\"WebPage\",\"@id\":\"https:\\\/\\\/www.fairwinds.at\\\/1604\\\/\",\"url\":\"https:\\\/\\\/www.fairwinds.at\\\/1604\\\/\",\"name\":\"RYA Yachtmaster - Segeln - Yachtsport Training Center\",\"isPartOf\":{\"@id\":\"https:\\\/\\\/www.fairwinds.at\\\/1604\\\/#website\"},\"primaryImageOfPage\":{\"@id\":\"https:\\\/\\\/www.fairwinds.at\\\/1604\\\/#primaryimage\"},\"image\":{\"@id\":\"https:\\\/\\\/www.fairwinds.at\\\/1604\\\/#primaryimage\"},\"thumbnailUrl\":\"https:\\\/\\\/www.fairwinds.at\\\/1604\\\/wp-content\\\/uploads\\\/2023\\\/09\\\/RYA-Training-Centre-tick-logo1-300x159.webp\",\"datePublished\":\"2016-04-12T14:25:22+00:00\",\"dateModified\":\"2026-04-03T09:31:54+00:00\",\"description\":\"RYA Yachtmaster - Segeln: Ausbildung und Erfahrung sammeln - Meilent\u00f6rns - Channel Crossing - Tidal Training\",\"breadcrumb\":{\"@id\":\"https:\\\/\\\/www.fairwinds.at\\\/1604\\\/#breadcrumb\"},\"inLanguage\":\"de\",\"potentialAction\":[{\"@type\":\"ReadAction\",\"target\":[\"https:\\\/\\\/www.fairwinds.at\\\/1604\\\/\"]}]},{\"@type\":\"ImageObject\",\"inLanguage\":\"de\",\"@id\":\"https:\\\/\\\/www.fairwinds.at\\\/1604\\\/#primaryimage\",\"url\":\"https:\\\/\\\/www.fairwinds.at\\\/1604\\\/wp-content\\\/uploads\\\/2023\\\/09\\\/RYA-Training-Centre-tick-logo1-300x159.webp\",\"contentUrl\":\"https:\\\/\\\/www.fairwinds.at\\\/1604\\\/wp-content\\\/uploads\\\/2023\\\/09\\\/RYA-Training-Centre-tick-logo1-300x159.webp\"},{\"@type\":\"BreadcrumbList\",\"@id\":\"https:\\\/\\\/www.fairwinds.at\\\/1604\\\/#breadcrumb\",\"itemListElement\":[{\"@type\":\"ListItem\",\"position\":1,\"name\":\"Startseite\",\"item\":\"https:\\\/\\\/www.fairwinds.at\\\/1604\\\/\"},{\"@type\":\"ListItem\",\"position\":2,\"name\":\"fairwinds &#8211; Yachtsport Training Center\"}]},{\"@type\":\"WebSite\",\"@id\":\"https:\\\/\\\/www.fairwinds.at\\\/1604\\\/#website\",\"url\":\"https:\\\/\\\/www.fairwinds.at\\\/1604\\\/\",\"name\":\"Yachtsport Training Center\",\"description\":\"\",\"potentialAction\":[{\"@type\":\"SearchAction\",\"target\":{\"@type\":\"EntryPoint\",\"urlTemplate\":\"https:\\\/\\\/www.fairwinds.at\\\/1604\\\/?s={search_term_string}\"},\"query-input\":{\"@type\":\"PropertyValueSpecification\",\"valueRequired\":true,\"valueName\":\"search_term_string\"}}],\"inLanguage\":\"de\"}]}<\/script>\n<!-- \/ Yoast SEO plugin. -->","yoast_head_json":{"title":"RYA Yachtmaster - Segeln - Yachtsport Training Center","description":"RYA Yachtmaster - Segeln: Ausbildung und Erfahrung sammeln - Meilent\u00f6rns - Channel Crossing - Tidal Training","robots":{"index":"index","follow":"follow","max-snippet":"max-snippet:-1","max-image-preview":"max-image-preview:large","max-video-preview":"max-video-preview:-1"},"canonical":"https:\/\/www.fairwinds.at\/1604\/","og_locale":"de_DE","og_type":"article","og_title":"RYA Yachtmaster - Segeln - Yachtsport Training Center","og_description":"RYA Yachtmaster - Segeln: Ausbildung und Erfahrung sammeln - Meilent\u00f6rns - Channel Crossing - Tidal Training","og_url":"https:\/\/www.fairwinds.at\/1604\/","og_site_name":"Yachtsport Training Center","article_publisher":"http:\/\/www.fairwinds.at","article_modified_time":"2026-04-03T09:31:54+00:00","og_image":[{"width":1216,"height":643,"url":"https:\/\/www.fairwinds.at\/1604\/wp-content\/uploads\/2023\/09\/RYA-Training-Centre-tick-logo1-jpg.webp","type":"image\/jpeg"}],"twitter_card":"summary_large_image","twitter_misc":{"Gesch\u00e4tzte Lesezeit":"3\u00a0Minuten"},"schema":{"@context":"https:\/\/schema.org","@graph":[{"@type":"WebPage","@id":"https:\/\/www.fairwinds.at\/1604\/","url":"https:\/\/www.fairwinds.at\/1604\/","name":"RYA Yachtmaster - Segeln - Yachtsport Training Center","isPartOf":{"@id":"https:\/\/www.fairwinds.at\/1604\/#website"},"primaryImageOfPage":{"@id":"https:\/\/www.fairwinds.at\/1604\/#primaryimage"},"image":{"@id":"https:\/\/www.fairwinds.at\/1604\/#primaryimage"},"thumbnailUrl":"https:\/\/www.fairwinds.at\/1604\/wp-content\/uploads\/2023\/09\/RYA-Training-Centre-tick-logo1-300x159.webp","datePublished":"2016-04-12T14:25:22+00:00","dateModified":"2026-04-03T09:31:54+00:00","description":"RYA Yachtmaster - Segeln: Ausbildung und Erfahrung sammeln - Meilent\u00f6rns - Channel Crossing - Tidal Training","breadcrumb":{"@id":"https:\/\/www.fairwinds.at\/1604\/#breadcrumb"},"inLanguage":"de","potentialAction":[{"@type":"ReadAction","target":["https:\/\/www.fairwinds.at\/1604\/"]}]},{"@type":"ImageObject","inLanguage":"de","@id":"https:\/\/www.fairwinds.at\/1604\/#primaryimage","url":"https:\/\/www.fairwinds.at\/1604\/wp-content\/uploads\/2023\/09\/RYA-Training-Centre-tick-logo1-300x159.webp","contentUrl":"https:\/\/www.fairwinds.at\/1604\/wp-content\/uploads\/2023\/09\/RYA-Training-Centre-tick-logo1-300x159.webp"},{"@type":"BreadcrumbList","@id":"https:\/\/www.fairwinds.at\/1604\/#breadcrumb","itemListElement":[{"@type":"ListItem","position":1,"name":"Startseite","item":"https:\/\/www.fairwinds.at\/1604\/"},{"@type":"ListItem","position":2,"name":"fairwinds &#8211; Yachtsport Training Center"}]},{"@type":"WebSite","@id":"https:\/\/www.fairwinds.at\/1604\/#website","url":"https:\/\/www.fairwinds.at\/1604\/","name":"Yachtsport Training Center","description":"","potentialAction":[{"@type":"SearchAction","target":{"@type":"EntryPoint","urlTemplate":"https:\/\/www.fairwinds.at\/1604\/?s={search_term_string}"},"query-input":{"@type":"PropertyValueSpecification","valueRequired":true,"valueName":"search_term_string"}}],"inLanguage":"de"}]}},"amp_enabled":false,"_links":{"self":[{"href":"https:\/\/www.fairwinds.at\/1604\/wp-json\/wp\/v2\/pages\/2","targetHints":{"allow":["GET"]}}],"collection":[{"href":"https:\/\/www.fairwinds.at\/1604\/wp-json\/wp\/v2\/pages"}],"about":[{"href":"https:\/\/www.fairwinds.at\/1604\/wp-json\/wp\/v2\/types\/page"}],"author":[{"embeddable":true,"href":"https:\/\/www.fairwinds.at\/1604\/wp-json\/wp\/v2\/users\/1"}],"replies":[{"embeddable":true,"href":"https:\/\/www.fairwinds.at\/1604\/wp-json\/wp\/v2\/comments?post=2"}],"version-history":[{"count":202,"href":"https:\/\/www.fairwinds.at\/1604\/wp-json\/wp\/v2\/pages\/2\/revisions"}],"predecessor-version":[{"id":3600,"href":"https:\/\/www.fairwinds.at\/1604\/wp-json\/wp\/v2\/pages\/2\/revisions\/3600"}],"wp:attachment":[{"href":"https:\/\/www.fairwinds.at\/1604\/wp-json\/wp\/v2\/media?parent=2"}],"curies":[{"name":"wp","href":"https:\/\/api.w.org\/{rel}","templated":true}]}}