{"id":1514,"date":"2019-03-13T12:14:28","date_gmt":"2019-03-13T11:14:28","guid":{"rendered":"http:\/\/www.fairwinds.at\/1604\/?page_id=1514"},"modified":"2023-04-06T09:10:56","modified_gmt":"2023-04-06T07:10:56","slug":"rya-yachtmaster-offshore","status":"publish","type":"page","link":"https:\/\/www.fairwinds.at\/1604\/rya-yachtmaster-offshore\/","title":{"rendered":"RYA Yachtmaster Offshore \/ Coastal"},"content":{"rendered":"<h3><span style=\"color: #000080;\" data-wp-editing=\"1\"><img loading=\"lazy\" decoding=\"async\" class=\"wp-image-2752 alignright\" src=\"https:\/\/www.fairwinds.at\/1604\/wp-content\/uploads\/2023\/02\/RYA_RTC_Logo_Final_78ee7d60b3-300x234.jpg\" alt=\"\" width=\"122\" height=\"95\" srcset=\"https:\/\/www.fairwinds.at\/1604\/wp-content\/uploads\/2023\/02\/RYA_RTC_Logo_Final_78ee7d60b3-300x234.jpg 300w, https:\/\/www.fairwinds.at\/1604\/wp-content\/uploads\/2023\/02\/RYA_RTC_Logo_Final_78ee7d60b3.jpg 400w\" sizes=\"auto, (max-width: 122px) 100vw, 122px\" \/>Die RYA Yachtmaster Ausbildung bringt erfahrene Segler auf den neuesten Stand und bereitet sie auf das Segeln in neuen, spannenden Revieren vor.<\/span><\/h3>\n<h4><\/h4>\n<h4>Neue Reviere, neue Erlebnisse &#8211; neue Herausforderungen<\/h4>\n<p><img loading=\"lazy\" decoding=\"async\" class=\"alignright wp-image-2970\" src=\"https:\/\/www.fairwinds.at\/1604\/wp-content\/uploads\/2023\/02\/DSCF0111-300x225.jpg\" alt=\"Guernsey - Tide - RYA Yachtmaster Offshore\" width=\"248\" height=\"186\" srcset=\"https:\/\/www.fairwinds.at\/1604\/wp-content\/uploads\/2023\/02\/DSCF0111-300x225.jpg 300w, https:\/\/www.fairwinds.at\/1604\/wp-content\/uploads\/2023\/02\/DSCF0111-1024x768.jpg 1024w, https:\/\/www.fairwinds.at\/1604\/wp-content\/uploads\/2023\/02\/DSCF0111-768x576.jpg 768w, https:\/\/www.fairwinds.at\/1604\/wp-content\/uploads\/2023\/02\/DSCF0111-1536x1152.jpg 1536w, https:\/\/www.fairwinds.at\/1604\/wp-content\/uploads\/2023\/02\/DSCF0111-2048x1536.jpg 2048w, https:\/\/www.fairwinds.at\/1604\/wp-content\/uploads\/2023\/02\/DSCF0111-847x635.jpg 847w\" sizes=\"auto, (max-width: 248px) 100vw, 248px\" \/>Raus aus der Komfortzone. Es warten so spannende Reviere wie England, Schottland, Frankreich oder \u00fcberhaut der Atlantik.<\/p>\n<p>Was habe all diese gemeinsam? Richtig, alle sind Tidengew\u00e4sser mit beachlichen Str\u00f6mumgen. Es sind Tiden zwischen 4 &#8211; 12 m und Str\u00f6mungen bis zu 9 kn zu erwarten und da muss man vorbereitet sein.<\/p>\n<p>Daher ist es wichtig, dass wir Segler\u00a0 in Tidengew\u00e4ssern \u00fcber spezifische Kenntnisse und Erfahrungen verf\u00fcgen, um die Gezeiten und die damit verbundenen Str\u00f6mungen, Wasserst\u00e4nde und Gefahren einsch\u00e4tzen und navigieren zu k\u00f6nnen. Dazu geh\u00f6rt auch das Verst\u00e4ndnis der Gezeitenstr\u00f6mungen, der Gezeitentabellen und der \u00f6rtlichen Bedingungen, um sicherzustellen, dass das Boot oder Schiff sicher man\u00f6vriert wird.<\/p>\n<p>Die <strong><span style=\"color: #871717;\">RYA Yachtmaster Offshore Ausbildung<\/span> <\/strong>bereitet euch optimal auf diese Herausforderungen vor.<img loading=\"lazy\" decoding=\"async\" class=\"alignright wp-image-2969 size-medium\" src=\"https:\/\/www.fairwinds.at\/1604\/wp-content\/uploads\/2023\/02\/Solent-2022_brandi_IMG-20220708-WA0011-069-300x169.jpg\" alt=\"Str\u00f6mung Portsmouth\" width=\"300\" height=\"169\" srcset=\"https:\/\/www.fairwinds.at\/1604\/wp-content\/uploads\/2023\/02\/Solent-2022_brandi_IMG-20220708-WA0011-069-300x169.jpg 300w, https:\/\/www.fairwinds.at\/1604\/wp-content\/uploads\/2023\/02\/Solent-2022_brandi_IMG-20220708-WA0011-069-1024x576.jpg 1024w, https:\/\/www.fairwinds.at\/1604\/wp-content\/uploads\/2023\/02\/Solent-2022_brandi_IMG-20220708-WA0011-069-768x432.jpg 768w, https:\/\/www.fairwinds.at\/1604\/wp-content\/uploads\/2023\/02\/Solent-2022_brandi_IMG-20220708-WA0011-069-1536x864.jpg 1536w, https:\/\/www.fairwinds.at\/1604\/wp-content\/uploads\/2023\/02\/Solent-2022_brandi_IMG-20220708-WA0011-069-2048x1152.jpg 2048w, https:\/\/www.fairwinds.at\/1604\/wp-content\/uploads\/2023\/02\/Solent-2022_brandi_IMG-20220708-WA0011-069-847x476.jpg 847w\" sizes=\"auto, (max-width: 300px) 100vw, 300px\" \/><\/p>\n<p>Auch die Praxis in Tidengew\u00e4ssern ist wichtig, um die speziellen Bedingungen dieser Gew\u00e4sser zu verstehen und zu beherrschen. Praktische Erfahrung erm\u00f6glicht es einem Skipper, die Auswirkungen von Ebbe und Flut auf die Wasserstr\u00f6mungen und den Wasserstand zu verstehen und zu lernen, wie man diese Bedingungen in seine Navigation und Man\u00f6vrieren integriert.<img loading=\"lazy\" decoding=\"async\" class=\"alignleft wp-image-823 size-medium\" src=\"https:\/\/www.fairwinds.at\/1604\/wp-content\/uploads\/2018\/04\/IMG_20180413_153613_013-300x300.jpg\" alt=\"RYA Exam RYA Yachtmaster Offshore\" width=\"300\" height=\"300\" srcset=\"https:\/\/www.fairwinds.at\/1604\/wp-content\/uploads\/2018\/04\/IMG_20180413_153613_013-300x300.jpg 300w, https:\/\/www.fairwinds.at\/1604\/wp-content\/uploads\/2018\/04\/IMG_20180413_153613_013-100x100.jpg 100w, https:\/\/www.fairwinds.at\/1604\/wp-content\/uploads\/2018\/04\/IMG_20180413_153613_013-600x600.jpg 600w, https:\/\/www.fairwinds.at\/1604\/wp-content\/uploads\/2018\/04\/IMG_20180413_153613_013-150x150.jpg 150w, https:\/\/www.fairwinds.at\/1604\/wp-content\/uploads\/2018\/04\/IMG_20180413_153613_013-768x768.jpg 768w, https:\/\/www.fairwinds.at\/1604\/wp-content\/uploads\/2018\/04\/IMG_20180413_153613_013-1024x1024.jpg 1024w\" sizes=\"auto, (max-width: 300px) 100vw, 300px\" \/><\/p>\n<p>Es war eine Challange, OK.\u00a0 Aber das bestandene Exam zum RYA Yachtmaster Offshore macht stolz und gibt Kraft neue Reviere gut vorbereitet zu erkunden.<\/p>\n<p><a href=\"https:\/\/www.fairwinds.at\/1604\/dein-weg-zum-rya-yachmaster\/\">Dein Weg zum RYA Yachtmaster<\/a><\/p>\n<p><a href=\"https:\/\/www.fairwinds.at\/1604\/rya-trainings-centre\/\">Was ist ein RYA trainings Centre?<\/a><\/p>\n<p><a href=\"https:\/\/www.fairwinds.at\/1604\/rya-yachtmaster-offshore\/termine-rya-yachtmaster-theorie\/\">Termin Theorie<\/a><\/p>\n<p>&nbsp;<\/p>\n","protected":false},"excerpt":{"rendered":"<p>Die RYA Yachtmaster Ausbildung bringt erfahrene Segler auf den neuesten Stand und bereitet sie auf das Segeln in neuen, spannenden Revieren vor. Neue Reviere, neue Erlebnisse &#8211; neue Herausforderungen Raus aus der Komfortzone. Es warten so spannende Reviere wie England, Schottland, Frankreich oder \u00fcberhaut der Atlantik. Was habe all diese gemeinsam? Richtig, alle sind Tidengew\u00e4sser &hellip; <\/p>\n<p><a class=\"more-link btn\" href=\"https:\/\/www.fairwinds.at\/1604\/rya-yachtmaster-offshore\/\">Weiterlesen<\/a><\/p>\n","protected":false},"author":1,"featured_media":0,"parent":0,"menu_order":0,"comment_status":"closed","ping_status":"closed","template":"","meta":{"footnotes":""},"class_list":["post-1514","page","type-page","status-publish","hentry","nodate","item-wrap"],"yoast_head":"<!-- This site is optimized with the Yoast SEO plugin v27.5 - https:\/\/yoast.com\/product\/yoast-seo-wordpress\/ -->\n<title>RYA Yachtmaster Offshore \/ Coastal - Yachtsport Training Center<\/title>\n<meta name=\"description\" content=\"RYA Yachtmaster Offshore ist eine der besten internationalen Ausbildungen im Segelsport. Praxisorientiert.\" \/>\n<meta name=\"robots\" content=\"index, follow, max-snippet:-1, max-image-preview:large, max-video-preview:-1\" \/>\n<link rel=\"canonical\" href=\"https:\/\/www.fairwinds.at\/1604\/rya-yachtmaster-offshore\/\" \/>\n<meta property=\"og:locale\" content=\"de_DE\" \/>\n<meta property=\"og:type\" content=\"article\" \/>\n<meta property=\"og:title\" content=\"RYA Yachtmaster Offshore \/ Coastal - Yachtsport Training Center\" \/>\n<meta property=\"og:description\" content=\"RYA Yachtmaster Offshore ist eine der besten internationalen Ausbildungen im Segelsport. Praxisorientiert.\" \/>\n<meta property=\"og:url\" content=\"https:\/\/www.fairwinds.at\/1604\/rya-yachtmaster-offshore\/\" \/>\n<meta property=\"og:site_name\" content=\"Yachtsport Training Center\" \/>\n<meta property=\"article:publisher\" content=\"http:\/\/www.fairwinds.at\" \/>\n<meta property=\"article:modified_time\" content=\"2023-04-06T07:10:56+00:00\" \/>\n<meta property=\"og:image\" content=\"https:\/\/www.fairwinds.at\/1604\/wp-content\/uploads\/2023\/02\/RYA_RTC_Logo_Final_78ee7d60b3-300x234.jpg\" \/>\n<meta name=\"twitter:card\" content=\"summary_large_image\" \/>\n<meta name=\"twitter:label1\" content=\"Gesch\u00e4tzte Lesezeit\" \/>\n\t<meta name=\"twitter:data1\" content=\"3\u00a0Minuten\" \/>\n<script type=\"application\/ld+json\" class=\"yoast-schema-graph\">{\"@context\":\"https:\\\/\\\/schema.org\",\"@graph\":[{\"@type\":\"WebPage\",\"@id\":\"https:\\\/\\\/www.fairwinds.at\\\/1604\\\/rya-yachtmaster-offshore\\\/\",\"url\":\"https:\\\/\\\/www.fairwinds.at\\\/1604\\\/rya-yachtmaster-offshore\\\/\",\"name\":\"RYA Yachtmaster Offshore \\\/ Coastal - Yachtsport Training Center\",\"isPartOf\":{\"@id\":\"https:\\\/\\\/www.fairwinds.at\\\/1604\\\/#website\"},\"primaryImageOfPage\":{\"@id\":\"https:\\\/\\\/www.fairwinds.at\\\/1604\\\/rya-yachtmaster-offshore\\\/#primaryimage\"},\"image\":{\"@id\":\"https:\\\/\\\/www.fairwinds.at\\\/1604\\\/rya-yachtmaster-offshore\\\/#primaryimage\"},\"thumbnailUrl\":\"https:\\\/\\\/www.fairwinds.at\\\/1604\\\/wp-content\\\/uploads\\\/2023\\\/02\\\/RYA_RTC_Logo_Final_78ee7d60b3-300x234.jpg\",\"datePublished\":\"2019-03-13T11:14:28+00:00\",\"dateModified\":\"2023-04-06T07:10:56+00:00\",\"description\":\"RYA Yachtmaster Offshore ist eine der besten internationalen Ausbildungen im Segelsport. Praxisorientiert.\",\"breadcrumb\":{\"@id\":\"https:\\\/\\\/www.fairwinds.at\\\/1604\\\/rya-yachtmaster-offshore\\\/#breadcrumb\"},\"inLanguage\":\"de\",\"potentialAction\":[{\"@type\":\"ReadAction\",\"target\":[\"https:\\\/\\\/www.fairwinds.at\\\/1604\\\/rya-yachtmaster-offshore\\\/\"]}]},{\"@type\":\"ImageObject\",\"inLanguage\":\"de\",\"@id\":\"https:\\\/\\\/www.fairwinds.at\\\/1604\\\/rya-yachtmaster-offshore\\\/#primaryimage\",\"url\":\"https:\\\/\\\/www.fairwinds.at\\\/1604\\\/wp-content\\\/uploads\\\/2023\\\/02\\\/RYA_RTC_Logo_Final_78ee7d60b3.jpg\",\"contentUrl\":\"https:\\\/\\\/www.fairwinds.at\\\/1604\\\/wp-content\\\/uploads\\\/2023\\\/02\\\/RYA_RTC_Logo_Final_78ee7d60b3.jpg\",\"width\":400,\"height\":312},{\"@type\":\"BreadcrumbList\",\"@id\":\"https:\\\/\\\/www.fairwinds.at\\\/1604\\\/rya-yachtmaster-offshore\\\/#breadcrumb\",\"itemListElement\":[{\"@type\":\"ListItem\",\"position\":1,\"name\":\"Startseite\",\"item\":\"https:\\\/\\\/www.fairwinds.at\\\/1604\\\/\"},{\"@type\":\"ListItem\",\"position\":2,\"name\":\"RYA Yachtmaster Offshore \\\/ Coastal\"}]},{\"@type\":\"WebSite\",\"@id\":\"https:\\\/\\\/www.fairwinds.at\\\/1604\\\/#website\",\"url\":\"https:\\\/\\\/www.fairwinds.at\\\/1604\\\/\",\"name\":\"Yachtsport Training Center\",\"description\":\"\",\"potentialAction\":[{\"@type\":\"SearchAction\",\"target\":{\"@type\":\"EntryPoint\",\"urlTemplate\":\"https:\\\/\\\/www.fairwinds.at\\\/1604\\\/?s={search_term_string}\"},\"query-input\":{\"@type\":\"PropertyValueSpecification\",\"valueRequired\":true,\"valueName\":\"search_term_string\"}}],\"inLanguage\":\"de\"}]}<\/script>\n<!-- \/ Yoast SEO plugin. -->","yoast_head_json":{"title":"RYA Yachtmaster Offshore \/ Coastal - Yachtsport Training Center","description":"RYA Yachtmaster Offshore ist eine der besten internationalen Ausbildungen im Segelsport. Praxisorientiert.","robots":{"index":"index","follow":"follow","max-snippet":"max-snippet:-1","max-image-preview":"max-image-preview:large","max-video-preview":"max-video-preview:-1"},"canonical":"https:\/\/www.fairwinds.at\/1604\/rya-yachtmaster-offshore\/","og_locale":"de_DE","og_type":"article","og_title":"RYA Yachtmaster Offshore \/ Coastal - Yachtsport Training Center","og_description":"RYA Yachtmaster Offshore ist eine der besten internationalen Ausbildungen im Segelsport. Praxisorientiert.","og_url":"https:\/\/www.fairwinds.at\/1604\/rya-yachtmaster-offshore\/","og_site_name":"Yachtsport Training Center","article_publisher":"http:\/\/www.fairwinds.at","article_modified_time":"2023-04-06T07:10:56+00:00","og_image":[{"url":"https:\/\/www.fairwinds.at\/1604\/wp-content\/uploads\/2023\/02\/RYA_RTC_Logo_Final_78ee7d60b3-300x234.jpg","type":"","width":"","height":""}],"twitter_card":"summary_large_image","twitter_misc":{"Gesch\u00e4tzte Lesezeit":"3\u00a0Minuten"},"schema":{"@context":"https:\/\/schema.org","@graph":[{"@type":"WebPage","@id":"https:\/\/www.fairwinds.at\/1604\/rya-yachtmaster-offshore\/","url":"https:\/\/www.fairwinds.at\/1604\/rya-yachtmaster-offshore\/","name":"RYA Yachtmaster Offshore \/ Coastal - Yachtsport Training Center","isPartOf":{"@id":"https:\/\/www.fairwinds.at\/1604\/#website"},"primaryImageOfPage":{"@id":"https:\/\/www.fairwinds.at\/1604\/rya-yachtmaster-offshore\/#primaryimage"},"image":{"@id":"https:\/\/www.fairwinds.at\/1604\/rya-yachtmaster-offshore\/#primaryimage"},"thumbnailUrl":"https:\/\/www.fairwinds.at\/1604\/wp-content\/uploads\/2023\/02\/RYA_RTC_Logo_Final_78ee7d60b3-300x234.jpg","datePublished":"2019-03-13T11:14:28+00:00","dateModified":"2023-04-06T07:10:56+00:00","description":"RYA Yachtmaster Offshore ist eine der besten internationalen Ausbildungen im Segelsport. Praxisorientiert.","breadcrumb":{"@id":"https:\/\/www.fairwinds.at\/1604\/rya-yachtmaster-offshore\/#breadcrumb"},"inLanguage":"de","potentialAction":[{"@type":"ReadAction","target":["https:\/\/www.fairwinds.at\/1604\/rya-yachtmaster-offshore\/"]}]},{"@type":"ImageObject","inLanguage":"de","@id":"https:\/\/www.fairwinds.at\/1604\/rya-yachtmaster-offshore\/#primaryimage","url":"https:\/\/www.fairwinds.at\/1604\/wp-content\/uploads\/2023\/02\/RYA_RTC_Logo_Final_78ee7d60b3.jpg","contentUrl":"https:\/\/www.fairwinds.at\/1604\/wp-content\/uploads\/2023\/02\/RYA_RTC_Logo_Final_78ee7d60b3.jpg","width":400,"height":312},{"@type":"BreadcrumbList","@id":"https:\/\/www.fairwinds.at\/1604\/rya-yachtmaster-offshore\/#breadcrumb","itemListElement":[{"@type":"ListItem","position":1,"name":"Startseite","item":"https:\/\/www.fairwinds.at\/1604\/"},{"@type":"ListItem","position":2,"name":"RYA Yachtmaster Offshore \/ Coastal"}]},{"@type":"WebSite","@id":"https:\/\/www.fairwinds.at\/1604\/#website","url":"https:\/\/www.fairwinds.at\/1604\/","name":"Yachtsport Training Center","description":"","potentialAction":[{"@type":"SearchAction","target":{"@type":"EntryPoint","urlTemplate":"https:\/\/www.fairwinds.at\/1604\/?s={search_term_string}"},"query-input":{"@type":"PropertyValueSpecification","valueRequired":true,"valueName":"search_term_string"}}],"inLanguage":"de"}]}},"amp_enabled":true,"_links":{"self":[{"href":"https:\/\/www.fairwinds.at\/1604\/wp-json\/wp\/v2\/pages\/1514","targetHints":{"allow":["GET"]}}],"collection":[{"href":"https:\/\/www.fairwinds.at\/1604\/wp-json\/wp\/v2\/pages"}],"about":[{"href":"https:\/\/www.fairwinds.at\/1604\/wp-json\/wp\/v2\/types\/page"}],"author":[{"embeddable":true,"href":"https:\/\/www.fairwinds.at\/1604\/wp-json\/wp\/v2\/users\/1"}],"replies":[{"embeddable":true,"href":"https:\/\/www.fairwinds.at\/1604\/wp-json\/wp\/v2\/comments?post=1514"}],"version-history":[{"count":33,"href":"https:\/\/www.fairwinds.at\/1604\/wp-json\/wp\/v2\/pages\/1514\/revisions"}],"predecessor-version":[{"id":3129,"href":"https:\/\/www.fairwinds.at\/1604\/wp-json\/wp\/v2\/pages\/1514\/revisions\/3129"}],"wp:attachment":[{"href":"https:\/\/www.fairwinds.at\/1604\/wp-json\/wp\/v2\/media?parent=1514"}],"curies":[{"name":"wp","href":"https:\/\/api.w.org\/{rel}","templated":true}]}}